{"id":9475,"date":"2020-12-17T17:57:34","date_gmt":"2020-12-17T15:57:34","guid":{"rendered":"https:\/\/www.anaquda.de\/?page_id=9475"},"modified":"2020-12-18T10:28:25","modified_gmt":"2020-12-18T08:28:25","slug":"keep-smiling-tee-shirt","status":"publish","type":"page","link":"https:\/\/www.anaquda.de\/fr\/keep-smiling-tee-shirt\/","title":{"rendered":"Keep Smiling Tee-Shirt"},"content":{"rendered":"\t\t<div data-elementor-type=\"wp-page\" data-elementor-id=\"9475\" class=\"elementor elementor-9475 elementor-9446\" data-elementor-post-type=\"page\">\n\t\t\t\t\t\t<section class=\"elementor-section elementor-top-section elementor-element elementor-element-a9d9fee elementor-section-boxed elementor-section-height-default elementor-section-height-default\" data-id=\"a9d9fee\" data-element_type=\"section\" data-e-type=\"section\" data-settings=\"{&quot;jet_parallax_layout_list&quot;:[{&quot;_id&quot;:&quot;577295b&quot;,&quot;jet_parallax_layout_image&quot;:{&quot;url&quot;:&quot;&quot;,&quot;id&quot;:&quot;&quot;,&quot;size&quot;:&quot;&quot;},&quot;jet_parallax_layout_image_tablet&quot;:{&quot;url&quot;:&quot;&quot;,&quot;id&quot;:&quot;&quot;,&quot;size&quot;:&quot;&quot;},&quot;jet_parallax_layout_image_mobile&quot;:{&quot;url&quot;:&quot;&quot;,&quot;id&quot;:&quot;&quot;,&quot;size&quot;:&quot;&quot;},&quot;jet_parallax_layout_speed&quot;:{&quot;unit&quot;:&quot;%&quot;,&quot;size&quot;:50,&quot;sizes&quot;:[]},&quot;jet_parallax_layout_type&quot;:&quot;scroll&quot;,&quot;jet_parallax_layout_direction&quot;:&quot;1&quot;,&quot;jet_parallax_layout_fx_direction&quot;:null,&quot;jet_parallax_layout_z_index&quot;:&quot;&quot;,&quot;jet_parallax_layout_bg_x&quot;:50,&quot;jet_parallax_layout_bg_x_tablet&quot;:&quot;&quot;,&quot;jet_parallax_layout_bg_x_mobile&quot;:&quot;&quot;,&quot;jet_parallax_layout_bg_y&quot;:50,&quot;jet_parallax_layout_bg_y_tablet&quot;:&quot;&quot;,&quot;jet_parallax_layout_bg_y_mobile&quot;:&quot;&quot;,&quot;jet_parallax_layout_bg_size&quot;:&quot;auto&quot;,&quot;jet_parallax_layout_bg_size_tablet&quot;:&quot;&quot;,&quot;jet_parallax_layout_bg_size_mobile&quot;:&quot;&quot;,&quot;jet_parallax_layout_animation_prop&quot;:&quot;transform&quot;,&quot;jet_parallax_layout_on&quot;:[&quot;desktop&quot;,&quot;tablet&quot;]}]}\">\n\t\t\t\t\t\t<div class=\"elementor-container elementor-column-gap-default\">\n\t\t\t\t\t<div class=\"elementor-column elementor-col-50 elementor-top-column elementor-element elementor-element-c3cc9bf\" data-id=\"c3cc9bf\" data-element_type=\"column\" data-e-type=\"column\">\n\t\t\t<div class=\"elementor-widget-wrap elementor-element-populated\">\n\t\t\t\t\t\t<div class=\"elementor-element elementor-element-a1dcb1f elementor-invisible elementor-widget elementor-widget-image\" data-id=\"a1dcb1f\" data-element_type=\"widget\" data-e-type=\"widget\" data-settings=\"{&quot;_animation&quot;:&quot;fadeInLeft&quot;,&quot;_animation_delay&quot;:200}\" data-widget_type=\"image.default\">\n\t\t\t\t<div class=\"elementor-widget-container\">\n\t\t\t\t\t\t\t\t\t\t\t\t\t\t\t\t<a href=\"https:\/\/www.anaquda.de\/wp-content\/uploads\/2020\/12\/1.jpg\" data-elementor-open-lightbox=\"yes\" data-elementor-lightbox-title=\"1\" data-e-action-hash=\"#elementor-action%3Aaction%3Dlightbox%26settings%3DeyJpZCI6OTQ1MCwidXJsIjoiaHR0cHM6XC9cL3d3dy5hbmFxdWRhLmRlXC93cC1jb250ZW50XC91cGxvYWRzXC8yMDIwXC8xMlwvMS5qcGcifQ%3D%3D\">\n\t\t\t\t\t\t\t<img fetchpriority=\"high\" decoding=\"async\" width=\"997\" height=\"1000\" src=\"https:\/\/www.anaquda.de\/wp-content\/uploads\/2020\/12\/1.jpg\" class=\"attachment-full size-full wp-image-9450\" alt=\"\" srcset=\"https:\/\/www.anaquda.de\/wp-content\/uploads\/2020\/12\/1.jpg 997w, https:\/\/www.anaquda.de\/wp-content\/uploads\/2020\/12\/1-300x300.jpg 300w, https:\/\/www.anaquda.de\/wp-content\/uploads\/2020\/12\/1-150x150.jpg 150w, https:\/\/www.anaquda.de\/wp-content\/uploads\/2020\/12\/1-768x770.jpg 768w\" sizes=\"(max-width: 997px) 100vw, 997px\" \/>\t\t\t\t\t\t\t\t<\/a>\n\t\t\t\t\t\t\t\t\t\t\t\t\t\t\t<\/div>\n\t\t\t\t<\/div>\n\t\t\t\t\t<\/div>\n\t\t<\/div>\n\t\t\t\t<div class=\"elementor-column elementor-col-50 elementor-top-column elementor-element elementor-element-e19996a\" data-id=\"e19996a\" data-element_type=\"column\" data-e-type=\"column\">\n\t\t\t<div class=\"elementor-widget-wrap elementor-element-populated\">\n\t\t\t\t\t\t<div class=\"elementor-element elementor-element-43b3b98 elementor-widget elementor-widget-heading\" data-id=\"43b3b98\" data-element_type=\"widget\" data-e-type=\"widget\" data-widget_type=\"heading.default\">\n\t\t\t\t<div class=\"elementor-widget-container\">\n\t\t\t\t\t<h2 class=\"elementor-heading-title elementor-size-default\">Drop shoulders<\/h2>\t\t\t\t<\/div>\n\t\t\t\t<\/div>\n\t\t\t\t<div class=\"elementor-element elementor-element-079f7c5 elementor-widget elementor-widget-jet-headline\" data-id=\"079f7c5\" data-element_type=\"widget\" data-e-type=\"widget\" data-widget_type=\"jet-headline.default\">\n\t\t\t\t<div class=\"elementor-widget-container\">\n\t\t\t\t\t<span class=\"jet-headline jet-headline--direction-horizontal\"><span class=\"jet-headline__part jet-headline__first\"><span class=\"jet-headline__label\">Keep Smiling<\/span><\/span><span class=\"jet-headline__space\">&nbsp;<\/span><span class=\"jet-headline__part jet-headline__second\"><span class=\"jet-headline__label\">Oversized T-Shirt<\/span><\/span><\/span>\t\t\t\t<\/div>\n\t\t\t\t<\/div>\n\t\t\t\t<div class=\"elementor-element elementor-element-111c3c2 elementor-widget-divider--view-line elementor-invisible elementor-widget elementor-widget-divider\" data-id=\"111c3c2\" data-element_type=\"widget\" data-e-type=\"widget\" data-settings=\"{&quot;_animation&quot;:&quot;fadeInRight&quot;,&quot;_animation_delay&quot;:200}\" data-widget_type=\"divider.default\">\n\t\t\t\t<div class=\"elementor-widget-container\">\n\t\t\t\t\t\t\t<div class=\"elementor-divider\">\n\t\t\t<span class=\"elementor-divider-separator\">\n\t\t\t\t\t\t<\/span>\n\t\t<\/div>\n\t\t\t\t\t\t<\/div>\n\t\t\t\t<\/div>\n\t\t\t\t<div class=\"elementor-element elementor-element-fd352a3 elementor-widget elementor-widget-text-editor\" data-id=\"fd352a3\" data-element_type=\"widget\" data-e-type=\"widget\" data-widget_type=\"text-editor.default\">\n\t\t\t\t<div class=\"elementor-widget-container\">\n\t\t\t\t\t\t\t\t\t<p>Le t-shirt \u00ab\u00a0Keep Smiling\u00a0\u00bb est un mod\u00e8le oversized avec des manches \u00e0 \u00e9paules tombantes. L&rsquo;ann\u00e9e 2020 a \u00e9t\u00e9 difficile, alors mettons un sourire sur ce visage \ud83d\ude0a<\/p>\t\t\t\t\t\t\t\t<\/div>\n\t\t\t\t<\/div>\n\t\t\t\t<div class=\"elementor-element elementor-element-ffb6a18 elementor-widget elementor-widget-text-editor\" data-id=\"ffb6a18\" data-element_type=\"widget\" data-e-type=\"widget\" data-widget_type=\"text-editor.default\">\n\t\t\t\t<div class=\"elementor-widget-container\">\n\t\t\t\t\t\t\t\t\t<div style=\"box-sizing: inherit; margin: 0px -0.9375rem; padding: 0px; max-width: 75rem; display: flex; flex-flow: row wrap; color: #0a0a0a; font-family: 'Roboto Condensed', Helvetica; font-weight: 400; letter-spacing: normal;\"><div style=\"box-sizing: inherit; margin: 0px; padding: 0px 0.9375rem; flex: 0 0 100%; min-width: initial; max-width: 100%;\"><div style=\"box-sizing: inherit; margin: 0px; padding: 0px;\"><h1 style=\"box-sizing: inherit; margin-top: 0px; margin-bottom: 0px; padding: 0px;\"><span style=\"font-size: 42px; font-weight: bolder;\">29,90 \u20ac<\/span><\/h1><\/div><\/div><\/div>\t\t\t\t\t\t\t\t<\/div>\n\t\t\t\t<\/div>\n\t\t\t\t<div class=\"elementor-element elementor-element-e49a006 elementor-align-left elementor-widget elementor-widget-button\" data-id=\"e49a006\" data-element_type=\"widget\" data-e-type=\"widget\" data-widget_type=\"button.default\">\n\t\t\t\t<div class=\"elementor-widget-container\">\n\t\t\t\t\t\t\t\t\t<div class=\"elementor-button-wrapper\">\n\t\t\t\t\t<a class=\"elementor-button elementor-button-link elementor-size-sm\" href=\"http:\/\/bit.ly\/37uOUgz\" target=\"_blank\" rel=\"noopener\">\n\t\t\t\t\t\t<span class=\"elementor-button-content-wrapper\">\n\t\t\t\t\t\t<span class=\"elementor-button-icon\">\n\t\t\t\t<i aria-hidden=\"true\" class=\"fas fa-cart-arrow-down\"><\/i>\t\t\t<\/span>\n\t\t\t\t\t\t\t\t\t<span class=\"elementor-button-text\">ACHETER<\/span>\n\t\t\t\t\t<\/span>\n\t\t\t\t\t<\/a>\n\t\t\t\t<\/div>\n\t\t\t\t\t\t\t\t<\/div>\n\t\t\t\t<\/div>\n\t\t\t\t\t<\/div>\n\t\t<\/div>\n\t\t\t\t\t<\/div>\n\t\t<\/section>\n\t\t\t\t<section class=\"elementor-section elementor-top-section elementor-element elementor-element-56a9a95 elementor-reverse-mobile elementor-section-boxed elementor-section-height-default elementor-section-height-default\" data-id=\"56a9a95\" data-element_type=\"section\" data-e-type=\"section\" data-settings=\"{&quot;jet_parallax_layout_list&quot;:[{&quot;_id&quot;:&quot;2a6e873&quot;,&quot;jet_parallax_layout_image&quot;:{&quot;url&quot;:&quot;&quot;,&quot;id&quot;:&quot;&quot;,&quot;size&quot;:&quot;&quot;},&quot;jet_parallax_layout_image_tablet&quot;:{&quot;url&quot;:&quot;&quot;,&quot;id&quot;:&quot;&quot;,&quot;size&quot;:&quot;&quot;},&quot;jet_parallax_layout_image_mobile&quot;:{&quot;url&quot;:&quot;&quot;,&quot;id&quot;:&quot;&quot;,&quot;size&quot;:&quot;&quot;},&quot;jet_parallax_layout_speed&quot;:{&quot;unit&quot;:&quot;%&quot;,&quot;size&quot;:50,&quot;sizes&quot;:[]},&quot;jet_parallax_layout_type&quot;:&quot;scroll&quot;,&quot;jet_parallax_layout_direction&quot;:&quot;1&quot;,&quot;jet_parallax_layout_fx_direction&quot;:null,&quot;jet_parallax_layout_z_index&quot;:&quot;&quot;,&quot;jet_parallax_layout_bg_x&quot;:50,&quot;jet_parallax_layout_bg_x_tablet&quot;:&quot;&quot;,&quot;jet_parallax_layout_bg_x_mobile&quot;:&quot;&quot;,&quot;jet_parallax_layout_bg_y&quot;:50,&quot;jet_parallax_layout_bg_y_tablet&quot;:&quot;&quot;,&quot;jet_parallax_layout_bg_y_mobile&quot;:&quot;&quot;,&quot;jet_parallax_layout_bg_size&quot;:&quot;auto&quot;,&quot;jet_parallax_layout_bg_size_tablet&quot;:&quot;&quot;,&quot;jet_parallax_layout_bg_size_mobile&quot;:&quot;&quot;,&quot;jet_parallax_layout_animation_prop&quot;:&quot;transform&quot;,&quot;jet_parallax_layout_on&quot;:[&quot;desktop&quot;,&quot;tablet&quot;]}]}\">\n\t\t\t\t\t\t<div class=\"elementor-container elementor-column-gap-default\">\n\t\t\t\t\t<div class=\"elementor-column elementor-col-50 elementor-top-column elementor-element elementor-element-d36bfa9\" data-id=\"d36bfa9\" data-element_type=\"column\" data-e-type=\"column\">\n\t\t\t<div class=\"elementor-widget-wrap elementor-element-populated\">\n\t\t\t\t\t\t<div class=\"elementor-element elementor-element-2c25e3d elementor-widget elementor-widget-heading\" data-id=\"2c25e3d\" data-element_type=\"widget\" data-e-type=\"widget\" data-widget_type=\"heading.default\">\n\t\t\t\t<div class=\"elementor-widget-container\">\n\t\t\t\t\t<h2 class=\"elementor-heading-title elementor-size-default\">\u00e0 propos du tee-shirt<\/h2>\t\t\t\t<\/div>\n\t\t\t\t<\/div>\n\t\t\t\t<div class=\"elementor-element elementor-element-ee480e6 elementor-widget elementor-widget-jet-headline\" data-id=\"ee480e6\" data-element_type=\"widget\" data-e-type=\"widget\" data-widget_type=\"jet-headline.default\">\n\t\t\t\t<div class=\"elementor-widget-container\">\n\t\t\t\t\t<span class=\"jet-headline jet-headline--direction-horizontal\"><span class=\"jet-headline__part jet-headline__second\"><span class=\"jet-headline__label\">D\u00e9tails<\/span><\/span><\/span>\t\t\t\t<\/div>\n\t\t\t\t<\/div>\n\t\t\t\t<div class=\"elementor-element elementor-element-b6a77c7 elementor-widget-divider--view-line elementor-invisible elementor-widget elementor-widget-divider\" data-id=\"b6a77c7\" data-element_type=\"widget\" data-e-type=\"widget\" data-settings=\"{&quot;_animation&quot;:&quot;fadeInLeft&quot;}\" data-widget_type=\"divider.default\">\n\t\t\t\t<div class=\"elementor-widget-container\">\n\t\t\t\t\t\t\t<div class=\"elementor-divider\">\n\t\t\t<span class=\"elementor-divider-separator\">\n\t\t\t\t\t\t<\/span>\n\t\t<\/div>\n\t\t\t\t\t\t<\/div>\n\t\t\t\t<\/div>\n\t\t\t\t<div class=\"elementor-element elementor-element-5cd534a elementor-widget elementor-widget-text-editor\" data-id=\"5cd534a\" data-element_type=\"widget\" data-e-type=\"widget\" data-widget_type=\"text-editor.default\">\n\t\t\t\t<div class=\"elementor-widget-container\">\n\t\t\t\t\t\t\t\t\t<p><span style=\"box-sizing: inherit; font-weight: bold; font-size: 16px; line-height: inherit; color: #0a0a0a; font-family: 'Roboto Condensed', Helvetica; letter-spacing: normal;\"><span style=\"box-sizing: inherit; line-height: inherit;\"><span style=\"box-sizing: inherit; line-height: inherit;\"><span style=\"box-sizing: inherit; line-height: inherit;\"><span style=\"box-sizing: inherit; line-height: inherit;\"><span style=\"color: #0c0c0c; font-family: Oswald, sans-serif; letter-spacing: -0.2px;\">\u2022 Mat\u00e9riau :<\/span><span style=\"color: #0c0c0c; font-family: Oswald, sans-serif; font-weight: 400; letter-spacing: -0.2px;\"> 180 GSM cotton<br \/><\/span><span style=\"color: #0c0c0c; font-family: Oswald, sans-serif; letter-spacing: -0.2px;\">\u2022 Couleur :<\/span><span style=\"color: #0c0c0c; font-family: Oswald, sans-serif; font-weight: 400; letter-spacing: -0.2px;\"> cotton blanc avec imprim\u00e9 noir et jaune<\/span><br style=\"color: #0c0c0c; font-family: Oswald, sans-serif; font-weight: 400; letter-spacing: -0.2px;\" \/><span style=\"color: #0c0c0c; font-family: Oswald, sans-serif; letter-spacing: -0.2px;\">\u2022 Tailles : <\/span><span style=\"color: #0c0c0c; font-family: Oswald, sans-serif; font-weight: 400; letter-spacing: -0.2px;\">XS, S, M, L et XL<\/span><br style=\"color: #0c0c0c; font-family: Oswald, sans-serif; font-weight: 400; letter-spacing: -0.2px;\" \/><span style=\"color: #0c0c0c; font-family: Oswald, sans-serif; letter-spacing: -0.2px;\">\u2022 Le mod\u00e8le mesure 1.75m et porte la taille M<\/span><span style=\"color: #0c0c0c; font-family: Oswald, sans-serif; font-weight: 400; letter-spacing: -0.2px;\"><br \/><\/span><\/span><\/span><\/span><\/span><\/span><\/p>\t\t\t\t\t\t\t\t<\/div>\n\t\t\t\t<\/div>\n\t\t\t\t\t<\/div>\n\t\t<\/div>\n\t\t\t\t<div class=\"elementor-column elementor-col-50 elementor-top-column elementor-element elementor-element-06a57a2\" data-id=\"06a57a2\" data-element_type=\"column\" data-e-type=\"column\">\n\t\t\t<div class=\"elementor-widget-wrap elementor-element-populated\">\n\t\t\t\t\t\t<div class=\"elementor-element elementor-element-00038bf elementor-invisible elementor-widget elementor-widget-image\" data-id=\"00038bf\" data-element_type=\"widget\" data-e-type=\"widget\" data-settings=\"{&quot;_animation&quot;:&quot;fadeInRight&quot;}\" data-widget_type=\"image.default\">\n\t\t\t\t<div class=\"elementor-widget-container\">\n\t\t\t\t\t\t\t\t\t\t\t\t\t\t\t\t<a href=\"https:\/\/www.anaquda.de\/wp-content\/uploads\/2020\/12\/2.jpg\" data-elementor-open-lightbox=\"yes\" data-elementor-lightbox-title=\"2\" data-e-action-hash=\"#elementor-action%3Aaction%3Dlightbox%26settings%3DeyJpZCI6OTQ1MywidXJsIjoiaHR0cHM6XC9cL3d3dy5hbmFxdWRhLmRlXC93cC1jb250ZW50XC91cGxvYWRzXC8yMDIwXC8xMlwvMi5qcGcifQ%3D%3D\">\n\t\t\t\t\t\t\t<img decoding=\"async\" width=\"1000\" height=\"999\" src=\"https:\/\/www.anaquda.de\/wp-content\/uploads\/2020\/12\/2.jpg\" class=\"attachment-full size-full wp-image-9453\" alt=\"\" srcset=\"https:\/\/www.anaquda.de\/wp-content\/uploads\/2020\/12\/2.jpg 1000w, https:\/\/www.anaquda.de\/wp-content\/uploads\/2020\/12\/2-300x300.jpg 300w, https:\/\/www.anaquda.de\/wp-content\/uploads\/2020\/12\/2-150x150.jpg 150w, https:\/\/www.anaquda.de\/wp-content\/uploads\/2020\/12\/2-768x767.jpg 768w\" sizes=\"(max-width: 1000px) 100vw, 1000px\" \/>\t\t\t\t\t\t\t\t<\/a>\n\t\t\t\t\t\t\t\t\t\t\t\t\t\t\t<\/div>\n\t\t\t\t<\/div>\n\t\t\t\t<div class=\"elementor-element elementor-element-e157e54 elementor-widget elementor-widget-heading\" data-id=\"e157e54\" data-element_type=\"widget\" data-e-type=\"widget\" data-widget_type=\"heading.default\">\n\t\t\t\t<div class=\"elementor-widget-container\">\n\t\t\t\t\t<h2 class=\"elementor-heading-title elementor-size-default\">specs<\/h2>\t\t\t\t<\/div>\n\t\t\t\t<\/div>\n\t\t\t\t\t<\/div>\n\t\t<\/div>\n\t\t\t\t\t<\/div>\n\t\t<\/section>\n\t\t\t\t<section class=\"elementor-section elementor-top-section elementor-element elementor-element-9d48052 elementor-section-boxed elementor-section-height-default elementor-section-height-default\" data-id=\"9d48052\" data-element_type=\"section\" data-e-type=\"section\" data-settings=\"{&quot;jet_parallax_layout_list&quot;:[{&quot;jet_parallax_layout_image&quot;:{&quot;url&quot;:&quot;&quot;,&quot;id&quot;:&quot;&quot;,&quot;size&quot;:&quot;&quot;},&quot;_id&quot;:&quot;05dfc2c&quot;,&quot;jet_parallax_layout_image_tablet&quot;:{&quot;url&quot;:&quot;&quot;,&quot;id&quot;:&quot;&quot;,&quot;size&quot;:&quot;&quot;},&quot;jet_parallax_layout_image_mobile&quot;:{&quot;url&quot;:&quot;&quot;,&quot;id&quot;:&quot;&quot;,&quot;size&quot;:&quot;&quot;},&quot;jet_parallax_layout_speed&quot;:{&quot;unit&quot;:&quot;%&quot;,&quot;size&quot;:50,&quot;sizes&quot;:[]},&quot;jet_parallax_layout_type&quot;:&quot;scroll&quot;,&quot;jet_parallax_layout_direction&quot;:&quot;1&quot;,&quot;jet_parallax_layout_fx_direction&quot;:null,&quot;jet_parallax_layout_z_index&quot;:&quot;&quot;,&quot;jet_parallax_layout_bg_x&quot;:50,&quot;jet_parallax_layout_bg_x_tablet&quot;:&quot;&quot;,&quot;jet_parallax_layout_bg_x_mobile&quot;:&quot;&quot;,&quot;jet_parallax_layout_bg_y&quot;:50,&quot;jet_parallax_layout_bg_y_tablet&quot;:&quot;&quot;,&quot;jet_parallax_layout_bg_y_mobile&quot;:&quot;&quot;,&quot;jet_parallax_layout_bg_size&quot;:&quot;auto&quot;,&quot;jet_parallax_layout_bg_size_tablet&quot;:&quot;&quot;,&quot;jet_parallax_layout_bg_size_mobile&quot;:&quot;&quot;,&quot;jet_parallax_layout_animation_prop&quot;:&quot;transform&quot;,&quot;jet_parallax_layout_on&quot;:[&quot;desktop&quot;,&quot;tablet&quot;]}]}\">\n\t\t\t\t\t\t<div class=\"elementor-container elementor-column-gap-default\">\n\t\t\t\t\t<div class=\"elementor-column elementor-col-100 elementor-top-column elementor-element elementor-element-3bf7207\" data-id=\"3bf7207\" data-element_type=\"column\" data-e-type=\"column\">\n\t\t\t<div class=\"elementor-widget-wrap elementor-element-populated\">\n\t\t\t\t\t\t<div class=\"elementor-element elementor-element-1321442 elementor-widget elementor-widget-video\" data-id=\"1321442\" data-element_type=\"widget\" data-e-type=\"widget\" data-settings=\"{&quot;youtube_url&quot;:&quot;https:\\\/\\\/youtu.be\\\/4aZggxLm4yg&quot;,&quot;video_type&quot;:&quot;youtube&quot;,&quot;controls&quot;:&quot;yes&quot;}\" data-widget_type=\"video.default\">\n\t\t\t\t<div class=\"elementor-widget-container\">\n\t\t\t\t\t\t\t<div class=\"elementor-wrapper elementor-open-inline\">\n\t\t\t<div class=\"elementor-video\"><\/div>\t\t<\/div>\n\t\t\t\t\t\t<\/div>\n\t\t\t\t<\/div>\n\t\t\t\t\t<\/div>\n\t\t<\/div>\n\t\t\t\t\t<\/div>\n\t\t<\/section>\n\t\t\t\t<\/div>\n\t\t","protected":false},"excerpt":{"rendered":"<p>Drop shoulders Keep Smiling&nbsp;Oversized T-Shirt Le t-shirt \u00ab\u00a0Keep Smiling\u00a0\u00bb est un mod\u00e8le oversized avec des manches \u00e0 \u00e9paules tombantes. L&rsquo;ann\u00e9e 2020 a \u00e9t\u00e9 difficile, alors mettons un sourire sur ce visage &#x1f60a; 29,90 \u20ac ACHETER \u00e0 propos du tee-shirt D\u00e9tails \u2022 Mat\u00e9riau : 180 GSM cotton\u2022 Couleur : cotton blanc avec imprim\u00e9 noir et jaune\u2022 [&hellip;]<\/p>\n","protected":false},"author":20,"featured_media":0,"parent":0,"menu_order":0,"comment_status":"closed","ping_status":"closed","template":"elementor_header_footer","meta":{"footnotes":""},"class_list":["post-9475","page","type-page","status-publish","hentry"],"_links":{"self":[{"href":"https:\/\/www.anaquda.de\/fr\/wp-json\/wp\/v2\/pages\/9475","targetHints":{"allow":["GET"]}}],"collection":[{"href":"https:\/\/www.anaquda.de\/fr\/wp-json\/wp\/v2\/pages"}],"about":[{"href":"https:\/\/www.anaquda.de\/fr\/wp-json\/wp\/v2\/types\/page"}],"author":[{"embeddable":true,"href":"https:\/\/www.anaquda.de\/fr\/wp-json\/wp\/v2\/users\/20"}],"replies":[{"embeddable":true,"href":"https:\/\/www.anaquda.de\/fr\/wp-json\/wp\/v2\/comments?post=9475"}],"version-history":[{"count":4,"href":"https:\/\/www.anaquda.de\/fr\/wp-json\/wp\/v2\/pages\/9475\/revisions"}],"predecessor-version":[{"id":9504,"href":"https:\/\/www.anaquda.de\/fr\/wp-json\/wp\/v2\/pages\/9475\/revisions\/9504"}],"wp:attachment":[{"href":"https:\/\/www.anaquda.de\/fr\/wp-json\/wp\/v2\/media?parent=9475"}],"curies":[{"name":"wp","href":"https:\/\/api.w.org\/{rel}","templated":true}]}}