{"id":8968,"date":"2020-11-04T11:31:36","date_gmt":"2020-11-04T09:31:36","guid":{"rendered":"https:\/\/www.anaquda.de\/?page_id=8968"},"modified":"2020-11-05T11:08:42","modified_gmt":"2020-11-05T09:08:42","slug":"grips","status":"publish","type":"page","link":"https:\/\/www.anaquda.de\/fr\/grips\/","title":{"rendered":"Grips"},"content":{"rendered":"\t\t<div data-elementor-type=\"wp-page\" data-elementor-id=\"8968\" class=\"elementor elementor-8968 elementor-8954\" data-elementor-post-type=\"page\">\n\t\t\t\t\t\t<section class=\"elementor-section elementor-top-section elementor-element elementor-element-b6d0668 elementor-section-boxed elementor-section-height-default elementor-section-height-default\" data-id=\"b6d0668\" data-element_type=\"section\" data-e-type=\"section\" data-settings=\"{&quot;jet_parallax_layout_list&quot;:[{&quot;_id&quot;:&quot;577295b&quot;,&quot;jet_parallax_layout_image&quot;:{&quot;url&quot;:&quot;&quot;,&quot;id&quot;:&quot;&quot;,&quot;size&quot;:&quot;&quot;},&quot;jet_parallax_layout_image_tablet&quot;:{&quot;url&quot;:&quot;&quot;,&quot;id&quot;:&quot;&quot;,&quot;size&quot;:&quot;&quot;},&quot;jet_parallax_layout_image_mobile&quot;:{&quot;url&quot;:&quot;&quot;,&quot;id&quot;:&quot;&quot;,&quot;size&quot;:&quot;&quot;},&quot;jet_parallax_layout_speed&quot;:{&quot;unit&quot;:&quot;%&quot;,&quot;size&quot;:50,&quot;sizes&quot;:[]},&quot;jet_parallax_layout_type&quot;:&quot;scroll&quot;,&quot;jet_parallax_layout_direction&quot;:&quot;1&quot;,&quot;jet_parallax_layout_fx_direction&quot;:null,&quot;jet_parallax_layout_z_index&quot;:&quot;&quot;,&quot;jet_parallax_layout_bg_x&quot;:50,&quot;jet_parallax_layout_bg_x_tablet&quot;:&quot;&quot;,&quot;jet_parallax_layout_bg_x_mobile&quot;:&quot;&quot;,&quot;jet_parallax_layout_bg_y&quot;:50,&quot;jet_parallax_layout_bg_y_tablet&quot;:&quot;&quot;,&quot;jet_parallax_layout_bg_y_mobile&quot;:&quot;&quot;,&quot;jet_parallax_layout_bg_size&quot;:&quot;auto&quot;,&quot;jet_parallax_layout_bg_size_tablet&quot;:&quot;&quot;,&quot;jet_parallax_layout_bg_size_mobile&quot;:&quot;&quot;,&quot;jet_parallax_layout_animation_prop&quot;:&quot;transform&quot;,&quot;jet_parallax_layout_on&quot;:[&quot;desktop&quot;,&quot;tablet&quot;]}]}\">\n\t\t\t\t\t\t<div class=\"elementor-container elementor-column-gap-default\">\n\t\t\t\t\t<div class=\"elementor-column elementor-col-50 elementor-top-column elementor-element elementor-element-bef3e22\" data-id=\"bef3e22\" data-element_type=\"column\" data-e-type=\"column\">\n\t\t\t<div class=\"elementor-widget-wrap elementor-element-populated\">\n\t\t\t\t\t\t<div class=\"elementor-element elementor-element-4a5b6ca elementor-invisible elementor-widget elementor-widget-image\" data-id=\"4a5b6ca\" data-element_type=\"widget\" data-e-type=\"widget\" data-settings=\"{&quot;_animation&quot;:&quot;fadeInLeft&quot;,&quot;_animation_delay&quot;:200}\" data-widget_type=\"image.default\">\n\t\t\t\t<div class=\"elementor-widget-container\">\n\t\t\t\t\t\t\t\t\t\t\t\t\t\t\t<img fetchpriority=\"high\" decoding=\"async\" width=\"1000\" height=\"1000\" src=\"https:\/\/www.anaquda.de\/wp-content\/uploads\/2020\/11\/handlegrips-black.jpg\" class=\"attachment-full size-full wp-image-8957\" alt=\"\" srcset=\"https:\/\/www.anaquda.de\/wp-content\/uploads\/2020\/11\/handlegrips-black.jpg 1000w, https:\/\/www.anaquda.de\/wp-content\/uploads\/2020\/11\/handlegrips-black-300x300.jpg 300w, https:\/\/www.anaquda.de\/wp-content\/uploads\/2020\/11\/handlegrips-black-150x150.jpg 150w, https:\/\/www.anaquda.de\/wp-content\/uploads\/2020\/11\/handlegrips-black-768x768.jpg 768w\" sizes=\"(max-width: 1000px) 100vw, 1000px\" \/>\t\t\t\t\t\t\t\t\t\t\t\t\t\t\t<\/div>\n\t\t\t\t<\/div>\n\t\t\t\t\t<\/div>\n\t\t<\/div>\n\t\t\t\t<div class=\"elementor-column elementor-col-50 elementor-top-column elementor-element elementor-element-77ad1a8\" data-id=\"77ad1a8\" data-element_type=\"column\" data-e-type=\"column\">\n\t\t\t<div class=\"elementor-widget-wrap elementor-element-populated\">\n\t\t\t\t\t\t<div class=\"elementor-element elementor-element-fea5781 elementor-widget elementor-widget-heading\" data-id=\"fea5781\" data-element_type=\"widget\" data-e-type=\"widget\" data-widget_type=\"heading.default\">\n\t\t\t\t<div class=\"elementor-widget-container\">\n\t\t\t\t\t<h2 class=\"elementor-heading-title elementor-size-default\">16,75 cm<\/h2>\t\t\t\t<\/div>\n\t\t\t\t<\/div>\n\t\t\t\t<div class=\"elementor-element elementor-element-4917b1a elementor-widget elementor-widget-jet-headline\" data-id=\"4917b1a\" data-element_type=\"widget\" data-e-type=\"widget\" data-widget_type=\"jet-headline.default\">\n\t\t\t\t<div class=\"elementor-widget-container\">\n\t\t\t\t\t<span class=\"jet-headline jet-headline--direction-horizontal\"><span class=\"jet-headline__part jet-headline__first\"><span class=\"jet-headline__label\">Poign\u00e9es<\/span><\/span><span class=\"jet-headline__space\">&nbsp;<\/span><\/span>\t\t\t\t<\/div>\n\t\t\t\t<\/div>\n\t\t\t\t<div class=\"elementor-element elementor-element-1ce7e6c elementor-widget-divider--view-line elementor-invisible elementor-widget elementor-widget-divider\" data-id=\"1ce7e6c\" data-element_type=\"widget\" data-e-type=\"widget\" data-settings=\"{&quot;_animation&quot;:&quot;fadeInRight&quot;,&quot;_animation_delay&quot;:200}\" data-widget_type=\"divider.default\">\n\t\t\t\t<div class=\"elementor-widget-container\">\n\t\t\t\t\t\t\t<div class=\"elementor-divider\">\n\t\t\t<span class=\"elementor-divider-separator\">\n\t\t\t\t\t\t<\/span>\n\t\t<\/div>\n\t\t\t\t\t\t<\/div>\n\t\t\t\t<\/div>\n\t\t\t\t<div class=\"elementor-element elementor-element-c5076be elementor-widget elementor-widget-text-editor\" data-id=\"c5076be\" data-element_type=\"widget\" data-e-type=\"widget\" data-widget_type=\"text-editor.default\">\n\t\t\t\t<div class=\"elementor-widget-container\">\n\t\t\t\t\t\t\t\t\t<div class=\"page\" title=\"Page 6\"><div class=\"layoutArea\"><div class=\"column\"><p>Les nouvelles poign\u00e9es anaquda offrent un confort et un amorti de qualit\u00e9. Pour 16,75 cm de long, les poign\u00e9es assurent un touch\u00e9 plaisant et un grip performant. La paire est livr\u00e9e avec des embouts de guidon creux assortis aux lignes des poign\u00e9es.<\/p><\/div><\/div><\/div>\t\t\t\t\t\t\t\t<\/div>\n\t\t\t\t<\/div>\n\t\t\t\t<div class=\"elementor-element elementor-element-cde2665 elementor-widget elementor-widget-text-editor\" data-id=\"cde2665\" data-element_type=\"widget\" data-e-type=\"widget\" data-widget_type=\"text-editor.default\">\n\t\t\t\t<div class=\"elementor-widget-container\">\n\t\t\t\t\t\t\t\t\t<div style=\"box-sizing: inherit; margin: 0px -0.9375rem; padding: 0px; max-width: 75rem; display: flex; flex-flow: row wrap; color: #0a0a0a; font-family: 'Roboto Condensed', Helvetica; font-weight: 400; letter-spacing: normal;\"><div style=\"box-sizing: inherit; margin: 0px; padding: 0px 0.9375rem; flex: 0 0 100%; min-width: initial; max-width: 100%;\"><div style=\"box-sizing: inherit; margin: 0px; padding: 0px; font-size: 0.8em;\"><h1 style=\"box-sizing: inherit; font-size: 0.8em; margin-top: 0px; margin-bottom: 0px; padding: 0px;\"><span style=\"font-size: 42px; font-weight: bolder;\">9,65 \u20ac<\/span><\/h1><\/div><\/div><\/div>\t\t\t\t\t\t\t\t<\/div>\n\t\t\t\t<\/div>\n\t\t\t\t<div class=\"elementor-element elementor-element-9e2a24d elementor-align-left elementor-widget elementor-widget-button\" data-id=\"9e2a24d\" data-element_type=\"widget\" data-e-type=\"widget\" data-widget_type=\"button.default\">\n\t\t\t\t<div class=\"elementor-widget-container\">\n\t\t\t\t\t\t\t\t\t<div class=\"elementor-button-wrapper\">\n\t\t\t\t\t<a class=\"elementor-button elementor-button-link elementor-size-sm\" href=\"https:\/\/bit.ly\/3n6UuuD\" target=\"_blank\" rel=\"noopener\">\n\t\t\t\t\t\t<span class=\"elementor-button-content-wrapper\">\n\t\t\t\t\t\t\t\t\t<span class=\"elementor-button-text\">ACHETER<\/span>\n\t\t\t\t\t<\/span>\n\t\t\t\t\t<\/a>\n\t\t\t\t<\/div>\n\t\t\t\t\t\t\t\t<\/div>\n\t\t\t\t<\/div>\n\t\t\t\t\t<\/div>\n\t\t<\/div>\n\t\t\t\t\t<\/div>\n\t\t<\/section>\n\t\t\t\t<section class=\"elementor-section elementor-top-section elementor-element elementor-element-d6dfa51 elementor-reverse-mobile elementor-section-boxed elementor-section-height-default elementor-section-height-default\" data-id=\"d6dfa51\" data-element_type=\"section\" data-e-type=\"section\" data-settings=\"{&quot;jet_parallax_layout_list&quot;:[{&quot;_id&quot;:&quot;2a6e873&quot;,&quot;jet_parallax_layout_image&quot;:{&quot;url&quot;:&quot;&quot;,&quot;id&quot;:&quot;&quot;,&quot;size&quot;:&quot;&quot;},&quot;jet_parallax_layout_image_tablet&quot;:{&quot;url&quot;:&quot;&quot;,&quot;id&quot;:&quot;&quot;,&quot;size&quot;:&quot;&quot;},&quot;jet_parallax_layout_image_mobile&quot;:{&quot;url&quot;:&quot;&quot;,&quot;id&quot;:&quot;&quot;,&quot;size&quot;:&quot;&quot;},&quot;jet_parallax_layout_speed&quot;:{&quot;unit&quot;:&quot;%&quot;,&quot;size&quot;:50,&quot;sizes&quot;:[]},&quot;jet_parallax_layout_type&quot;:&quot;scroll&quot;,&quot;jet_parallax_layout_direction&quot;:&quot;1&quot;,&quot;jet_parallax_layout_fx_direction&quot;:null,&quot;jet_parallax_layout_z_index&quot;:&quot;&quot;,&quot;jet_parallax_layout_bg_x&quot;:50,&quot;jet_parallax_layout_bg_x_tablet&quot;:&quot;&quot;,&quot;jet_parallax_layout_bg_x_mobile&quot;:&quot;&quot;,&quot;jet_parallax_layout_bg_y&quot;:50,&quot;jet_parallax_layout_bg_y_tablet&quot;:&quot;&quot;,&quot;jet_parallax_layout_bg_y_mobile&quot;:&quot;&quot;,&quot;jet_parallax_layout_bg_size&quot;:&quot;auto&quot;,&quot;jet_parallax_layout_bg_size_tablet&quot;:&quot;&quot;,&quot;jet_parallax_layout_bg_size_mobile&quot;:&quot;&quot;,&quot;jet_parallax_layout_animation_prop&quot;:&quot;transform&quot;,&quot;jet_parallax_layout_on&quot;:[&quot;desktop&quot;,&quot;tablet&quot;]}]}\">\n\t\t\t\t\t\t<div class=\"elementor-container elementor-column-gap-default\">\n\t\t\t\t\t<div class=\"elementor-column elementor-col-50 elementor-top-column elementor-element elementor-element-989f3dd\" data-id=\"989f3dd\" data-element_type=\"column\" data-e-type=\"column\">\n\t\t\t<div class=\"elementor-widget-wrap elementor-element-populated\">\n\t\t\t\t\t\t<div class=\"elementor-element elementor-element-4e6d11f elementor-widget elementor-widget-heading\" data-id=\"4e6d11f\" data-element_type=\"widget\" data-e-type=\"widget\" data-widget_type=\"heading.default\">\n\t\t\t\t<div class=\"elementor-widget-container\">\n\t\t\t\t\t<h2 class=\"elementor-heading-title elementor-size-default\">\u00e0 propos des poign\u00e9es<\/h2>\t\t\t\t<\/div>\n\t\t\t\t<\/div>\n\t\t\t\t<div class=\"elementor-element elementor-element-ec8e221 elementor-widget elementor-widget-jet-headline\" data-id=\"ec8e221\" data-element_type=\"widget\" data-e-type=\"widget\" data-widget_type=\"jet-headline.default\">\n\t\t\t\t<div class=\"elementor-widget-container\">\n\t\t\t\t\t<span class=\"jet-headline jet-headline--direction-horizontal\"><span class=\"jet-headline__part jet-headline__second\"><span class=\"jet-headline__label\">D\u00e9tails<\/span><\/span><\/span>\t\t\t\t<\/div>\n\t\t\t\t<\/div>\n\t\t\t\t<div class=\"elementor-element elementor-element-9bf910e elementor-widget-divider--view-line elementor-invisible elementor-widget elementor-widget-divider\" data-id=\"9bf910e\" data-element_type=\"widget\" data-e-type=\"widget\" data-settings=\"{&quot;_animation&quot;:&quot;fadeInLeft&quot;}\" data-widget_type=\"divider.default\">\n\t\t\t\t<div class=\"elementor-widget-container\">\n\t\t\t\t\t\t\t<div class=\"elementor-divider\">\n\t\t\t<span class=\"elementor-divider-separator\">\n\t\t\t\t\t\t<\/span>\n\t\t<\/div>\n\t\t\t\t\t\t<\/div>\n\t\t\t\t<\/div>\n\t\t\t\t<div class=\"elementor-element elementor-element-df686e8 elementor-widget elementor-widget-text-editor\" data-id=\"df686e8\" data-element_type=\"widget\" data-e-type=\"widget\" data-widget_type=\"text-editor.default\">\n\t\t\t\t<div class=\"elementor-widget-container\">\n\t\t\t\t\t\t\t\t\t<p><b>\u2022 Longueur:<\/b> 16,75 cm<br \/><b>\u2022 Diam\u00e8tre:<\/b> 31,5 mm<br \/><b>\u2022 \u00c9paisseur<\/b>: 6 mm<br \/><b>\u2022 Bar-ends:<\/b> inclus<br \/><b>\u2022 Poids:<\/b> xxx g<br \/><b>\u2022 Couleurs:<\/b> noir, bleu, vert, rouge et transparent\u00a0<\/p>\t\t\t\t\t\t\t\t<\/div>\n\t\t\t\t<\/div>\n\t\t\t\t\t<\/div>\n\t\t<\/div>\n\t\t\t\t<div class=\"elementor-column elementor-col-50 elementor-top-column elementor-element elementor-element-ceabb58\" data-id=\"ceabb58\" data-element_type=\"column\" data-e-type=\"column\">\n\t\t\t<div class=\"elementor-widget-wrap elementor-element-populated\">\n\t\t\t\t\t\t<div class=\"elementor-element elementor-element-294f294 elementor-invisible elementor-widget elementor-widget-image\" data-id=\"294f294\" data-element_type=\"widget\" data-e-type=\"widget\" data-settings=\"{&quot;_animation&quot;:&quot;fadeInRight&quot;}\" data-widget_type=\"image.default\">\n\t\t\t\t<div class=\"elementor-widget-container\">\n\t\t\t\t\t\t\t\t\t\t\t\t\t\t\t<img decoding=\"async\" width=\"1000\" height=\"1000\" src=\"https:\/\/www.anaquda.de\/wp-content\/uploads\/2020\/11\/handlegrips-group.jpg\" class=\"attachment-full size-full wp-image-8960\" alt=\"\" srcset=\"https:\/\/www.anaquda.de\/wp-content\/uploads\/2020\/11\/handlegrips-group.jpg 1000w, https:\/\/www.anaquda.de\/wp-content\/uploads\/2020\/11\/handlegrips-group-300x300.jpg 300w, https:\/\/www.anaquda.de\/wp-content\/uploads\/2020\/11\/handlegrips-group-150x150.jpg 150w, https:\/\/www.anaquda.de\/wp-content\/uploads\/2020\/11\/handlegrips-group-768x768.jpg 768w\" sizes=\"(max-width: 1000px) 100vw, 1000px\" \/>\t\t\t\t\t\t\t\t\t\t\t\t\t\t\t<\/div>\n\t\t\t\t<\/div>\n\t\t\t\t<div class=\"elementor-element elementor-element-329e0dd elementor-widget elementor-widget-heading\" data-id=\"329e0dd\" data-element_type=\"widget\" data-e-type=\"widget\" data-widget_type=\"heading.default\">\n\t\t\t\t<div class=\"elementor-widget-container\">\n\t\t\t\t\t<h2 class=\"elementor-heading-title elementor-size-default\">specs<\/h2>\t\t\t\t<\/div>\n\t\t\t\t<\/div>\n\t\t\t\t\t<\/div>\n\t\t<\/div>\n\t\t\t\t\t<\/div>\n\t\t<\/section>\n\t\t\t\t<\/div>\n\t\t","protected":false},"excerpt":{"rendered":"<p>16,75 cm Poign\u00e9es&nbsp; Les nouvelles poign\u00e9es anaquda offrent un confort et un amorti de qualit\u00e9. Pour 16,75 cm de long, les poign\u00e9es assurent un touch\u00e9 plaisant et un grip performant. La paire est livr\u00e9e avec des embouts de guidon creux assortis aux lignes des poign\u00e9es. 9,65 \u20ac ACHETER \u00e0 propos des poign\u00e9es D\u00e9tails \u2022 Longueur: [&hellip;]<\/p>\n","protected":false},"author":20,"featured_media":0,"parent":0,"menu_order":0,"comment_status":"closed","ping_status":"closed","template":"elementor_header_footer","meta":{"footnotes":""},"class_list":["post-8968","page","type-page","status-publish","hentry"],"_links":{"self":[{"href":"https:\/\/www.anaquda.de\/fr\/wp-json\/wp\/v2\/pages\/8968","targetHints":{"allow":["GET"]}}],"collection":[{"href":"https:\/\/www.anaquda.de\/fr\/wp-json\/wp\/v2\/pages"}],"about":[{"href":"https:\/\/www.anaquda.de\/fr\/wp-json\/wp\/v2\/types\/page"}],"author":[{"embeddable":true,"href":"https:\/\/www.anaquda.de\/fr\/wp-json\/wp\/v2\/users\/20"}],"replies":[{"embeddable":true,"href":"https:\/\/www.anaquda.de\/fr\/wp-json\/wp\/v2\/comments?post=8968"}],"version-history":[{"count":4,"href":"https:\/\/www.anaquda.de\/fr\/wp-json\/wp\/v2\/pages\/8968\/revisions"}],"predecessor-version":[{"id":9185,"href":"https:\/\/www.anaquda.de\/fr\/wp-json\/wp\/v2\/pages\/8968\/revisions\/9185"}],"wp:attachment":[{"href":"https:\/\/www.anaquda.de\/fr\/wp-json\/wp\/v2\/media?parent=8968"}],"curies":[{"name":"wp","href":"https:\/\/api.w.org\/{rel}","templated":true}]}}