{"id":8233,"date":"2020-05-28T13:12:33","date_gmt":"2020-05-28T11:12:33","guid":{"rendered":"https:\/\/www.anaquda.de\/?page_id=8233"},"modified":"2023-06-23T12:37:03","modified_gmt":"2023-06-23T10:37:03","slug":"v7-park-complete","status":"publish","type":"page","link":"https:\/\/www.anaquda.de\/fr\/v7-park-complete\/","title":{"rendered":"V7 Park Complete"},"content":{"rendered":"\t\t<div data-elementor-type=\"wp-page\" data-elementor-id=\"8233\" class=\"elementor elementor-8233 elementor-8209\" data-elementor-post-type=\"page\">\n\t\t\t\t\t\t<section class=\"elementor-section elementor-top-section elementor-element elementor-element-ddd5cee elementor-section-boxed elementor-section-height-default elementor-section-height-default\" data-id=\"ddd5cee\" data-element_type=\"section\" data-e-type=\"section\" data-settings=\"{&quot;jet_parallax_layout_list&quot;:[{&quot;_id&quot;:&quot;577295b&quot;,&quot;jet_parallax_layout_image&quot;:{&quot;url&quot;:&quot;&quot;,&quot;id&quot;:&quot;&quot;,&quot;size&quot;:&quot;&quot;},&quot;jet_parallax_layout_image_tablet&quot;:{&quot;url&quot;:&quot;&quot;,&quot;id&quot;:&quot;&quot;,&quot;size&quot;:&quot;&quot;},&quot;jet_parallax_layout_image_mobile&quot;:{&quot;url&quot;:&quot;&quot;,&quot;id&quot;:&quot;&quot;,&quot;size&quot;:&quot;&quot;},&quot;jet_parallax_layout_speed&quot;:{&quot;unit&quot;:&quot;%&quot;,&quot;size&quot;:50,&quot;sizes&quot;:[]},&quot;jet_parallax_layout_type&quot;:&quot;scroll&quot;,&quot;jet_parallax_layout_direction&quot;:&quot;1&quot;,&quot;jet_parallax_layout_fx_direction&quot;:null,&quot;jet_parallax_layout_z_index&quot;:&quot;&quot;,&quot;jet_parallax_layout_bg_x&quot;:50,&quot;jet_parallax_layout_bg_x_tablet&quot;:&quot;&quot;,&quot;jet_parallax_layout_bg_x_mobile&quot;:&quot;&quot;,&quot;jet_parallax_layout_bg_y&quot;:50,&quot;jet_parallax_layout_bg_y_tablet&quot;:&quot;&quot;,&quot;jet_parallax_layout_bg_y_mobile&quot;:&quot;&quot;,&quot;jet_parallax_layout_bg_size&quot;:&quot;auto&quot;,&quot;jet_parallax_layout_bg_size_tablet&quot;:&quot;&quot;,&quot;jet_parallax_layout_bg_size_mobile&quot;:&quot;&quot;,&quot;jet_parallax_layout_animation_prop&quot;:&quot;transform&quot;,&quot;jet_parallax_layout_on&quot;:[&quot;desktop&quot;,&quot;tablet&quot;]}]}\">\n\t\t\t\t\t\t<div class=\"elementor-container elementor-column-gap-default\">\n\t\t\t\t\t<div class=\"elementor-column elementor-col-50 elementor-top-column elementor-element elementor-element-db58583\" data-id=\"db58583\" data-element_type=\"column\" data-e-type=\"column\">\n\t\t\t<div class=\"elementor-widget-wrap elementor-element-populated\">\n\t\t\t\t\t\t<div class=\"elementor-element elementor-element-8aabcdf elementor-invisible elementor-widget elementor-widget-image\" data-id=\"8aabcdf\" data-element_type=\"widget\" data-e-type=\"widget\" data-settings=\"{&quot;_animation&quot;:&quot;fadeInLeft&quot;,&quot;_animation_delay&quot;:200}\" data-widget_type=\"image.default\">\n\t\t\t\t<div class=\"elementor-widget-container\">\n\t\t\t\t\t\t\t\t\t\t\t\t\t\t\t<img fetchpriority=\"high\" decoding=\"async\" width=\"1000\" height=\"1000\" src=\"https:\/\/www.anaquda.de\/wp-content\/uploads\/2023\/06\/anaquda-v7-beide.jpg\" class=\"attachment-full size-full wp-image-60965\" alt=\"\" srcset=\"https:\/\/www.anaquda.de\/wp-content\/uploads\/2023\/06\/anaquda-v7-beide.jpg 1000w, https:\/\/www.anaquda.de\/wp-content\/uploads\/2023\/06\/anaquda-v7-beide-300x300.jpg 300w, https:\/\/www.anaquda.de\/wp-content\/uploads\/2023\/06\/anaquda-v7-beide-150x150.jpg 150w, https:\/\/www.anaquda.de\/wp-content\/uploads\/2023\/06\/anaquda-v7-beide-768x768.jpg 768w\" sizes=\"(max-width: 1000px) 100vw, 1000px\" \/>\t\t\t\t\t\t\t\t\t\t\t\t\t\t\t<\/div>\n\t\t\t\t<\/div>\n\t\t\t\t\t<\/div>\n\t\t<\/div>\n\t\t\t\t<div class=\"elementor-column elementor-col-50 elementor-top-column elementor-element elementor-element-871de9f\" data-id=\"871de9f\" data-element_type=\"column\" data-e-type=\"column\">\n\t\t\t<div class=\"elementor-widget-wrap elementor-element-populated\">\n\t\t\t\t\t\t<div class=\"elementor-element elementor-element-f392e3f elementor-widget elementor-widget-heading\" data-id=\"f392e3f\" data-element_type=\"widget\" data-e-type=\"widget\" data-widget_type=\"heading.default\">\n\t\t\t\t<div class=\"elementor-widget-container\">\n\t\t\t\t\t<h2 class=\"elementor-heading-title elementor-size-default\">Niveau avanc\u00e9<\/h2>\t\t\t\t<\/div>\n\t\t\t\t<\/div>\n\t\t\t\t<div class=\"elementor-element elementor-element-68060a3 elementor-widget elementor-widget-jet-headline\" data-id=\"68060a3\" data-element_type=\"widget\" data-e-type=\"widget\" data-widget_type=\"jet-headline.default\">\n\t\t\t\t<div class=\"elementor-widget-container\">\n\t\t\t\t\t<span class=\"jet-headline jet-headline--direction-horizontal\"><span class=\"jet-headline__part jet-headline__first\"><span class=\"jet-headline__label\">V7<\/span><\/span><span class=\"jet-headline__space\">&nbsp;<\/span><span class=\"jet-headline__part jet-headline__second\"><span class=\"jet-headline__label\">PARK<\/span><\/span><\/span>\t\t\t\t<\/div>\n\t\t\t\t<\/div>\n\t\t\t\t<div class=\"elementor-element elementor-element-74ebf1e elementor-widget-divider--view-line elementor-invisible elementor-widget elementor-widget-divider\" data-id=\"74ebf1e\" data-element_type=\"widget\" data-e-type=\"widget\" data-settings=\"{&quot;_animation&quot;:&quot;fadeInRight&quot;,&quot;_animation_delay&quot;:200}\" data-widget_type=\"divider.default\">\n\t\t\t\t<div class=\"elementor-widget-container\">\n\t\t\t\t\t\t\t<div class=\"elementor-divider\">\n\t\t\t<span class=\"elementor-divider-separator\">\n\t\t\t\t\t\t<\/span>\n\t\t<\/div>\n\t\t\t\t\t\t<\/div>\n\t\t\t\t<\/div>\n\t\t\t\t<div class=\"elementor-element elementor-element-e85172b elementor-widget elementor-widget-text-editor\" data-id=\"e85172b\" data-element_type=\"widget\" data-e-type=\"widget\" data-widget_type=\"text-editor.default\">\n\t\t\t\t<div class=\"elementor-widget-container\">\n\t\t\t\t\t\t\t\t\tLes V7 PARK Completes sont d\u00e9sormais disponibles en trois couleurs : Neochrome, Black\/Bluechrome et Black\/Blackchrome.\n\nDes caract\u00e9ristiques particuli\u00e8res : Les nouvelles poign\u00e9es anaquda sont d\u00e9sormais mont\u00e9es sur tous les scooters anaquda Complete, y compris les nouveaux V7 PARK. D&rsquo;une longueur de 16,75 cm, les poign\u00e9es offrent un maniement agr\u00e9able et une prise en main tr\u00e8s performante. La paire est livr\u00e9e avec des extr\u00e9mit\u00e9s de barres creuses qui correspondent aux lignes des poign\u00e9es. Le nouveau anaquda Flexbrake V8 est livr\u00e9 avec un design incurv\u00e9 pour conserver la forme des roulettes.\u00a0Un look extra cool gr\u00e2ce \u00e0 la gravure de la t\u00eate de serpent.\n\nEn r\u00e9sum\u00e9, la V7 PARK Complete d&rsquo;anaquda est une trottinette de niveau professionnel qui allie esth\u00e9tique et design et qui convient parfaitement aux passionn\u00e9s de skatepark.\n\nNote : La hauteur du guidon peut \u00eatre raccourcie gr\u00e2ce \u00e0 une scie \u00e0 m\u00e9taux.\t\t\t\t\t\t\t\t<\/div>\n\t\t\t\t<\/div>\n\t\t\t\t<div class=\"elementor-element elementor-element-6fe8e5d elementor-widget elementor-widget-text-editor\" data-id=\"6fe8e5d\" data-element_type=\"widget\" data-e-type=\"widget\" data-widget_type=\"text-editor.default\">\n\t\t\t\t<div class=\"elementor-widget-container\">\n\t\t\t\t\t\t\t\t\t<div class=\"row\" style=\"box-sizing: inherit; margin: 0px -0.9375rem; padding: 0px; max-width: 75rem; display: flex; flex-flow: row wrap; color: #0a0a0a; font-family: 'Roboto Condensed', Helvetica; font-weight: 400; letter-spacing: normal;\"><div class=\"small-12 columns\" style=\"box-sizing: inherit; margin: 0px; padding: 0px 0.9375rem; flex: 0 0 100%; min-width: initial; max-width: 100%;\"><div id=\"article_no\" style=\"box-sizing: inherit; margin: 0px; padding: 0px; font-size: 0.8em;\"><span style=\"font-size: 42px; font-weight: bolder;\">229,00\u00a0\u20ac<\/span><\/div><\/div><\/div>\t\t\t\t\t\t\t\t<\/div>\n\t\t\t\t<\/div>\n\t\t\t\t<div class=\"elementor-element elementor-element-e68965b elementor-align-left elementor-widget elementor-widget-button\" data-id=\"e68965b\" data-element_type=\"widget\" data-e-type=\"widget\" data-widget_type=\"button.default\">\n\t\t\t\t<div class=\"elementor-widget-container\">\n\t\t\t\t\t\t\t\t\t<div class=\"elementor-button-wrapper\">\n\t\t\t\t\t<a class=\"elementor-button elementor-button-link elementor-size-sm\" href=\"https:\/\/bit.ly\/2I7oasp\" target=\"_blank\" rel=\"noopener\">\n\t\t\t\t\t\t<span class=\"elementor-button-content-wrapper\">\n\t\t\t\t\t\t<span class=\"elementor-button-icon\">\n\t\t\t\t<i aria-hidden=\"true\" class=\"fas fa-cart-arrow-down\"><\/i>\t\t\t<\/span>\n\t\t\t\t\t\t\t\t\t<span class=\"elementor-button-text\">acheter<\/span>\n\t\t\t\t\t<\/span>\n\t\t\t\t\t<\/a>\n\t\t\t\t<\/div>\n\t\t\t\t\t\t\t\t<\/div>\n\t\t\t\t<\/div>\n\t\t\t\t\t<\/div>\n\t\t<\/div>\n\t\t\t\t\t<\/div>\n\t\t<\/section>\n\t\t\t\t<section class=\"elementor-section elementor-top-section elementor-element elementor-element-17ad08a elementor-reverse-mobile elementor-section-boxed elementor-section-height-default elementor-section-height-default\" data-id=\"17ad08a\" data-element_type=\"section\" data-e-type=\"section\" data-settings=\"{&quot;jet_parallax_layout_list&quot;:[{&quot;_id&quot;:&quot;2a6e873&quot;,&quot;jet_parallax_layout_image&quot;:{&quot;url&quot;:&quot;&quot;,&quot;id&quot;:&quot;&quot;,&quot;size&quot;:&quot;&quot;},&quot;jet_parallax_layout_image_tablet&quot;:{&quot;url&quot;:&quot;&quot;,&quot;id&quot;:&quot;&quot;,&quot;size&quot;:&quot;&quot;},&quot;jet_parallax_layout_image_mobile&quot;:{&quot;url&quot;:&quot;&quot;,&quot;id&quot;:&quot;&quot;,&quot;size&quot;:&quot;&quot;},&quot;jet_parallax_layout_speed&quot;:{&quot;unit&quot;:&quot;%&quot;,&quot;size&quot;:50,&quot;sizes&quot;:[]},&quot;jet_parallax_layout_type&quot;:&quot;scroll&quot;,&quot;jet_parallax_layout_direction&quot;:&quot;1&quot;,&quot;jet_parallax_layout_fx_direction&quot;:null,&quot;jet_parallax_layout_z_index&quot;:&quot;&quot;,&quot;jet_parallax_layout_bg_x&quot;:50,&quot;jet_parallax_layout_bg_x_tablet&quot;:&quot;&quot;,&quot;jet_parallax_layout_bg_x_mobile&quot;:&quot;&quot;,&quot;jet_parallax_layout_bg_y&quot;:50,&quot;jet_parallax_layout_bg_y_tablet&quot;:&quot;&quot;,&quot;jet_parallax_layout_bg_y_mobile&quot;:&quot;&quot;,&quot;jet_parallax_layout_bg_size&quot;:&quot;auto&quot;,&quot;jet_parallax_layout_bg_size_tablet&quot;:&quot;&quot;,&quot;jet_parallax_layout_bg_size_mobile&quot;:&quot;&quot;,&quot;jet_parallax_layout_animation_prop&quot;:&quot;transform&quot;,&quot;jet_parallax_layout_on&quot;:[&quot;desktop&quot;,&quot;tablet&quot;]}]}\">\n\t\t\t\t\t\t<div class=\"elementor-container elementor-column-gap-default\">\n\t\t\t\t\t<div class=\"elementor-column elementor-col-50 elementor-top-column elementor-element elementor-element-e67763a\" data-id=\"e67763a\" data-element_type=\"column\" data-e-type=\"column\">\n\t\t\t<div class=\"elementor-widget-wrap elementor-element-populated\">\n\t\t\t\t\t\t<div class=\"elementor-element elementor-element-9e8ca16 elementor-widget elementor-widget-heading\" data-id=\"9e8ca16\" data-element_type=\"widget\" data-e-type=\"widget\" data-widget_type=\"heading.default\">\n\t\t\t\t<div class=\"elementor-widget-container\">\n\t\t\t\t\t<h2 class=\"elementor-heading-title elementor-size-default\">\u00e0 propos de la trottinette<\/h2>\t\t\t\t<\/div>\n\t\t\t\t<\/div>\n\t\t\t\t<div class=\"elementor-element elementor-element-6325f4b elementor-widget elementor-widget-jet-headline\" data-id=\"6325f4b\" data-element_type=\"widget\" data-e-type=\"widget\" data-widget_type=\"jet-headline.default\">\n\t\t\t\t<div class=\"elementor-widget-container\">\n\t\t\t\t\t<span class=\"jet-headline jet-headline--direction-horizontal\"><span class=\"jet-headline__part jet-headline__second\"><span class=\"jet-headline__label\">D\u00e9tails<\/span><\/span><\/span>\t\t\t\t<\/div>\n\t\t\t\t<\/div>\n\t\t\t\t<div class=\"elementor-element elementor-element-cb953ba elementor-widget-divider--view-line elementor-invisible elementor-widget elementor-widget-divider\" data-id=\"cb953ba\" data-element_type=\"widget\" data-e-type=\"widget\" data-settings=\"{&quot;_animation&quot;:&quot;fadeInLeft&quot;}\" data-widget_type=\"divider.default\">\n\t\t\t\t<div class=\"elementor-widget-container\">\n\t\t\t\t\t\t\t<div class=\"elementor-divider\">\n\t\t\t<span class=\"elementor-divider-separator\">\n\t\t\t\t\t\t<\/span>\n\t\t<\/div>\n\t\t\t\t\t\t<\/div>\n\t\t\t\t<\/div>\n\t\t\t\t<div class=\"elementor-element elementor-element-4382bb7 elementor-widget elementor-widget-text-editor\" data-id=\"4382bb7\" data-element_type=\"widget\" data-e-type=\"widget\" data-widget_type=\"text-editor.default\">\n\t\t\t\t<div class=\"elementor-widget-container\">\n\t\t\t\t\t\t\t\t\t<b>\u2022 Deck:<\/b> V5 Int\u00e9gr\u00e9 | Longueur : 50 cm | Largeur : 12 cm\n<b><br>\u2022 Jeu de Direction:<\/b>\u00a0anaquda Int\u00e9gr\u00e9\n<b><br>\u2022 Fourche<\/b>: anaquda V5 Fork\n<b><br>\u2022 Collier :<\/b> anaquda Atrax SCS clamp\n<b><br>\u2022 Bar:<\/b> anaquda VT Bar | H : 60 cm | L : 58 cm\n<b><br>\u2022 Poign\u00e9es:<\/b> anaquda grips\n<b><br>\u2022 Frein :<\/b> anaquda Flexbrake V8\n<b><br>\u2022 Roues :<\/b> anaquda Disc Wheels V2 120 mm\n<b><br>\u2022 Griptape :<\/b> anaquda V7 Park\n<span style=\"font-weight: bold; letter-spacing: -0.2px;\"><br>\u2022 Couleurs :<\/span><span style=\"letter-spacing: -0.2px;\"> n\u00e9ochrome et black\/bluechrome<\/span>\n<b><br>\u2022 Poids :<\/b>\u00a03,95 kg\n<b><br>\u2022 Hauteur totale :<\/b>\u00a089 cm\t\t\t\t\t\t\t\t<\/div>\n\t\t\t\t<\/div>\n\t\t\t\t\t<\/div>\n\t\t<\/div>\n\t\t\t\t<div class=\"elementor-column elementor-col-50 elementor-top-column elementor-element elementor-element-1f24b8e\" data-id=\"1f24b8e\" data-element_type=\"column\" data-e-type=\"column\">\n\t\t\t<div class=\"elementor-widget-wrap elementor-element-populated\">\n\t\t\t\t\t\t<div class=\"elementor-element elementor-element-210bbf1 elementor-invisible elementor-widget elementor-widget-image\" data-id=\"210bbf1\" data-element_type=\"widget\" data-e-type=\"widget\" data-settings=\"{&quot;_animation&quot;:&quot;fadeInRight&quot;}\" data-widget_type=\"image.default\">\n\t\t\t\t<div class=\"elementor-widget-container\">\n\t\t\t\t\t\t\t\t\t\t\t\t\t\t\t<img decoding=\"async\" width=\"1000\" height=\"1000\" src=\"https:\/\/www.anaquda.de\/wp-content\/uploads\/2023\/06\/anaquda-v7-neochrome.jpg\" class=\"attachment-full size-full wp-image-60968\" alt=\"\" srcset=\"https:\/\/www.anaquda.de\/wp-content\/uploads\/2023\/06\/anaquda-v7-neochrome.jpg 1000w, https:\/\/www.anaquda.de\/wp-content\/uploads\/2023\/06\/anaquda-v7-neochrome-300x300.jpg 300w, https:\/\/www.anaquda.de\/wp-content\/uploads\/2023\/06\/anaquda-v7-neochrome-150x150.jpg 150w, https:\/\/www.anaquda.de\/wp-content\/uploads\/2023\/06\/anaquda-v7-neochrome-768x768.jpg 768w\" sizes=\"(max-width: 1000px) 100vw, 1000px\" \/>\t\t\t\t\t\t\t\t\t\t\t\t\t\t\t<\/div>\n\t\t\t\t<\/div>\n\t\t\t\t<div class=\"elementor-element elementor-element-93cd294 elementor-widget elementor-widget-heading\" data-id=\"93cd294\" data-element_type=\"widget\" data-e-type=\"widget\" data-widget_type=\"heading.default\">\n\t\t\t\t<div class=\"elementor-widget-container\">\n\t\t\t\t\t<h2 class=\"elementor-heading-title elementor-size-default\">specs<\/h2>\t\t\t\t<\/div>\n\t\t\t\t<\/div>\n\t\t\t\t\t<\/div>\n\t\t<\/div>\n\t\t\t\t\t<\/div>\n\t\t<\/section>\n\t\t\t\t<section class=\"elementor-section elementor-top-section elementor-element elementor-element-051a3c1 elementor-section-boxed elementor-section-height-default elementor-section-height-default\" data-id=\"051a3c1\" data-element_type=\"section\" data-e-type=\"section\" data-settings=\"{&quot;jet_parallax_layout_list&quot;:[{&quot;jet_parallax_layout_image&quot;:{&quot;url&quot;:&quot;&quot;,&quot;id&quot;:&quot;&quot;,&quot;size&quot;:&quot;&quot;},&quot;_id&quot;:&quot;bf23d67&quot;,&quot;jet_parallax_layout_image_tablet&quot;:{&quot;url&quot;:&quot;&quot;,&quot;id&quot;:&quot;&quot;,&quot;size&quot;:&quot;&quot;},&quot;jet_parallax_layout_image_mobile&quot;:{&quot;url&quot;:&quot;&quot;,&quot;id&quot;:&quot;&quot;,&quot;size&quot;:&quot;&quot;},&quot;jet_parallax_layout_speed&quot;:{&quot;unit&quot;:&quot;%&quot;,&quot;size&quot;:50,&quot;sizes&quot;:[]},&quot;jet_parallax_layout_type&quot;:&quot;scroll&quot;,&quot;jet_parallax_layout_direction&quot;:&quot;1&quot;,&quot;jet_parallax_layout_fx_direction&quot;:null,&quot;jet_parallax_layout_z_index&quot;:&quot;&quot;,&quot;jet_parallax_layout_bg_x&quot;:50,&quot;jet_parallax_layout_bg_x_tablet&quot;:&quot;&quot;,&quot;jet_parallax_layout_bg_x_mobile&quot;:&quot;&quot;,&quot;jet_parallax_layout_bg_y&quot;:50,&quot;jet_parallax_layout_bg_y_tablet&quot;:&quot;&quot;,&quot;jet_parallax_layout_bg_y_mobile&quot;:&quot;&quot;,&quot;jet_parallax_layout_bg_size&quot;:&quot;auto&quot;,&quot;jet_parallax_layout_bg_size_tablet&quot;:&quot;&quot;,&quot;jet_parallax_layout_bg_size_mobile&quot;:&quot;&quot;,&quot;jet_parallax_layout_animation_prop&quot;:&quot;transform&quot;,&quot;jet_parallax_layout_on&quot;:[&quot;desktop&quot;,&quot;tablet&quot;]}]}\">\n\t\t\t\t\t\t<div class=\"elementor-container elementor-column-gap-default\">\n\t\t\t\t\t<div class=\"elementor-column elementor-col-100 elementor-top-column elementor-element elementor-element-b8c3c87\" data-id=\"b8c3c87\" data-element_type=\"column\" data-e-type=\"column\">\n\t\t\t<div class=\"elementor-widget-wrap elementor-element-populated\">\n\t\t\t\t\t\t<div class=\"elementor-element elementor-element-ba71b62 elementor-widget elementor-widget-video\" data-id=\"ba71b62\" data-element_type=\"widget\" data-e-type=\"widget\" data-settings=\"{&quot;youtube_url&quot;:&quot;https:\\\/\\\/www.youtube.com\\\/watch?v=xnnbYAVXXkw&quot;,&quot;video_type&quot;:&quot;youtube&quot;,&quot;controls&quot;:&quot;yes&quot;}\" data-widget_type=\"video.default\">\n\t\t\t\t<div class=\"elementor-widget-container\">\n\t\t\t\t\t\t\t<div class=\"elementor-wrapper elementor-open-inline\">\n\t\t\t<div class=\"elementor-video\"><\/div>\t\t<\/div>\n\t\t\t\t\t\t<\/div>\n\t\t\t\t<\/div>\n\t\t\t\t\t<\/div>\n\t\t<\/div>\n\t\t\t\t\t<\/div>\n\t\t<\/section>\n\t\t\t\t<\/div>\n\t\t","protected":false},"excerpt":{"rendered":"<p>Niveau avanc\u00e9 V7&nbsp;PARK Les V7 PARK Completes sont d\u00e9sormais disponibles en trois couleurs : Neochrome, Black\/Bluechrome et Black\/Blackchrome. Des caract\u00e9ristiques particuli\u00e8res : Les nouvelles poign\u00e9es anaquda sont d\u00e9sormais mont\u00e9es sur tous les scooters anaquda Complete, y compris les nouveaux V7 PARK. D&rsquo;une longueur de 16,75 cm, les poign\u00e9es offrent un maniement agr\u00e9able et une prise [&hellip;]<\/p>\n","protected":false},"author":20,"featured_media":0,"parent":0,"menu_order":0,"comment_status":"closed","ping_status":"closed","template":"elementor_header_footer","meta":{"footnotes":""},"class_list":["post-8233","page","type-page","status-publish","hentry"],"_links":{"self":[{"href":"https:\/\/www.anaquda.de\/fr\/wp-json\/wp\/v2\/pages\/8233","targetHints":{"allow":["GET"]}}],"collection":[{"href":"https:\/\/www.anaquda.de\/fr\/wp-json\/wp\/v2\/pages"}],"about":[{"href":"https:\/\/www.anaquda.de\/fr\/wp-json\/wp\/v2\/types\/page"}],"author":[{"embeddable":true,"href":"https:\/\/www.anaquda.de\/fr\/wp-json\/wp\/v2\/users\/20"}],"replies":[{"embeddable":true,"href":"https:\/\/www.anaquda.de\/fr\/wp-json\/wp\/v2\/comments?post=8233"}],"version-history":[{"count":37,"href":"https:\/\/www.anaquda.de\/fr\/wp-json\/wp\/v2\/pages\/8233\/revisions"}],"predecessor-version":[{"id":61142,"href":"https:\/\/www.anaquda.de\/fr\/wp-json\/wp\/v2\/pages\/8233\/revisions\/61142"}],"wp:attachment":[{"href":"https:\/\/www.anaquda.de\/fr\/wp-json\/wp\/v2\/media?parent=8233"}],"curies":[{"name":"wp","href":"https:\/\/api.w.org\/{rel}","templated":true}]}}