{"id":7645,"date":"2020-02-25T10:51:47","date_gmt":"2020-02-25T08:51:47","guid":{"rendered":"https:\/\/www.anaquda.de\/?page_id=7645"},"modified":"2023-03-30T10:45:05","modified_gmt":"2023-03-30T08:45:05","slug":"mentions-legales","status":"publish","type":"page","link":"https:\/\/www.anaquda.de\/fr\/mentions-legales\/","title":{"rendered":"Mentions l\u00e9gales"},"content":{"rendered":"\t\t<div data-elementor-type=\"wp-page\" data-elementor-id=\"7645\" class=\"elementor elementor-7645 elementor-55\" data-elementor-post-type=\"page\">\n\t\t\t\t\t\t<section class=\"elementor-section elementor-top-section elementor-element elementor-element-13ee624 elementor-section-boxed elementor-section-height-default elementor-section-height-default\" data-id=\"13ee624\" data-element_type=\"section\" data-e-type=\"section\" data-settings=\"{&quot;jet_parallax_layout_list&quot;:[{&quot;jet_parallax_layout_image&quot;:{&quot;url&quot;:&quot;&quot;,&quot;id&quot;:&quot;&quot;,&quot;size&quot;:&quot;&quot;},&quot;_id&quot;:&quot;ecee569&quot;,&quot;jet_parallax_layout_image_tablet&quot;:{&quot;url&quot;:&quot;&quot;,&quot;id&quot;:&quot;&quot;,&quot;size&quot;:&quot;&quot;},&quot;jet_parallax_layout_image_mobile&quot;:{&quot;url&quot;:&quot;&quot;,&quot;id&quot;:&quot;&quot;,&quot;size&quot;:&quot;&quot;},&quot;jet_parallax_layout_speed&quot;:{&quot;unit&quot;:&quot;%&quot;,&quot;size&quot;:50,&quot;sizes&quot;:[]},&quot;jet_parallax_layout_type&quot;:&quot;scroll&quot;,&quot;jet_parallax_layout_direction&quot;:&quot;1&quot;,&quot;jet_parallax_layout_fx_direction&quot;:null,&quot;jet_parallax_layout_z_index&quot;:&quot;&quot;,&quot;jet_parallax_layout_bg_x&quot;:50,&quot;jet_parallax_layout_bg_x_tablet&quot;:&quot;&quot;,&quot;jet_parallax_layout_bg_x_mobile&quot;:&quot;&quot;,&quot;jet_parallax_layout_bg_y&quot;:50,&quot;jet_parallax_layout_bg_y_tablet&quot;:&quot;&quot;,&quot;jet_parallax_layout_bg_y_mobile&quot;:&quot;&quot;,&quot;jet_parallax_layout_bg_size&quot;:&quot;auto&quot;,&quot;jet_parallax_layout_bg_size_tablet&quot;:&quot;&quot;,&quot;jet_parallax_layout_bg_size_mobile&quot;:&quot;&quot;,&quot;jet_parallax_layout_animation_prop&quot;:&quot;transform&quot;,&quot;jet_parallax_layout_on&quot;:[&quot;desktop&quot;,&quot;tablet&quot;]}]}\">\n\t\t\t\t\t\t<div class=\"elementor-container elementor-column-gap-default\">\n\t\t\t\t\t<div class=\"elementor-column elementor-col-100 elementor-top-column elementor-element elementor-element-205b1fb\" data-id=\"205b1fb\" data-element_type=\"column\" data-e-type=\"column\">\n\t\t\t<div class=\"elementor-widget-wrap elementor-element-populated\">\n\t\t\t\t\t\t<div class=\"elementor-element elementor-element-5743f53 elementor-widget elementor-widget-text-editor\" data-id=\"5743f53\" data-element_type=\"widget\" data-e-type=\"widget\" data-widget_type=\"text-editor.default\">\n\t\t\t\t<div class=\"elementor-widget-container\">\n\t\t\t\t\t\t\t\t\t<h1>MENTIONS L\u00c9GALES<\/h1><div class=\"one-half first\"><p>anaquda est une marque de<\/p><p>FUCHS EDV Vertriebs GmbH<br \/>Gasstra\u00dfe 16<br \/>22761 Hambourg<\/p><p><strong>TEL:<\/strong>\u00a0+49 (0)40-8080 13100<br \/><strong>FAX:<\/strong>\u00a0+49 (0)40-8080 131055<\/p><p><strong>Mail:<\/strong>\u00a0info@funsportwelt.de<\/p><p><strong>Directeurs:<\/strong>\u00a0Martin J. Fuchs, Sven H. Eilers<\/p><p><strong>Tribunal du comt\u00e9 de Hambourg:<\/strong>\u00a0HRB60354<\/p><\/div><div class=\"one-half\"><p><b>Num\u00e9ro d&rsquo;identification de la taxe sur les ventes conform\u00e9ment \u00e0 l&rsquo;article 27a de la loi sur la taxe sur les ventes:<\/b> DE179733939<\/p><p>Mise en \u0153uvre et marketing de l&rsquo;agence m\u00e9dia clicklabs\u00ae<\/p><\/div><div class=\"clearfix\">\u00a0<\/div><p>Plateforme de la Commission europ\u00e9enne pour la r\u00e9solution des litiges en ligne:\u00a0<a href=\"https:\/\/ec.europa.eu\/consumers\/odr\" target=\"_blank\" rel=\"noopener\">https:\/\/ec.europa.eu\/consumers\/odr<\/a><\/p><p>Nous ne sommes ni oblig\u00e9s ni dispos\u00e9s \u00e0 participer \u00e0 une proc\u00e9dure de r\u00e8glement des litiges devant une commission d&rsquo;arbitrage des consommateurs.<\/p>\t\t\t\t\t\t\t\t<\/div>\n\t\t\t\t<\/div>\n\t\t\t\t\t<\/div>\n\t\t<\/div>\n\t\t\t\t\t<\/div>\n\t\t<\/section>\n\t\t\t\t<\/div>\n\t\t","protected":false},"excerpt":{"rendered":"<p>MENTIONS L\u00c9GALES anaquda est une marque de FUCHS EDV Vertriebs GmbHGasstra\u00dfe 1622761 Hambourg TEL:\u00a0+49 (0)40-8080 13100FAX:\u00a0+49 (0)40-8080 131055 Mail:\u00a0info@funsportwelt.de Directeurs:\u00a0Martin J. Fuchs, Sven H. Eilers Tribunal du comt\u00e9 de Hambourg:\u00a0HRB60354 Num\u00e9ro d&rsquo;identification de la taxe sur les ventes conform\u00e9ment \u00e0 l&rsquo;article 27a de la loi sur la taxe sur les ventes: DE179733939 Mise en \u0153uvre [&hellip;]<\/p>\n","protected":false},"author":20,"featured_media":0,"parent":0,"menu_order":0,"comment_status":"open","ping_status":"open","template":"elementor_header_footer","meta":{"footnotes":""},"class_list":["post-7645","page","type-page","status-publish","hentry"],"_links":{"self":[{"href":"https:\/\/www.anaquda.de\/fr\/wp-json\/wp\/v2\/pages\/7645","targetHints":{"allow":["GET"]}}],"collection":[{"href":"https:\/\/www.anaquda.de\/fr\/wp-json\/wp\/v2\/pages"}],"about":[{"href":"https:\/\/www.anaquda.de\/fr\/wp-json\/wp\/v2\/types\/page"}],"author":[{"embeddable":true,"href":"https:\/\/www.anaquda.de\/fr\/wp-json\/wp\/v2\/users\/20"}],"replies":[{"embeddable":true,"href":"https:\/\/www.anaquda.de\/fr\/wp-json\/wp\/v2\/comments?post=7645"}],"version-history":[{"count":7,"href":"https:\/\/www.anaquda.de\/fr\/wp-json\/wp\/v2\/pages\/7645\/revisions"}],"predecessor-version":[{"id":60543,"href":"https:\/\/www.anaquda.de\/fr\/wp-json\/wp\/v2\/pages\/7645\/revisions\/60543"}],"wp:attachment":[{"href":"https:\/\/www.anaquda.de\/fr\/wp-json\/wp\/v2\/media?parent=7645"}],"curies":[{"name":"wp","href":"https:\/\/api.w.org\/{rel}","templated":true}]}}