{"id":6935,"date":"2020-02-07T11:43:18","date_gmt":"2020-02-07T09:43:18","guid":{"rendered":"https:\/\/www.anaquda.de\/?page_id=6935"},"modified":"2020-11-05T11:18:23","modified_gmt":"2020-11-05T09:18:23","slug":"kugellager","status":"publish","type":"page","link":"https:\/\/www.anaquda.de\/fr\/kugellager\/","title":{"rendered":"Roulements"},"content":{"rendered":"\t\t<div data-elementor-type=\"wp-page\" data-elementor-id=\"6935\" class=\"elementor elementor-6935 elementor-4565\" data-elementor-post-type=\"page\">\n\t\t\t\t\t\t<section class=\"elementor-section elementor-top-section elementor-element elementor-element-4de1c374 elementor-section-boxed elementor-section-height-default elementor-section-height-default\" data-id=\"4de1c374\" data-element_type=\"section\" data-e-type=\"section\" id=\"about\" data-settings=\"{&quot;jet_parallax_layout_list&quot;:[{&quot;_id&quot;:&quot;577295b&quot;,&quot;jet_parallax_layout_image&quot;:{&quot;url&quot;:&quot;&quot;,&quot;id&quot;:&quot;&quot;,&quot;size&quot;:&quot;&quot;},&quot;jet_parallax_layout_image_tablet&quot;:{&quot;url&quot;:&quot;&quot;,&quot;id&quot;:&quot;&quot;,&quot;size&quot;:&quot;&quot;},&quot;jet_parallax_layout_image_mobile&quot;:{&quot;url&quot;:&quot;&quot;,&quot;id&quot;:&quot;&quot;,&quot;size&quot;:&quot;&quot;},&quot;jet_parallax_layout_speed&quot;:{&quot;unit&quot;:&quot;%&quot;,&quot;size&quot;:50,&quot;sizes&quot;:[]},&quot;jet_parallax_layout_type&quot;:&quot;scroll&quot;,&quot;jet_parallax_layout_direction&quot;:&quot;1&quot;,&quot;jet_parallax_layout_fx_direction&quot;:null,&quot;jet_parallax_layout_z_index&quot;:&quot;&quot;,&quot;jet_parallax_layout_bg_x&quot;:50,&quot;jet_parallax_layout_bg_x_tablet&quot;:&quot;&quot;,&quot;jet_parallax_layout_bg_x_mobile&quot;:&quot;&quot;,&quot;jet_parallax_layout_bg_y&quot;:50,&quot;jet_parallax_layout_bg_y_tablet&quot;:&quot;&quot;,&quot;jet_parallax_layout_bg_y_mobile&quot;:&quot;&quot;,&quot;jet_parallax_layout_bg_size&quot;:&quot;auto&quot;,&quot;jet_parallax_layout_bg_size_tablet&quot;:&quot;&quot;,&quot;jet_parallax_layout_bg_size_mobile&quot;:&quot;&quot;,&quot;jet_parallax_layout_animation_prop&quot;:&quot;transform&quot;,&quot;jet_parallax_layout_on&quot;:[&quot;desktop&quot;,&quot;tablet&quot;]}]}\">\n\t\t\t\t\t\t<div class=\"elementor-container elementor-column-gap-default\">\n\t\t\t\t\t<div class=\"elementor-column elementor-col-50 elementor-top-column elementor-element elementor-element-1860ef86\" data-id=\"1860ef86\" data-element_type=\"column\" data-e-type=\"column\">\n\t\t\t<div class=\"elementor-widget-wrap elementor-element-populated\">\n\t\t\t\t\t\t<div class=\"elementor-element elementor-element-787af64a elementor-invisible elementor-widget elementor-widget-image\" data-id=\"787af64a\" data-element_type=\"widget\" data-e-type=\"widget\" data-settings=\"{&quot;_animation&quot;:&quot;fadeInLeft&quot;,&quot;_animation_delay&quot;:200}\" data-widget_type=\"image.default\">\n\t\t\t\t<div class=\"elementor-widget-container\">\n\t\t\t\t\t\t\t\t\t\t\t\t\t\t\t\t<a href=\"https:\/\/www.anaquda.de\/wp-content\/uploads\/2020\/01\/A21038.jpg\" data-elementor-open-lightbox=\"yes\" data-elementor-lightbox-title=\"A21038\" data-e-action-hash=\"#elementor-action%3Aaction%3Dlightbox%26settings%3DeyJpZCI6NDU3MCwidXJsIjoiaHR0cHM6XC9cL3d3dy5hbmFxdWRhLmRlXC93cC1jb250ZW50XC91cGxvYWRzXC8yMDIwXC8wMVwvQTIxMDM4LmpwZyJ9\">\n\t\t\t\t\t\t\t<img fetchpriority=\"high\" decoding=\"async\" width=\"650\" height=\"650\" src=\"https:\/\/www.anaquda.de\/wp-content\/uploads\/2020\/01\/A21038.jpg\" class=\"attachment-full size-full wp-image-4570\" alt=\"\" srcset=\"https:\/\/www.anaquda.de\/wp-content\/uploads\/2020\/01\/A21038.jpg 650w, https:\/\/www.anaquda.de\/wp-content\/uploads\/2020\/01\/A21038-150x150.jpg 150w, https:\/\/www.anaquda.de\/wp-content\/uploads\/2020\/01\/A21038-300x300.jpg 300w\" sizes=\"(max-width: 650px) 100vw, 650px\" \/>\t\t\t\t\t\t\t\t<\/a>\n\t\t\t\t\t\t\t\t\t\t\t\t\t\t\t<\/div>\n\t\t\t\t<\/div>\n\t\t\t\t\t<\/div>\n\t\t<\/div>\n\t\t\t\t<div class=\"elementor-column elementor-col-50 elementor-top-column elementor-element elementor-element-12f38ffd\" data-id=\"12f38ffd\" data-element_type=\"column\" data-e-type=\"column\">\n\t\t\t<div class=\"elementor-widget-wrap elementor-element-populated\">\n\t\t\t\t\t\t<div class=\"elementor-element elementor-element-68bf988e elementor-widget elementor-widget-heading\" data-id=\"68bf988e\" data-element_type=\"widget\" data-e-type=\"widget\" data-widget_type=\"heading.default\">\n\t\t\t\t<div class=\"elementor-widget-container\">\n\t\t\t\t\t<h2 class=\"elementor-heading-title elementor-size-default\">RS Cover<\/h2>\t\t\t\t<\/div>\n\t\t\t\t<\/div>\n\t\t\t\t<div class=\"elementor-element elementor-element-572a3687 elementor-widget elementor-widget-jet-headline\" data-id=\"572a3687\" data-element_type=\"widget\" data-e-type=\"widget\" data-widget_type=\"jet-headline.default\">\n\t\t\t\t<div class=\"elementor-widget-container\">\n\t\t\t\t\t<span class=\"jet-headline jet-headline--direction-horizontal\"><span class=\"jet-headline__part jet-headline__first\"><span class=\"jet-headline__label\">ABEC-9 RS<\/span><\/span><span class=\"jet-headline__space\">&nbsp;<\/span><span class=\"jet-headline__part jet-headline__second\"><span class=\"jet-headline__label\">Roulements<\/span><\/span><\/span>\t\t\t\t<\/div>\n\t\t\t\t<\/div>\n\t\t\t\t<div class=\"elementor-element elementor-element-77191a1c elementor-widget-divider--view-line elementor-invisible elementor-widget elementor-widget-divider\" data-id=\"77191a1c\" data-element_type=\"widget\" data-e-type=\"widget\" data-settings=\"{&quot;_animation&quot;:&quot;fadeInRight&quot;,&quot;_animation_delay&quot;:200}\" data-widget_type=\"divider.default\">\n\t\t\t\t<div class=\"elementor-widget-container\">\n\t\t\t\t\t\t\t<div class=\"elementor-divider\">\n\t\t\t<span class=\"elementor-divider-separator\">\n\t\t\t\t\t\t<\/span>\n\t\t<\/div>\n\t\t\t\t\t\t<\/div>\n\t\t\t\t<\/div>\n\t\t\t\t<div class=\"elementor-element elementor-element-cce25b0 elementor-widget elementor-widget-text-editor\" data-id=\"cce25b0\" data-element_type=\"widget\" data-e-type=\"widget\" data-widget_type=\"text-editor.default\">\n\t\t\t\t<div class=\"elementor-widget-container\">\n\t\t\t\t\t\t\t\t\t<p>Gr\u00e2ce aux roulements \u00e0 billes anaquda RS 608 de qualit\u00e9 ABEC 9, \u00e9quipez vos roues pour combiner vitesse et \u00e9tanch\u00e9it\u00e9. Le joint sp\u00e9cial RS prot\u00e8ge mieux la poussi\u00e8re et la salet\u00e9 que les joints conventionnels.<\/p>\t\t\t\t\t\t\t\t<\/div>\n\t\t\t\t<\/div>\n\t\t\t\t<div class=\"elementor-element elementor-element-3fca6f0c elementor-widget elementor-widget-text-editor\" data-id=\"3fca6f0c\" data-element_type=\"widget\" data-e-type=\"widget\" data-widget_type=\"text-editor.default\">\n\t\t\t\t<div class=\"elementor-widget-container\">\n\t\t\t\t\t\t\t\t\t<div style=\"box-sizing: inherit; margin: 0px -0.9375rem; padding: 0px; max-width: 75rem; display: flex; flex-flow: row wrap; color: #0a0a0a; font-family: 'Roboto Condensed', Helvetica; font-weight: 400; letter-spacing: normal;\"><div style=\"box-sizing: inherit; margin: 0px; padding: 0px 0.9375rem; flex: 0 0 100%; min-width: initial; max-width: 100%;\"><div style=\"box-sizing: inherit; margin: 0px; padding: 0px; font-size: 0.8em;\"><h1 style=\"box-sizing: inherit; font-size: 0.8em; margin-top: 0px; margin-bottom: 0px; padding: 0px;\"><span style=\"font-size: 42px; font-weight: bolder;\">16,90 \u20ac<\/span><\/h1><\/div><\/div><\/div>\t\t\t\t\t\t\t\t<\/div>\n\t\t\t\t<\/div>\n\t\t\t\t<div class=\"elementor-element elementor-element-1d5b50b4 elementor-align-left elementor-widget elementor-widget-button\" data-id=\"1d5b50b4\" data-element_type=\"widget\" data-e-type=\"widget\" data-widget_type=\"button.default\">\n\t\t\t\t<div class=\"elementor-widget-container\">\n\t\t\t\t\t\t\t\t\t<div class=\"elementor-button-wrapper\">\n\t\t\t\t\t<a class=\"elementor-button elementor-button-link elementor-size-sm\" href=\"https:\/\/bit.ly\/32cOJTO\" target=\"_blank\" rel=\"noopener\">\n\t\t\t\t\t\t<span class=\"elementor-button-content-wrapper\">\n\t\t\t\t\t\t<span class=\"elementor-button-icon\">\n\t\t\t\t<i aria-hidden=\"true\" class=\"fas fa-cart-arrow-down\"><\/i>\t\t\t<\/span>\n\t\t\t\t\t\t\t\t\t<span class=\"elementor-button-text\">acheter<\/span>\n\t\t\t\t\t<\/span>\n\t\t\t\t\t<\/a>\n\t\t\t\t<\/div>\n\t\t\t\t\t\t\t\t<\/div>\n\t\t\t\t<\/div>\n\t\t\t\t\t<\/div>\n\t\t<\/div>\n\t\t\t\t\t<\/div>\n\t\t<\/section>\n\t\t\t\t<section class=\"elementor-section elementor-top-section elementor-element elementor-element-6e50daa8 elementor-reverse-mobile elementor-section-boxed elementor-section-height-default elementor-section-height-default\" data-id=\"6e50daa8\" data-element_type=\"section\" data-e-type=\"section\" data-settings=\"{&quot;jet_parallax_layout_list&quot;:[{&quot;_id&quot;:&quot;2a6e873&quot;,&quot;jet_parallax_layout_image&quot;:{&quot;url&quot;:&quot;&quot;,&quot;id&quot;:&quot;&quot;,&quot;size&quot;:&quot;&quot;},&quot;jet_parallax_layout_image_tablet&quot;:{&quot;url&quot;:&quot;&quot;,&quot;id&quot;:&quot;&quot;,&quot;size&quot;:&quot;&quot;},&quot;jet_parallax_layout_image_mobile&quot;:{&quot;url&quot;:&quot;&quot;,&quot;id&quot;:&quot;&quot;,&quot;size&quot;:&quot;&quot;},&quot;jet_parallax_layout_speed&quot;:{&quot;unit&quot;:&quot;%&quot;,&quot;size&quot;:50,&quot;sizes&quot;:[]},&quot;jet_parallax_layout_type&quot;:&quot;scroll&quot;,&quot;jet_parallax_layout_direction&quot;:&quot;1&quot;,&quot;jet_parallax_layout_fx_direction&quot;:null,&quot;jet_parallax_layout_z_index&quot;:&quot;&quot;,&quot;jet_parallax_layout_bg_x&quot;:50,&quot;jet_parallax_layout_bg_x_tablet&quot;:&quot;&quot;,&quot;jet_parallax_layout_bg_x_mobile&quot;:&quot;&quot;,&quot;jet_parallax_layout_bg_y&quot;:50,&quot;jet_parallax_layout_bg_y_tablet&quot;:&quot;&quot;,&quot;jet_parallax_layout_bg_y_mobile&quot;:&quot;&quot;,&quot;jet_parallax_layout_bg_size&quot;:&quot;auto&quot;,&quot;jet_parallax_layout_bg_size_tablet&quot;:&quot;&quot;,&quot;jet_parallax_layout_bg_size_mobile&quot;:&quot;&quot;,&quot;jet_parallax_layout_animation_prop&quot;:&quot;transform&quot;,&quot;jet_parallax_layout_on&quot;:[&quot;desktop&quot;,&quot;tablet&quot;]}]}\">\n\t\t\t\t\t\t<div class=\"elementor-container elementor-column-gap-default\">\n\t\t\t\t\t<div class=\"elementor-column elementor-col-50 elementor-top-column elementor-element elementor-element-639559aa\" data-id=\"639559aa\" data-element_type=\"column\" data-e-type=\"column\">\n\t\t\t<div class=\"elementor-widget-wrap elementor-element-populated\">\n\t\t\t\t\t\t<div class=\"elementor-element elementor-element-8d0f701 elementor-widget elementor-widget-heading\" data-id=\"8d0f701\" data-element_type=\"widget\" data-e-type=\"widget\" data-widget_type=\"heading.default\">\n\t\t\t\t<div class=\"elementor-widget-container\">\n\t\t\t\t\t<h2 class=\"elementor-heading-title elementor-size-default\">\u00e0 propos des roulements<\/h2>\t\t\t\t<\/div>\n\t\t\t\t<\/div>\n\t\t\t\t<div class=\"elementor-element elementor-element-610e60c4 elementor-widget elementor-widget-jet-headline\" data-id=\"610e60c4\" data-element_type=\"widget\" data-e-type=\"widget\" data-widget_type=\"jet-headline.default\">\n\t\t\t\t<div class=\"elementor-widget-container\">\n\t\t\t\t\t<span class=\"jet-headline jet-headline--direction-horizontal\"><span class=\"jet-headline__part jet-headline__second\"><span class=\"jet-headline__label\">D\u00e9tails<\/span><\/span><\/span>\t\t\t\t<\/div>\n\t\t\t\t<\/div>\n\t\t\t\t<div class=\"elementor-element elementor-element-2652b40e elementor-widget-divider--view-line elementor-invisible elementor-widget elementor-widget-divider\" data-id=\"2652b40e\" data-element_type=\"widget\" data-e-type=\"widget\" data-settings=\"{&quot;_animation&quot;:&quot;fadeInLeft&quot;}\" data-widget_type=\"divider.default\">\n\t\t\t\t<div class=\"elementor-widget-container\">\n\t\t\t\t\t\t\t<div class=\"elementor-divider\">\n\t\t\t<span class=\"elementor-divider-separator\">\n\t\t\t\t\t\t<\/span>\n\t\t<\/div>\n\t\t\t\t\t\t<\/div>\n\t\t\t\t<\/div>\n\t\t\t\t<div class=\"elementor-element elementor-element-1231cad0 elementor-widget elementor-widget-text-editor\" data-id=\"1231cad0\" data-element_type=\"widget\" data-e-type=\"widget\" data-widget_type=\"text-editor.default\">\n\t\t\t\t<div class=\"elementor-widget-container\">\n\t\t\t\t\t\t\t\t\t<p><span style=\"box-sizing: inherit; font-weight: bold; font-size: 16px; line-height: inherit; color: #0a0a0a; font-family: 'Roboto Condensed', Helvetica; letter-spacing: normal;\"><span style=\"box-sizing: inherit; line-height: inherit;\"><span style=\"box-sizing: inherit; line-height: inherit;\"><span style=\"box-sizing: inherit; line-height: inherit;\"><span style=\"box-sizing: inherit; line-height: inherit;\"><span style=\"color: #0c0c0c; font-family: Oswald, sans-serif; letter-spacing: -0.2px;\">\u2022 Roulements:<\/span><span style=\"color: #0c0c0c; font-family: Oswald, sans-serif; font-weight: 400; letter-spacing: -0.2px;\">\u00a0ABEC-9<br \/><\/span><span style=\"color: #0c0c0c; font-family: Oswald, sans-serif; letter-spacing: -0.2px;\">\u2022 \u00c9tanch\u00e9it\u00e9:<\/span><span style=\"color: #0c0c0c; font-family: Oswald, sans-serif; font-weight: 400; letter-spacing: -0.2px;\">\u00a0anaquda RS<\/span><br style=\"color: #0c0c0c; font-family: Oswald, sans-serif; font-weight: 400; letter-spacing: -0.2px;\" \/><span style=\"color: #0c0c0c; font-family: Oswald, sans-serif; letter-spacing: -0.2px;\">\u2022 Inclus:<\/span><span style=\"color: #0c0c0c; font-family: Oswald, sans-serif; font-weight: 400; letter-spacing: -0.2px;\">\u00a04x roulements, 2x spacer<\/span>s<br style=\"color: #0c0c0c; font-family: Oswald, sans-serif; font-weight: 400; letter-spacing: -0.2px;\" \/><span style=\"color: #0c0c0c; font-family: Oswald, sans-serif; letter-spacing: -0.2px;\">\u2022 Taille du spacer<\/span><span style=\"color: #0c0c0c; font-family: Oswald, sans-serif; font-weight: 400; letter-spacing: -0.2px;\">: 10,3 mm<\/span><br \/><\/span><\/span><\/span><\/span><\/span><\/p>\t\t\t\t\t\t\t\t<\/div>\n\t\t\t\t<\/div>\n\t\t\t\t\t<\/div>\n\t\t<\/div>\n\t\t\t\t<div class=\"elementor-column elementor-col-50 elementor-top-column elementor-element elementor-element-2a1d7b36\" data-id=\"2a1d7b36\" data-element_type=\"column\" data-e-type=\"column\">\n\t\t\t<div class=\"elementor-widget-wrap elementor-element-populated\">\n\t\t\t\t\t\t<div class=\"elementor-element elementor-element-eda6aa9 elementor-invisible elementor-widget elementor-widget-image\" data-id=\"eda6aa9\" data-element_type=\"widget\" data-e-type=\"widget\" data-settings=\"{&quot;_animation&quot;:&quot;fadeInRight&quot;}\" data-widget_type=\"image.default\">\n\t\t\t\t<div class=\"elementor-widget-container\">\n\t\t\t\t\t\t\t\t\t\t\t\t\t\t\t\t<a href=\"https:\/\/www.anaquda.de\/wp-content\/uploads\/2016\/03\/anaquda-Bearings.png\" data-elementor-open-lightbox=\"yes\" data-elementor-lightbox-title=\"anaquda Bearings\" data-e-action-hash=\"#elementor-action%3Aaction%3Dlightbox%26settings%3DeyJpZCI6NjQ3MiwidXJsIjoiaHR0cHM6XC9cL3d3dy5hbmFxdWRhLmRlXC93cC1jb250ZW50XC91cGxvYWRzXC8yMDE2XC8wM1wvYW5hcXVkYS1CZWFyaW5ncy5wbmcifQ%3D%3D\">\n\t\t\t\t\t\t\t<img decoding=\"async\" width=\"1080\" height=\"650\" src=\"https:\/\/www.anaquda.de\/wp-content\/uploads\/2016\/03\/anaquda-Bearings.png\" class=\"attachment-full size-full wp-image-6472\" alt=\"\" srcset=\"https:\/\/www.anaquda.de\/wp-content\/uploads\/2016\/03\/anaquda-Bearings.png 1080w, https:\/\/www.anaquda.de\/wp-content\/uploads\/2016\/03\/anaquda-Bearings-300x181.png 300w, https:\/\/www.anaquda.de\/wp-content\/uploads\/2016\/03\/anaquda-Bearings-768x462.png 768w, https:\/\/www.anaquda.de\/wp-content\/uploads\/2016\/03\/anaquda-Bearings-1024x616.png 1024w, https:\/\/www.anaquda.de\/wp-content\/uploads\/2016\/03\/anaquda-Bearings-592x356.png 592w, https:\/\/www.anaquda.de\/wp-content\/uploads\/2016\/03\/anaquda-Bearings-920x554.png 920w, https:\/\/www.anaquda.de\/wp-content\/uploads\/2016\/03\/anaquda-Bearings-1020x614.png 1020w\" sizes=\"(max-width: 1080px) 100vw, 1080px\" \/>\t\t\t\t\t\t\t\t<\/a>\n\t\t\t\t\t\t\t\t\t\t\t\t\t\t\t<\/div>\n\t\t\t\t<\/div>\n\t\t\t\t<div class=\"elementor-element elementor-element-7b922cb8 elementor-widget elementor-widget-heading\" data-id=\"7b922cb8\" data-element_type=\"widget\" data-e-type=\"widget\" data-widget_type=\"heading.default\">\n\t\t\t\t<div class=\"elementor-widget-container\">\n\t\t\t\t\t<h2 class=\"elementor-heading-title elementor-size-default\">specs<\/h2>\t\t\t\t<\/div>\n\t\t\t\t<\/div>\n\t\t\t\t\t<\/div>\n\t\t<\/div>\n\t\t\t\t\t<\/div>\n\t\t<\/section>\n\t\t\t\t<\/div>\n\t\t","protected":false},"excerpt":{"rendered":"<p>RS Cover ABEC-9 RS&nbsp;Roulements Gr\u00e2ce aux roulements \u00e0 billes anaquda RS 608 de qualit\u00e9 ABEC 9, \u00e9quipez vos roues pour combiner vitesse et \u00e9tanch\u00e9it\u00e9. Le joint sp\u00e9cial RS prot\u00e8ge mieux la poussi\u00e8re et la salet\u00e9 que les joints conventionnels. 16,90 \u20ac acheter \u00e0 propos des roulements D\u00e9tails \u2022 Roulements:\u00a0ABEC-9\u2022 \u00c9tanch\u00e9it\u00e9:\u00a0anaquda RS\u2022 Inclus:\u00a04x roulements, 2x spacers\u2022 [&hellip;]<\/p>\n","protected":false},"author":20,"featured_media":0,"parent":0,"menu_order":0,"comment_status":"closed","ping_status":"closed","template":"elementor_header_footer","meta":{"footnotes":""},"class_list":["post-6935","page","type-page","status-publish","hentry"],"_links":{"self":[{"href":"https:\/\/www.anaquda.de\/fr\/wp-json\/wp\/v2\/pages\/6935","targetHints":{"allow":["GET"]}}],"collection":[{"href":"https:\/\/www.anaquda.de\/fr\/wp-json\/wp\/v2\/pages"}],"about":[{"href":"https:\/\/www.anaquda.de\/fr\/wp-json\/wp\/v2\/types\/page"}],"author":[{"embeddable":true,"href":"https:\/\/www.anaquda.de\/fr\/wp-json\/wp\/v2\/users\/20"}],"replies":[{"embeddable":true,"href":"https:\/\/www.anaquda.de\/fr\/wp-json\/wp\/v2\/comments?post=6935"}],"version-history":[{"count":8,"href":"https:\/\/www.anaquda.de\/fr\/wp-json\/wp\/v2\/pages\/6935\/revisions"}],"predecessor-version":[{"id":9201,"href":"https:\/\/www.anaquda.de\/fr\/wp-json\/wp\/v2\/pages\/6935\/revisions\/9201"}],"wp:attachment":[{"href":"https:\/\/www.anaquda.de\/fr\/wp-json\/wp\/v2\/media?parent=6935"}],"curies":[{"name":"wp","href":"https:\/\/api.w.org\/{rel}","templated":true}]}}