{"id":6914,"date":"2020-02-07T10:59:40","date_gmt":"2020-02-07T08:59:40","guid":{"rendered":"https:\/\/www.anaquda.de\/?page_id=6914"},"modified":"2023-03-29T17:59:47","modified_gmt":"2023-03-29T15:59:47","slug":"solid-pegs","status":"publish","type":"page","link":"https:\/\/www.anaquda.de\/fr\/solid-pegs\/","title":{"rendered":"Solid Pegs"},"content":{"rendered":"\t\t<div data-elementor-type=\"wp-page\" data-elementor-id=\"6914\" class=\"elementor elementor-6914 elementor-2005\" data-elementor-post-type=\"page\">\n\t\t\t\t\t\t<section class=\"elementor-section elementor-top-section elementor-element elementor-element-2b85b0b2 elementor-section-boxed elementor-section-height-default elementor-section-height-default\" data-id=\"2b85b0b2\" data-element_type=\"section\" data-e-type=\"section\" id=\"about\" data-settings=\"{&quot;jet_parallax_layout_list&quot;:[{&quot;_id&quot;:&quot;577295b&quot;,&quot;jet_parallax_layout_image&quot;:{&quot;url&quot;:&quot;&quot;,&quot;id&quot;:&quot;&quot;,&quot;size&quot;:&quot;&quot;},&quot;jet_parallax_layout_image_tablet&quot;:{&quot;url&quot;:&quot;&quot;,&quot;id&quot;:&quot;&quot;,&quot;size&quot;:&quot;&quot;},&quot;jet_parallax_layout_image_mobile&quot;:{&quot;url&quot;:&quot;&quot;,&quot;id&quot;:&quot;&quot;,&quot;size&quot;:&quot;&quot;},&quot;jet_parallax_layout_speed&quot;:{&quot;unit&quot;:&quot;%&quot;,&quot;size&quot;:50,&quot;sizes&quot;:[]},&quot;jet_parallax_layout_type&quot;:&quot;scroll&quot;,&quot;jet_parallax_layout_direction&quot;:&quot;1&quot;,&quot;jet_parallax_layout_fx_direction&quot;:null,&quot;jet_parallax_layout_z_index&quot;:&quot;&quot;,&quot;jet_parallax_layout_bg_x&quot;:50,&quot;jet_parallax_layout_bg_x_tablet&quot;:&quot;&quot;,&quot;jet_parallax_layout_bg_x_mobile&quot;:&quot;&quot;,&quot;jet_parallax_layout_bg_y&quot;:50,&quot;jet_parallax_layout_bg_y_tablet&quot;:&quot;&quot;,&quot;jet_parallax_layout_bg_y_mobile&quot;:&quot;&quot;,&quot;jet_parallax_layout_bg_size&quot;:&quot;auto&quot;,&quot;jet_parallax_layout_bg_size_tablet&quot;:&quot;&quot;,&quot;jet_parallax_layout_bg_size_mobile&quot;:&quot;&quot;,&quot;jet_parallax_layout_animation_prop&quot;:&quot;transform&quot;,&quot;jet_parallax_layout_on&quot;:[&quot;desktop&quot;,&quot;tablet&quot;]}]}\">\n\t\t\t\t\t\t<div class=\"elementor-container elementor-column-gap-default\">\n\t\t\t\t\t<div class=\"elementor-column elementor-col-50 elementor-top-column elementor-element elementor-element-1e33b60c\" data-id=\"1e33b60c\" data-element_type=\"column\" data-e-type=\"column\">\n\t\t\t<div class=\"elementor-widget-wrap elementor-element-populated\">\n\t\t\t\t\t\t<div class=\"elementor-element elementor-element-5b2c3402 elementor-invisible elementor-widget elementor-widget-image\" data-id=\"5b2c3402\" data-element_type=\"widget\" data-e-type=\"widget\" data-settings=\"{&quot;_animation&quot;:&quot;fadeInLeft&quot;,&quot;_animation_delay&quot;:200}\" data-widget_type=\"image.default\">\n\t\t\t\t<div class=\"elementor-widget-container\">\n\t\t\t\t\t\t\t\t\t\t\t\t\t\t\t\t<a href=\"https:\/\/ezentrum-res.cloudinary.com\/images\/v1679606052\/anaquda\/A20326_455294c5c\/A20326_455294c5c.jpg?_i=AA\" data-elementor-open-lightbox=\"yes\" data-elementor-lightbox-title=\"A20326\" data-e-action-hash=\"#elementor-action%3Aaction%3Dlightbox%26settings%3DeyJpZCI6NDU1MiwidXJsIjoiaHR0cHM6XC9cL3d3dy5hbmFxdWRhLmRlXC93cC1jb250ZW50XC91cGxvYWRzXC8yMDIwXC8wMVwvQTIwMzI2LmpwZyJ9\" target=\"_blank\" rel=\"noopener\">\n\t\t\t\t\t\t\t<img fetchpriority=\"high\" decoding=\"async\" width=\"650\" height=\"650\" src=\"https:\/\/www.anaquda.de\/wp-content\/uploads\/2020\/01\/A20326.jpg\" class=\"attachment-full size-full wp-image-4552\" alt=\"\" srcset=\"https:\/\/www.anaquda.de\/wp-content\/uploads\/2020\/01\/A20326.jpg 650w, https:\/\/www.anaquda.de\/wp-content\/uploads\/2020\/01\/A20326-150x150.jpg 150w, https:\/\/www.anaquda.de\/wp-content\/uploads\/2020\/01\/A20326-300x300.jpg 300w\" sizes=\"(max-width: 650px) 100vw, 650px\" \/>\t\t\t\t\t\t\t\t<\/a>\n\t\t\t\t\t\t\t\t\t\t\t\t\t\t\t<\/div>\n\t\t\t\t<\/div>\n\t\t\t\t\t<\/div>\n\t\t<\/div>\n\t\t\t\t<div class=\"elementor-column elementor-col-50 elementor-top-column elementor-element elementor-element-6ba0c345\" data-id=\"6ba0c345\" data-element_type=\"column\" data-e-type=\"column\">\n\t\t\t<div class=\"elementor-widget-wrap elementor-element-populated\">\n\t\t\t\t\t\t<div class=\"elementor-element elementor-element-30b78542 elementor-widget elementor-widget-heading\" data-id=\"30b78542\" data-element_type=\"widget\" data-e-type=\"widget\" data-widget_type=\"heading.default\">\n\t\t\t\t<div class=\"elementor-widget-container\">\n\t\t\t\t\t<h2 class=\"elementor-heading-title elementor-size-default\">Grinds agressifs<\/h2>\t\t\t\t<\/div>\n\t\t\t\t<\/div>\n\t\t\t\t<div class=\"elementor-element elementor-element-3f57b399 elementor-widget elementor-widget-jet-headline\" data-id=\"3f57b399\" data-element_type=\"widget\" data-e-type=\"widget\" data-widget_type=\"jet-headline.default\">\n\t\t\t\t<div class=\"elementor-widget-container\">\n\t\t\t\t\t<span class=\"jet-headline jet-headline--direction-horizontal\"><span class=\"jet-headline__part jet-headline__first\"><span class=\"jet-headline__label\">Solid<\/span><\/span><span class=\"jet-headline__space\">&nbsp;<\/span><span class=\"jet-headline__part jet-headline__second\"><span class=\"jet-headline__label\">Pegs V2<\/span><\/span><\/span>\t\t\t\t<\/div>\n\t\t\t\t<\/div>\n\t\t\t\t<div class=\"elementor-element elementor-element-4d8673de elementor-widget-divider--view-line elementor-invisible elementor-widget elementor-widget-divider\" data-id=\"4d8673de\" data-element_type=\"widget\" data-e-type=\"widget\" data-settings=\"{&quot;_animation&quot;:&quot;fadeInRight&quot;,&quot;_animation_delay&quot;:200}\" data-widget_type=\"divider.default\">\n\t\t\t\t<div class=\"elementor-widget-container\">\n\t\t\t\t\t\t\t<div class=\"elementor-divider\">\n\t\t\t<span class=\"elementor-divider-separator\">\n\t\t\t\t\t\t<\/span>\n\t\t<\/div>\n\t\t\t\t\t\t<\/div>\n\t\t\t\t<\/div>\n\t\t\t\t<div class=\"elementor-element elementor-element-5f75da8f elementor-widget elementor-widget-text-editor\" data-id=\"5f75da8f\" data-element_type=\"widget\" data-e-type=\"widget\" data-widget_type=\"text-editor.default\">\n\t\t\t\t<div class=\"elementor-widget-container\">\n\t\t\t\t\t\t\t\t\tLes Solid Pegs V2 faits d&rsquo;acier inoxydable sont ultras r\u00e9sistants et assurent des grinds sur toutes les surfaces pour une dur\u00e9e de vie \u00e9lev\u00e9e.\t\t\t\t\t\t\t\t<\/div>\n\t\t\t\t<\/div>\n\t\t\t\t<div class=\"elementor-element elementor-element-44dbbd87 elementor-widget elementor-widget-text-editor\" data-id=\"44dbbd87\" data-element_type=\"widget\" data-e-type=\"widget\" data-widget_type=\"text-editor.default\">\n\t\t\t\t<div class=\"elementor-widget-container\">\n\t\t\t\t\t\t\t\t\t<div style=\"box-sizing: inherit; margin: 0px -0.9375rem; padding: 0px; max-width: 75rem; display: flex; flex-flow: row wrap; color: #0a0a0a; font-family: 'Roboto Condensed', Helvetica; font-weight: 400; letter-spacing: normal;\"><div style=\"box-sizing: inherit; margin: 0px; padding: 0px 0.9375rem; flex: 0 0 100%; min-width: initial; max-width: 100%;\"><div style=\"box-sizing: inherit; margin: 0px; padding: 0px;\"><h1 style=\"box-sizing: inherit; margin-top: 0px; margin-bottom: 0px; padding: 0px;\"><span style=\"font-size: 42px; font-weight: bolder;\">29,90 \u20ac<\/span><\/h1><\/div><\/div><\/div>\t\t\t\t\t\t\t\t<\/div>\n\t\t\t\t<\/div>\n\t\t\t\t<div class=\"elementor-element elementor-element-352de6e3 elementor-align-left elementor-widget elementor-widget-button\" data-id=\"352de6e3\" data-element_type=\"widget\" data-e-type=\"widget\" data-widget_type=\"button.default\">\n\t\t\t\t<div class=\"elementor-widget-container\">\n\t\t\t\t\t\t\t\t\t<div class=\"elementor-button-wrapper\">\n\t\t\t\t\t<a class=\"elementor-button elementor-button-link elementor-size-sm\" href=\"https:\/\/bit.ly\/3jXfdyH\" target=\"_blank\" rel=\"noopener\">\n\t\t\t\t\t\t<span class=\"elementor-button-content-wrapper\">\n\t\t\t\t\t\t<span class=\"elementor-button-icon\">\n\t\t\t\t<i aria-hidden=\"true\" class=\"fas fa-cart-arrow-down\"><\/i>\t\t\t<\/span>\n\t\t\t\t\t\t\t\t\t<span class=\"elementor-button-text\">acheter<\/span>\n\t\t\t\t\t<\/span>\n\t\t\t\t\t<\/a>\n\t\t\t\t<\/div>\n\t\t\t\t\t\t\t\t<\/div>\n\t\t\t\t<\/div>\n\t\t\t\t\t<\/div>\n\t\t<\/div>\n\t\t\t\t\t<\/div>\n\t\t<\/section>\n\t\t\t\t<section class=\"elementor-section elementor-top-section elementor-element elementor-element-25af5be elementor-reverse-mobile elementor-section-boxed elementor-section-height-default elementor-section-height-default\" data-id=\"25af5be\" data-element_type=\"section\" data-e-type=\"section\" data-settings=\"{&quot;jet_parallax_layout_list&quot;:[{&quot;_id&quot;:&quot;2a6e873&quot;,&quot;jet_parallax_layout_image&quot;:{&quot;url&quot;:&quot;&quot;,&quot;id&quot;:&quot;&quot;,&quot;size&quot;:&quot;&quot;},&quot;jet_parallax_layout_image_tablet&quot;:{&quot;url&quot;:&quot;&quot;,&quot;id&quot;:&quot;&quot;,&quot;size&quot;:&quot;&quot;},&quot;jet_parallax_layout_image_mobile&quot;:{&quot;url&quot;:&quot;&quot;,&quot;id&quot;:&quot;&quot;,&quot;size&quot;:&quot;&quot;},&quot;jet_parallax_layout_speed&quot;:{&quot;unit&quot;:&quot;%&quot;,&quot;size&quot;:50,&quot;sizes&quot;:[]},&quot;jet_parallax_layout_type&quot;:&quot;scroll&quot;,&quot;jet_parallax_layout_direction&quot;:&quot;1&quot;,&quot;jet_parallax_layout_fx_direction&quot;:null,&quot;jet_parallax_layout_z_index&quot;:&quot;&quot;,&quot;jet_parallax_layout_bg_x&quot;:50,&quot;jet_parallax_layout_bg_x_tablet&quot;:&quot;&quot;,&quot;jet_parallax_layout_bg_x_mobile&quot;:&quot;&quot;,&quot;jet_parallax_layout_bg_y&quot;:50,&quot;jet_parallax_layout_bg_y_tablet&quot;:&quot;&quot;,&quot;jet_parallax_layout_bg_y_mobile&quot;:&quot;&quot;,&quot;jet_parallax_layout_bg_size&quot;:&quot;auto&quot;,&quot;jet_parallax_layout_bg_size_tablet&quot;:&quot;&quot;,&quot;jet_parallax_layout_bg_size_mobile&quot;:&quot;&quot;,&quot;jet_parallax_layout_animation_prop&quot;:&quot;transform&quot;,&quot;jet_parallax_layout_on&quot;:[&quot;desktop&quot;,&quot;tablet&quot;]}]}\">\n\t\t\t\t\t\t<div class=\"elementor-container elementor-column-gap-default\">\n\t\t\t\t\t<div class=\"elementor-column elementor-col-50 elementor-top-column elementor-element elementor-element-402aa250\" data-id=\"402aa250\" data-element_type=\"column\" data-e-type=\"column\">\n\t\t\t<div class=\"elementor-widget-wrap elementor-element-populated\">\n\t\t\t\t\t\t<div class=\"elementor-element elementor-element-6d534fa elementor-widget elementor-widget-heading\" data-id=\"6d534fa\" data-element_type=\"widget\" data-e-type=\"widget\" data-widget_type=\"heading.default\">\n\t\t\t\t<div class=\"elementor-widget-container\">\n\t\t\t\t\t<h2 class=\"elementor-heading-title elementor-size-default\">\u00e0 propos des pegs<\/h2>\t\t\t\t<\/div>\n\t\t\t\t<\/div>\n\t\t\t\t<div class=\"elementor-element elementor-element-1ba460f5 elementor-widget elementor-widget-jet-headline\" data-id=\"1ba460f5\" data-element_type=\"widget\" data-e-type=\"widget\" data-widget_type=\"jet-headline.default\">\n\t\t\t\t<div class=\"elementor-widget-container\">\n\t\t\t\t\t<span class=\"jet-headline jet-headline--direction-horizontal\"><span class=\"jet-headline__part jet-headline__second\"><span class=\"jet-headline__label\">D\u00e9tails<\/span><\/span><\/span>\t\t\t\t<\/div>\n\t\t\t\t<\/div>\n\t\t\t\t<div class=\"elementor-element elementor-element-52dc25a1 elementor-widget-divider--view-line elementor-invisible elementor-widget elementor-widget-divider\" data-id=\"52dc25a1\" data-element_type=\"widget\" data-e-type=\"widget\" data-settings=\"{&quot;_animation&quot;:&quot;fadeInLeft&quot;}\" data-widget_type=\"divider.default\">\n\t\t\t\t<div class=\"elementor-widget-container\">\n\t\t\t\t\t\t\t<div class=\"elementor-divider\">\n\t\t\t<span class=\"elementor-divider-separator\">\n\t\t\t\t\t\t<\/span>\n\t\t<\/div>\n\t\t\t\t\t\t<\/div>\n\t\t\t\t<\/div>\n\t\t\t\t<div class=\"elementor-element elementor-element-58f7bebc elementor-widget elementor-widget-text-editor\" data-id=\"58f7bebc\" data-element_type=\"widget\" data-e-type=\"widget\" data-widget_type=\"text-editor.default\">\n\t\t\t\t<div class=\"elementor-widget-container\">\n\t\t\t\t\t\t\t\t\t<p style=\"text-align: left;\"><span style=\"box-sizing: inherit; font-weight: bold; font-size: 16px; line-height: inherit; color: #0a0a0a; font-family: 'Roboto Condensed', Helvetica; letter-spacing: normal;\"><span style=\"box-sizing: inherit; line-height: inherit;\"><span style=\"box-sizing: inherit; line-height: inherit;\"><span style=\"box-sizing: inherit; line-height: inherit;\"><span style=\"box-sizing: inherit; line-height: inherit;\"><span style=\"color: #0c0c0c; font-family: Oswald, sans-serif; letter-spacing: -0.2px;\">\u2022 Mat\u00e9riau:<\/span><span style=\"color: #0c0c0c; font-family: Oswald, sans-serif; font-weight: 400; letter-spacing: -0.2px;\"> acier inoxydable CNC<br \/><\/span><span style=\"color: #0c0c0c; font-family: Oswald, sans-serif; letter-spacing: -0.2px;\">\u2022 Longueur:<\/span><span style=\"color: #0c0c0c; font-family: Oswald, sans-serif; font-weight: 400; letter-spacing: -0.2px;\">\u00a047 mm<br \/><\/span><span style=\"color: #0c0c0c; font-family: Oswald, sans-serif; letter-spacing: -0.2px;\">\u2022 Poids \u00e0 l&rsquo;unit\u00e9:<\/span><span style=\"color: #0c0c0c; font-family: Oswald, sans-serif; font-weight: 400; letter-spacing: -0.2px;\">\u00a084 g<\/span><br style=\"color: #0c0c0c; font-family: Oswald, sans-serif; font-weight: 400; letter-spacing: -0.2px;\" \/><span style=\"color: #0c0c0c; font-family: Oswald, sans-serif; letter-spacing: -0.2px;\">\u2022 Axes inclus:<\/span><span style=\"color: #0c0c0c; font-family: Oswald, sans-serif; font-weight: 400; letter-spacing: -0.2px;\">\u00a01x 60mm, 1x\u00a0 75mm, 1x\u00a0 90mm, 1x\u00a0 100mm<\/span><\/span><\/span><\/span><\/span><\/span><br \/><span style=\"box-sizing: inherit; font-weight: bold; font-size: 16px; line-height: inherit; color: #0a0a0a; font-family: 'Roboto Condensed', Helvetica; letter-spacing: normal;\"><span style=\"box-sizing: inherit; line-height: inherit;\"><span style=\"box-sizing: inherit; line-height: inherit;\"><span style=\"box-sizing: inherit; line-height: inherit;\"><span style=\"box-sizing: inherit; line-height: inherit;\"><span style=\"box-sizing: inherit; font-weight: bold; font-size: 16px; line-height: inherit; color: #0a0a0a; font-family: 'Roboto Condensed', Helvetica; letter-spacing: normal;\"><span style=\"box-sizing: inherit; line-height: inherit;\"><span style=\"box-sizing: inherit; line-height: inherit;\"><span style=\"box-sizing: inherit; line-height: inherit;\"><span style=\"box-sizing: inherit; line-height: inherit;\"><span style=\"color: #0c0c0c; font-family: Oswald, sans-serif; letter-spacing: -0.2px;\">\u2022 Spacers:<\/span><span style=\"color: #0c0c0c; font-family: Oswald, sans-serif; font-weight: 400; letter-spacing: -0.2px;\"> 2 inclus<\/span><\/span><\/span><\/span><\/span><\/span><\/span><\/span><\/span><\/span><\/span><br \/><span style=\"box-sizing: inherit; font-weight: bold; font-size: 16px; line-height: inherit; color: #0a0a0a; font-family: 'Roboto Condensed', Helvetica; letter-spacing: normal;\"><span style=\"box-sizing: inherit; line-height: inherit;\"><span style=\"box-sizing: inherit; line-height: inherit;\"><span style=\"box-sizing: inherit; line-height: inherit;\"><span style=\"box-sizing: inherit; line-height: inherit;\"><span style=\"box-sizing: inherit; font-weight: bold; font-size: 16px; line-height: inherit; color: #0a0a0a; font-family: 'Roboto Condensed', Helvetica; letter-spacing: normal;\"><span style=\"box-sizing: inherit; line-height: inherit;\"><span style=\"box-sizing: inherit; line-height: inherit;\"><span style=\"box-sizing: inherit; line-height: inherit;\"><span style=\"box-sizing: inherit; line-height: inherit;\"><span style=\"color: #0c0c0c; font-family: Oswald, sans-serif; font-weight: 400; letter-spacing: -0.2px;\"><span style=\"box-sizing: inherit; font-weight: bold; font-size: 16px; line-height: inherit; color: #0a0a0a; font-family: 'Roboto Condensed', Helvetica; letter-spacing: normal;\"><span style=\"box-sizing: inherit; line-height: inherit;\"><span style=\"box-sizing: inherit; line-height: inherit;\"><span style=\"box-sizing: inherit; line-height: inherit;\"><span style=\"box-sizing: inherit; line-height: inherit;\"><span style=\"box-sizing: inherit; font-weight: bold; font-size: 16px; line-height: inherit; color: #0a0a0a; font-family: 'Roboto Condensed', Helvetica; letter-spacing: normal;\"><span style=\"box-sizing: inherit; line-height: inherit;\"><span style=\"box-sizing: inherit; line-height: inherit;\"><span style=\"box-sizing: inherit; line-height: inherit;\"><span style=\"box-sizing: inherit; line-height: inherit;\"><span style=\"color: #0c0c0c; font-family: Oswald, sans-serif; letter-spacing: -0.2px;\">\u2022 Fabriqu\u00e9s en Allemagne<\/span><\/span><\/span><\/span><\/span><\/span><\/span><\/span><\/span><\/span><\/span><\/span><\/span><\/span><\/span><\/span><\/span><\/span><\/span><\/span><\/span><\/span><\/p>\t\t\t\t\t\t\t\t<\/div>\n\t\t\t\t<\/div>\n\t\t\t\t\t<\/div>\n\t\t<\/div>\n\t\t\t\t<div class=\"elementor-column elementor-col-50 elementor-top-column elementor-element elementor-element-7fc31642\" data-id=\"7fc31642\" data-element_type=\"column\" data-e-type=\"column\">\n\t\t\t<div class=\"elementor-widget-wrap elementor-element-populated\">\n\t\t\t\t\t\t<div class=\"elementor-element elementor-element-51fd5a89 elementor-invisible elementor-widget elementor-widget-image\" data-id=\"51fd5a89\" data-element_type=\"widget\" data-e-type=\"widget\" data-settings=\"{&quot;_animation&quot;:&quot;fadeInRight&quot;}\" data-widget_type=\"image.default\">\n\t\t\t\t<div class=\"elementor-widget-container\">\n\t\t\t\t\t\t\t\t\t\t\t\t\t\t\t\t<a href=\"https:\/\/ezentrum-res.cloudinary.com\/images\/v1679602364\/anaquda\/DSC_1506_2_6365a70dc\/DSC_1506_2_6365a70dc.jpg?_i=AA\" data-elementor-open-lightbox=\"yes\" data-elementor-lightbox-title=\"DSC_1506_2\" data-e-action-hash=\"#elementor-action%3Aaction%3Dlightbox%26settings%3DeyJpZCI6NjM2NSwidXJsIjoiaHR0cHM6XC9cL3d3dy5hbmFxdWRhLmRlXC93cC1jb250ZW50XC91cGxvYWRzXC8yMDE0XC8wOVwvRFNDXzE1MDZfMi5qcGcifQ%3D%3D\" target=\"_blank\" rel=\"noopener\">\n\t\t\t\t\t\t\t<img decoding=\"async\" width=\"1000\" height=\"601\" src=\"https:\/\/www.anaquda.de\/wp-content\/uploads\/2014\/09\/DSC_1506_2.jpg\" class=\"attachment-full size-full wp-image-6365\" alt=\"\" srcset=\"https:\/\/www.anaquda.de\/wp-content\/uploads\/2014\/09\/DSC_1506_2.jpg 1000w, https:\/\/www.anaquda.de\/wp-content\/uploads\/2014\/09\/DSC_1506_2-300x180.jpg 300w, https:\/\/www.anaquda.de\/wp-content\/uploads\/2014\/09\/DSC_1506_2-592x355.jpg 592w, https:\/\/www.anaquda.de\/wp-content\/uploads\/2014\/09\/DSC_1506_2-920x552.jpg 920w\" sizes=\"(max-width: 1000px) 100vw, 1000px\" \/>\t\t\t\t\t\t\t\t<\/a>\n\t\t\t\t\t\t\t\t\t\t\t\t\t\t\t<\/div>\n\t\t\t\t<\/div>\n\t\t\t\t<div class=\"elementor-element elementor-element-7e82d37 elementor-widget elementor-widget-heading\" data-id=\"7e82d37\" data-element_type=\"widget\" data-e-type=\"widget\" data-widget_type=\"heading.default\">\n\t\t\t\t<div class=\"elementor-widget-container\">\n\t\t\t\t\t<h2 class=\"elementor-heading-title elementor-size-default\">specs<\/h2>\t\t\t\t<\/div>\n\t\t\t\t<\/div>\n\t\t\t\t\t<\/div>\n\t\t<\/div>\n\t\t\t\t\t<\/div>\n\t\t<\/section>\n\t\t\t\t<section class=\"elementor-section elementor-top-section elementor-element elementor-element-6c014b9 elementor-section-boxed elementor-section-height-default elementor-section-height-default\" data-id=\"6c014b9\" data-element_type=\"section\" data-e-type=\"section\" data-settings=\"{&quot;background_background&quot;:&quot;classic&quot;,&quot;jet_parallax_layout_list&quot;:[{&quot;jet_parallax_layout_speed&quot;:{&quot;unit&quot;:&quot;%&quot;,&quot;size&quot;:3,&quot;sizes&quot;:[]},&quot;jet_parallax_layout_type&quot;:&quot;mouse&quot;,&quot;jet_parallax_layout_bg_x&quot;:18,&quot;jet_parallax_layout_bg_y&quot;:20,&quot;jet_parallax_layout_animation_prop&quot;:&quot;bgposition&quot;,&quot;_id&quot;:&quot;e87fdb3&quot;,&quot;jet_parallax_layout_image&quot;:{&quot;url&quot;:&quot;&quot;,&quot;id&quot;:&quot;&quot;,&quot;size&quot;:&quot;&quot;},&quot;jet_parallax_layout_image_tablet&quot;:{&quot;url&quot;:&quot;&quot;,&quot;id&quot;:&quot;&quot;,&quot;size&quot;:&quot;&quot;},&quot;jet_parallax_layout_image_mobile&quot;:{&quot;url&quot;:&quot;&quot;,&quot;id&quot;:&quot;&quot;,&quot;size&quot;:&quot;&quot;},&quot;jet_parallax_layout_direction&quot;:null,&quot;jet_parallax_layout_fx_direction&quot;:null,&quot;jet_parallax_layout_z_index&quot;:&quot;&quot;,&quot;jet_parallax_layout_bg_x_tablet&quot;:&quot;&quot;,&quot;jet_parallax_layout_bg_x_mobile&quot;:&quot;&quot;,&quot;jet_parallax_layout_bg_y_tablet&quot;:&quot;&quot;,&quot;jet_parallax_layout_bg_y_mobile&quot;:&quot;&quot;,&quot;jet_parallax_layout_bg_size&quot;:&quot;auto&quot;,&quot;jet_parallax_layout_bg_size_tablet&quot;:&quot;&quot;,&quot;jet_parallax_layout_bg_size_mobile&quot;:&quot;&quot;,&quot;jet_parallax_layout_on&quot;:[&quot;desktop&quot;,&quot;tablet&quot;]}]}\">\n\t\t\t\t\t\t<div class=\"elementor-container elementor-column-gap-default\">\n\t\t\t\t\t<div class=\"elementor-column elementor-col-100 elementor-top-column elementor-element elementor-element-644f6ae\" data-id=\"644f6ae\" data-element_type=\"column\" data-e-type=\"column\">\n\t\t\t<div class=\"elementor-widget-wrap elementor-element-populated\">\n\t\t\t\t\t\t<div class=\"elementor-element elementor-element-4195e70 elementor-widget elementor-widget-heading\" data-id=\"4195e70\" data-element_type=\"widget\" data-e-type=\"widget\" data-widget_type=\"heading.default\">\n\t\t\t\t<div class=\"elementor-widget-container\">\n\t\t\t\t\t<h2 class=\"elementor-heading-title elementor-size-default\">Solid Pegs V2<\/h2>\t\t\t\t<\/div>\n\t\t\t\t<\/div>\n\t\t\t\t<div class=\"elementor-element elementor-element-6b1f17a elementor-widget elementor-widget-spacer\" data-id=\"6b1f17a\" data-element_type=\"widget\" data-e-type=\"widget\" data-widget_type=\"spacer.default\">\n\t\t\t\t<div class=\"elementor-widget-container\">\n\t\t\t\t\t\t\t<div class=\"elementor-spacer\">\n\t\t\t<div class=\"elementor-spacer-inner\"><\/div>\n\t\t<\/div>\n\t\t\t\t\t\t<\/div>\n\t\t\t\t<\/div>\n\t\t\t\t<div class=\"elementor-element elementor-element-cfb37ca elementor-widget elementor-widget-jet-button\" data-id=\"cfb37ca\" data-element_type=\"widget\" data-e-type=\"widget\" data-widget_type=\"jet-button.default\">\n\t\t\t\t<div class=\"elementor-widget-container\">\n\t\t\t\t\t<div class=\"elementor-jet-button jet-elements\"><div class=\"jet-button__container\">\n\t<a class=\"jet-button__instance jet-button__instance--icon-left hover-effect-0\" href=\"#top\">\n\t\t<div class=\"jet-button__plane jet-button__plane-normal\"><\/div>\n\t\t<div class=\"jet-button__plane jet-button__plane-hover\"><\/div>\n\t\t<div class=\"jet-button__state jet-button__state-normal\">\n\t\t\t<span class=\"jet-button__icon jet-elements-icon\"><i aria-hidden=\"true\" class=\"fas fa-chevron-up\"><\/i><\/span>\t\t<\/div>\n\t\t<div class=\"jet-button__state jet-button__state-hover\">\n\t\t\t<span class=\"jet-button__icon jet-elements-icon\"><i aria-hidden=\"true\" class=\"fas fa-chevron-up\"><\/i><\/span>\t\t<\/div>\n\t<\/a>\n<\/div>\n<\/div>\t\t\t\t<\/div>\n\t\t\t\t<\/div>\n\t\t\t\t\t<\/div>\n\t\t<\/div>\n\t\t\t\t\t<\/div>\n\t\t<\/section>\n\t\t\t\t<\/div>\n\t\t","protected":false},"excerpt":{"rendered":"<p>Grinds agressifs Solid&nbsp;Pegs V2 Les Solid Pegs V2 faits d&rsquo;acier inoxydable sont ultras r\u00e9sistants et assurent des grinds sur toutes les surfaces pour une dur\u00e9e de vie \u00e9lev\u00e9e. 29,90 \u20ac acheter \u00e0 propos des pegs D\u00e9tails \u2022 Mat\u00e9riau: acier inoxydable CNC\u2022 Longueur:\u00a047 mm\u2022 Poids \u00e0 l&rsquo;unit\u00e9:\u00a084 g\u2022 Axes inclus:\u00a01x 60mm, 1x\u00a0 75mm, 1x\u00a0 90mm, 1x\u00a0 [&hellip;]<\/p>\n","protected":false},"author":20,"featured_media":0,"parent":0,"menu_order":0,"comment_status":"closed","ping_status":"open","template":"elementor_header_footer","meta":{"footnotes":""},"class_list":["post-6914","page","type-page","status-publish","hentry"],"_links":{"self":[{"href":"https:\/\/www.anaquda.de\/fr\/wp-json\/wp\/v2\/pages\/6914","targetHints":{"allow":["GET"]}}],"collection":[{"href":"https:\/\/www.anaquda.de\/fr\/wp-json\/wp\/v2\/pages"}],"about":[{"href":"https:\/\/www.anaquda.de\/fr\/wp-json\/wp\/v2\/types\/page"}],"author":[{"embeddable":true,"href":"https:\/\/www.anaquda.de\/fr\/wp-json\/wp\/v2\/users\/20"}],"replies":[{"embeddable":true,"href":"https:\/\/www.anaquda.de\/fr\/wp-json\/wp\/v2\/comments?post=6914"}],"version-history":[{"count":17,"href":"https:\/\/www.anaquda.de\/fr\/wp-json\/wp\/v2\/pages\/6914\/revisions"}],"predecessor-version":[{"id":60514,"href":"https:\/\/www.anaquda.de\/fr\/wp-json\/wp\/v2\/pages\/6914\/revisions\/60514"}],"wp:attachment":[{"href":"https:\/\/www.anaquda.de\/fr\/wp-json\/wp\/v2\/media?parent=6914"}],"curies":[{"name":"wp","href":"https:\/\/api.w.org\/{rel}","templated":true}]}}