{"id":6817,"date":"2020-02-06T11:03:49","date_gmt":"2020-02-06T09:03:49","guid":{"rendered":"https:\/\/www.anaquda.de\/?page_id=6817"},"modified":"2023-03-29T17:49:34","modified_gmt":"2023-03-29T15:49:34","slug":"ams-forks","status":"publish","type":"page","link":"https:\/\/www.anaquda.de\/fr\/ams-forks\/","title":{"rendered":"AMS Fourches"},"content":{"rendered":"\t\t<div data-elementor-type=\"wp-page\" data-elementor-id=\"6817\" class=\"elementor elementor-6817 elementor-4455\" data-elementor-post-type=\"page\">\n\t\t\t\t\t\t<section class=\"elementor-section elementor-top-section elementor-element elementor-element-39038edf elementor-section-boxed elementor-section-height-default elementor-section-height-default\" data-id=\"39038edf\" data-element_type=\"section\" data-e-type=\"section\" id=\"about\" data-settings=\"{&quot;jet_parallax_layout_list&quot;:[{&quot;_id&quot;:&quot;577295b&quot;,&quot;jet_parallax_layout_image&quot;:{&quot;url&quot;:&quot;&quot;,&quot;id&quot;:&quot;&quot;,&quot;size&quot;:&quot;&quot;},&quot;jet_parallax_layout_image_tablet&quot;:{&quot;url&quot;:&quot;&quot;,&quot;id&quot;:&quot;&quot;,&quot;size&quot;:&quot;&quot;},&quot;jet_parallax_layout_image_mobile&quot;:{&quot;url&quot;:&quot;&quot;,&quot;id&quot;:&quot;&quot;,&quot;size&quot;:&quot;&quot;},&quot;jet_parallax_layout_speed&quot;:{&quot;unit&quot;:&quot;%&quot;,&quot;size&quot;:50,&quot;sizes&quot;:[]},&quot;jet_parallax_layout_type&quot;:&quot;scroll&quot;,&quot;jet_parallax_layout_direction&quot;:&quot;1&quot;,&quot;jet_parallax_layout_fx_direction&quot;:null,&quot;jet_parallax_layout_z_index&quot;:&quot;&quot;,&quot;jet_parallax_layout_bg_x&quot;:50,&quot;jet_parallax_layout_bg_x_tablet&quot;:&quot;&quot;,&quot;jet_parallax_layout_bg_x_mobile&quot;:&quot;&quot;,&quot;jet_parallax_layout_bg_y&quot;:50,&quot;jet_parallax_layout_bg_y_tablet&quot;:&quot;&quot;,&quot;jet_parallax_layout_bg_y_mobile&quot;:&quot;&quot;,&quot;jet_parallax_layout_bg_size&quot;:&quot;auto&quot;,&quot;jet_parallax_layout_bg_size_tablet&quot;:&quot;&quot;,&quot;jet_parallax_layout_bg_size_mobile&quot;:&quot;&quot;,&quot;jet_parallax_layout_animation_prop&quot;:&quot;transform&quot;,&quot;jet_parallax_layout_on&quot;:[&quot;desktop&quot;,&quot;tablet&quot;]}]}\">\n\t\t\t\t\t\t<div class=\"elementor-container elementor-column-gap-default\">\n\t\t\t\t\t<div class=\"elementor-column elementor-col-50 elementor-top-column elementor-element elementor-element-7285706\" data-id=\"7285706\" data-element_type=\"column\" data-e-type=\"column\">\n\t\t\t<div class=\"elementor-widget-wrap elementor-element-populated\">\n\t\t\t\t\t\t<div class=\"elementor-element elementor-element-87ccf24 elementor-invisible elementor-widget elementor-widget-image\" data-id=\"87ccf24\" data-element_type=\"widget\" data-e-type=\"widget\" data-settings=\"{&quot;_animation&quot;:&quot;fadeInLeft&quot;,&quot;_animation_delay&quot;:200}\" data-widget_type=\"image.default\">\n\t\t\t\t<div class=\"elementor-widget-container\">\n\t\t\t\t\t\t\t\t\t\t\t\t\t\t\t\t<a href=\"https:\/\/www.anaquda.de\/wp-content\/uploads\/2020\/01\/gro\u00df.jpg\" data-elementor-open-lightbox=\"yes\" data-elementor-lightbox-title=\"gro\u00df\" data-e-action-hash=\"#elementor-action%3Aaction%3Dlightbox%26settings%3DeyJpZCI6NDQzMywidXJsIjoiaHR0cHM6XC9cL3d3dy5hbmFxdWRhLmRlXC93cC1jb250ZW50XC91cGxvYWRzXC8yMDIwXC8wMVwvZ3JvXHUwMGRmLmpwZyJ9\">\n\t\t\t\t\t\t\t<img fetchpriority=\"high\" decoding=\"async\" width=\"1000\" height=\"1000\" src=\"https:\/\/www.anaquda.de\/wp-content\/uploads\/2020\/01\/gro\u00df.jpg\" class=\"attachment-full size-full wp-image-4433\" alt=\"\" srcset=\"https:\/\/www.anaquda.de\/wp-content\/uploads\/2020\/01\/gro\u00df.jpg 1000w, https:\/\/www.anaquda.de\/wp-content\/uploads\/2020\/01\/gro\u00df-150x150.jpg 150w, https:\/\/www.anaquda.de\/wp-content\/uploads\/2020\/01\/gro\u00df-300x300.jpg 300w, https:\/\/www.anaquda.de\/wp-content\/uploads\/2020\/01\/gro\u00df-768x768.jpg 768w\" sizes=\"(max-width: 1000px) 100vw, 1000px\" \/>\t\t\t\t\t\t\t\t<\/a>\n\t\t\t\t\t\t\t\t\t\t\t\t\t\t\t<\/div>\n\t\t\t\t<\/div>\n\t\t\t\t\t<\/div>\n\t\t<\/div>\n\t\t\t\t<div class=\"elementor-column elementor-col-50 elementor-top-column elementor-element elementor-element-7b899d6b\" data-id=\"7b899d6b\" data-element_type=\"column\" data-e-type=\"column\">\n\t\t\t<div class=\"elementor-widget-wrap elementor-element-populated\">\n\t\t\t\t\t\t<div class=\"elementor-element elementor-element-1f551029 elementor-widget elementor-widget-heading\" data-id=\"1f551029\" data-element_type=\"widget\" data-e-type=\"widget\" data-widget_type=\"heading.default\">\n\t\t\t\t<div class=\"elementor-widget-container\">\n\t\t\t\t\t<h2 class=\"elementor-heading-title elementor-size-default\">pour les grosses roues<\/h2>\t\t\t\t<\/div>\n\t\t\t\t<\/div>\n\t\t\t\t<div class=\"elementor-element elementor-element-6beaec26 elementor-widget elementor-widget-jet-headline\" data-id=\"6beaec26\" data-element_type=\"widget\" data-e-type=\"widget\" data-widget_type=\"jet-headline.default\">\n\t\t\t\t<div class=\"elementor-widget-container\">\n\t\t\t\t\t<span class=\"jet-headline jet-headline--direction-horizontal\"><span class=\"jet-headline__part jet-headline__first\"><span class=\"jet-headline__label\">AMS<\/span><\/span><span class=\"jet-headline__space\">&nbsp;<\/span><span class=\"jet-headline__part jet-headline__second\"><span class=\"jet-headline__label\">Fourches<\/span><\/span><\/span>\t\t\t\t<\/div>\n\t\t\t\t<\/div>\n\t\t\t\t<div class=\"elementor-element elementor-element-fb5b0b1 elementor-widget-divider--view-line elementor-invisible elementor-widget elementor-widget-divider\" data-id=\"fb5b0b1\" data-element_type=\"widget\" data-e-type=\"widget\" data-settings=\"{&quot;_animation&quot;:&quot;fadeInRight&quot;,&quot;_animation_delay&quot;:200}\" data-widget_type=\"divider.default\">\n\t\t\t\t<div class=\"elementor-widget-container\">\n\t\t\t\t\t\t\t<div class=\"elementor-divider\">\n\t\t\t<span class=\"elementor-divider-separator\">\n\t\t\t\t\t\t<\/span>\n\t\t<\/div>\n\t\t\t\t\t\t<\/div>\n\t\t\t\t<\/div>\n\t\t\t\t<div class=\"elementor-element elementor-element-5d5e145a elementor-widget elementor-widget-text-editor\" data-id=\"5d5e145a\" data-element_type=\"widget\" data-e-type=\"widget\" data-widget_type=\"text-editor.default\">\n\t\t\t\t<div class=\"elementor-widget-container\">\n\t\t\t\t\t\t\t\t\tLa fourche AMS a \u00e9t\u00e9 pr\u00e9c\u00e9d\u00e9 par 2 diff\u00e9rents prototypes et la version finale combine esth\u00e9tique et solidit\u00e9.\n\nPour 313 grammes, la fourche est con\u00e7ue pour les roues de 30 mm de large. Le trou de l\u2019axe de la roue est usin\u00e9 afin de bloquer l\u2019\u00e9crou pour faciliter le serrage de la roue.\n\nDisponible en noir, blackchrome et copperchrome.\t\t\t\t\t\t\t\t<\/div>\n\t\t\t\t<\/div>\n\t\t\t\t<div class=\"elementor-element elementor-element-6fcac7eb elementor-widget elementor-widget-text-editor\" data-id=\"6fcac7eb\" data-element_type=\"widget\" data-e-type=\"widget\" data-widget_type=\"text-editor.default\">\n\t\t\t\t<div class=\"elementor-widget-container\">\n\t\t\t\t\t\t\t\t\t<div style=\"box-sizing: inherit; margin: 0px -0.9375rem; padding: 0px; max-width: 75rem; display: flex; flex-flow: row wrap; color: #0a0a0a; font-family: 'Roboto Condensed', Helvetica; font-weight: 400; letter-spacing: normal;\"><div style=\"box-sizing: inherit; margin: 0px; padding: 0px 0.9375rem; flex: 0 0 100%; min-width: initial; max-width: 100%;\"><div style=\"box-sizing: inherit; margin: 0px; padding: 0px; font-size: 0.8em;\"><h1 style=\"box-sizing: inherit; font-size: 0.8em; margin-top: 0px; margin-bottom: 0px; padding: 0px;\"><span style=\"font-size: 42px; font-weight: bolder;\"><span style=\"font-size: medium;\">\u00e0 partir de<\/span><\/span><\/h1><h1 style=\"box-sizing: inherit; font-size: 0.8em; margin-top: 0px; margin-bottom: 0px; padding: 0px;\"><span style=\"font-size: 42px; font-weight: bolder;\">59,90 \u20ac<\/span><\/h1><\/div><\/div><\/div>\t\t\t\t\t\t\t\t<\/div>\n\t\t\t\t<\/div>\n\t\t\t\t<div class=\"elementor-element elementor-element-4a8bc820 elementor-align-left elementor-widget elementor-widget-button\" data-id=\"4a8bc820\" data-element_type=\"widget\" data-e-type=\"widget\" data-widget_type=\"button.default\">\n\t\t\t\t<div class=\"elementor-widget-container\">\n\t\t\t\t\t\t\t\t\t<div class=\"elementor-button-wrapper\">\n\t\t\t\t\t<a class=\"elementor-button elementor-button-link elementor-size-sm\" href=\"https:\/\/bit.ly\/3oWYyPO\" target=\"_blank\" rel=\"noopener\">\n\t\t\t\t\t\t<span class=\"elementor-button-content-wrapper\">\n\t\t\t\t\t\t<span class=\"elementor-button-icon\">\n\t\t\t\t<i aria-hidden=\"true\" class=\"fas fa-cart-arrow-down\"><\/i>\t\t\t<\/span>\n\t\t\t\t\t\t\t\t\t<span class=\"elementor-button-text\">acheter<\/span>\n\t\t\t\t\t<\/span>\n\t\t\t\t\t<\/a>\n\t\t\t\t<\/div>\n\t\t\t\t\t\t\t\t<\/div>\n\t\t\t\t<\/div>\n\t\t\t\t\t<\/div>\n\t\t<\/div>\n\t\t\t\t\t<\/div>\n\t\t<\/section>\n\t\t\t\t<section class=\"elementor-section elementor-top-section elementor-element elementor-element-63c5d9 elementor-reverse-mobile elementor-section-boxed elementor-section-height-default elementor-section-height-default\" data-id=\"63c5d9\" data-element_type=\"section\" data-e-type=\"section\" data-settings=\"{&quot;jet_parallax_layout_list&quot;:[{&quot;_id&quot;:&quot;2a6e873&quot;,&quot;jet_parallax_layout_image&quot;:{&quot;url&quot;:&quot;&quot;,&quot;id&quot;:&quot;&quot;,&quot;size&quot;:&quot;&quot;},&quot;jet_parallax_layout_image_tablet&quot;:{&quot;url&quot;:&quot;&quot;,&quot;id&quot;:&quot;&quot;,&quot;size&quot;:&quot;&quot;},&quot;jet_parallax_layout_image_mobile&quot;:{&quot;url&quot;:&quot;&quot;,&quot;id&quot;:&quot;&quot;,&quot;size&quot;:&quot;&quot;},&quot;jet_parallax_layout_speed&quot;:{&quot;unit&quot;:&quot;%&quot;,&quot;size&quot;:50,&quot;sizes&quot;:[]},&quot;jet_parallax_layout_type&quot;:&quot;scroll&quot;,&quot;jet_parallax_layout_direction&quot;:&quot;1&quot;,&quot;jet_parallax_layout_fx_direction&quot;:null,&quot;jet_parallax_layout_z_index&quot;:&quot;&quot;,&quot;jet_parallax_layout_bg_x&quot;:50,&quot;jet_parallax_layout_bg_x_tablet&quot;:&quot;&quot;,&quot;jet_parallax_layout_bg_x_mobile&quot;:&quot;&quot;,&quot;jet_parallax_layout_bg_y&quot;:50,&quot;jet_parallax_layout_bg_y_tablet&quot;:&quot;&quot;,&quot;jet_parallax_layout_bg_y_mobile&quot;:&quot;&quot;,&quot;jet_parallax_layout_bg_size&quot;:&quot;auto&quot;,&quot;jet_parallax_layout_bg_size_tablet&quot;:&quot;&quot;,&quot;jet_parallax_layout_bg_size_mobile&quot;:&quot;&quot;,&quot;jet_parallax_layout_animation_prop&quot;:&quot;transform&quot;,&quot;jet_parallax_layout_on&quot;:[&quot;desktop&quot;,&quot;tablet&quot;]}]}\">\n\t\t\t\t\t\t<div class=\"elementor-container elementor-column-gap-default\">\n\t\t\t\t\t<div class=\"elementor-column elementor-col-50 elementor-top-column elementor-element elementor-element-6adcbcab\" data-id=\"6adcbcab\" data-element_type=\"column\" data-e-type=\"column\">\n\t\t\t<div class=\"elementor-widget-wrap elementor-element-populated\">\n\t\t\t\t\t\t<div class=\"elementor-element elementor-element-2dca1693 elementor-widget elementor-widget-heading\" data-id=\"2dca1693\" data-element_type=\"widget\" data-e-type=\"widget\" data-widget_type=\"heading.default\">\n\t\t\t\t<div class=\"elementor-widget-container\">\n\t\t\t\t\t<h2 class=\"elementor-heading-title elementor-size-default\">\u00e0 propos de la fourche<\/h2>\t\t\t\t<\/div>\n\t\t\t\t<\/div>\n\t\t\t\t<div class=\"elementor-element elementor-element-583c4079 elementor-widget elementor-widget-jet-headline\" data-id=\"583c4079\" data-element_type=\"widget\" data-e-type=\"widget\" data-widget_type=\"jet-headline.default\">\n\t\t\t\t<div class=\"elementor-widget-container\">\n\t\t\t\t\t<span class=\"jet-headline jet-headline--direction-horizontal\"><span class=\"jet-headline__part jet-headline__second\"><span class=\"jet-headline__label\">D\u00e9tails<\/span><\/span><\/span>\t\t\t\t<\/div>\n\t\t\t\t<\/div>\n\t\t\t\t<div class=\"elementor-element elementor-element-71c4b9cf elementor-widget-divider--view-line elementor-invisible elementor-widget elementor-widget-divider\" data-id=\"71c4b9cf\" data-element_type=\"widget\" data-e-type=\"widget\" data-settings=\"{&quot;_animation&quot;:&quot;fadeInLeft&quot;}\" data-widget_type=\"divider.default\">\n\t\t\t\t<div class=\"elementor-widget-container\">\n\t\t\t\t\t\t\t<div class=\"elementor-divider\">\n\t\t\t<span class=\"elementor-divider-separator\">\n\t\t\t\t\t\t<\/span>\n\t\t<\/div>\n\t\t\t\t\t\t<\/div>\n\t\t\t\t<\/div>\n\t\t\t\t<div class=\"elementor-element elementor-element-376404a elementor-widget elementor-widget-text-editor\" data-id=\"376404a\" data-element_type=\"widget\" data-e-type=\"widget\" data-widget_type=\"text-editor.default\">\n\t\t\t\t<div class=\"elementor-widget-container\">\n\t\t\t\t\t\t\t\t\t<span style=\"box-sizing: inherit; font-weight: bold; font-size: 16px; line-height: inherit; color: #0a0a0a; font-family: 'Roboto Condensed', Helvetica; letter-spacing: normal;\"><span style=\"box-sizing: inherit; line-height: inherit;\"><span style=\"box-sizing: inherit; line-height: inherit;\"><span style=\"box-sizing: inherit; line-height: inherit;\"><span style=\"box-sizing: inherit; line-height: inherit;\"><span style=\"color: #0c0c0c; font-family: Oswald, sans-serif; letter-spacing: -0.2px;\">\u2022 Mat\u00e9riau:<\/span><span style=\"color: #0c0c0c; font-family: Oswald, sans-serif; font-weight: 400; letter-spacing: -0.2px;\"> 6061-T6 alloy, 1-pc CNC\n<\/span><span style=\"color: #0c0c0c; font-family: Oswald, sans-serif; letter-spacing: -0.2px;\"><br>\u2022 Longueur du tube:<\/span><span style=\"color: #0c0c0c; font-family: Oswald, sans-serif; font-weight: 400; letter-spacing: -0.2px;\">\u00a0150 mm<\/span><br style=\"color: #0c0c0c; font-family: Oswald, sans-serif; font-weight: 400; letter-spacing: -0.2px;\" \/><span style=\"color: #0c0c0c; font-family: Oswald, sans-serif; letter-spacing: -0.2px;\">\u2022 Diam\u00e8tre max. de la roue:<\/span><span style=\"color: #0c0c0c; font-family: Oswald, sans-serif; font-weight: 400; letter-spacing: -0.2px;\">\u00a0120 mm<\/span><br style=\"color: #0c0c0c; font-family: Oswald, sans-serif; font-weight: 400; letter-spacing: -0.2px;\" \/><span style=\"color: #0c0c0c; font-family: Oswald, sans-serif; letter-spacing: -0.2px;\">\u2022 Largeur max. de la roue<\/span><span style=\"color: #0c0c0c; font-family: Oswald, sans-serif; font-weight: 400; letter-spacing: -0.2px;\">: 30 mm<\/span><span style=\"color: #0c0c0c; font-family: Oswald, sans-serif; font-weight: 400; letter-spacing: -0.2px;\">\n<\/span><span style=\"color: #0c0c0c; font-family: Oswald, sans-serif; letter-spacing: -0.2px;\"><br>\u2022 Couleur:<\/span><span style=\"color: #0c0c0c; font-family: Oswald, sans-serif; font-weight: 400; letter-spacing: -0.2px;\"> Noir \/ Blackchrome \/ Copperchrome<\/span><span style=\"color: #0c0c0c; font-family: Oswald, sans-serif; letter-spacing: -0.2px;\">\n<\/span><\/span><\/span><\/span><\/span><\/span><span style=\"box-sizing: inherit; font-weight: bold; font-size: 16px; line-height: inherit; color: #0a0a0a; font-family: 'Roboto Condensed', Helvetica; letter-spacing: normal;\"><span style=\"box-sizing: inherit; line-height: inherit;\"><span style=\"box-sizing: inherit; line-height: inherit;\"><span style=\"box-sizing: inherit; line-height: inherit;\"><span style=\"box-sizing: inherit; line-height: inherit;\"><span style=\"color: #0c0c0c; font-family: Oswald, sans-serif; letter-spacing: -0.2px;\"><span style=\"box-sizing: inherit; font-weight: bold; font-size: 16px; line-height: inherit; color: #0a0a0a; font-family: 'Roboto Condensed', Helvetica; letter-spacing: normal;\"><span style=\"box-sizing: inherit; line-height: inherit;\"><span style=\"box-sizing: inherit; line-height: inherit;\"><span style=\"box-sizing: inherit; line-height: inherit;\"><span style=\"box-sizing: inherit; line-height: inherit;\"><span style=\"color: #0c0c0c; font-family: Oswald, sans-serif; letter-spacing: -0.2px;\"><br>\u2022 Vis de compression:<\/span><span style=\"color: #0c0c0c; font-family: Oswald, sans-serif; font-weight: 400; letter-spacing: -0.2px;\"> 6mm<\/span><\/span><\/span><\/span><\/span><\/span><\/span><\/span><\/span><\/span><\/span><\/span><span style=\"box-sizing: inherit; font-weight: bold; font-size: 16px; line-height: inherit; color: #0a0a0a; font-family: 'Roboto Condensed', Helvetica; letter-spacing: normal;\"><span style=\"box-sizing: inherit; line-height: inherit;\"><span style=\"box-sizing: inherit; line-height: inherit;\"><span style=\"box-sizing: inherit; line-height: inherit;\"><span style=\"box-sizing: inherit; line-height: inherit;\"><span style=\"color: #0c0c0c; font-family: Oswald, sans-serif; letter-spacing: -0.2px;\">\n<\/span><\/span><\/span><\/span><\/span><\/span><span style=\"box-sizing: inherit; font-weight: bold; font-size: 16px; line-height: inherit; color: #0a0a0a; font-family: 'Roboto Condensed', Helvetica; letter-spacing: normal;\"><span style=\"box-sizing: inherit; line-height: inherit;\"><span style=\"box-sizing: inherit; line-height: inherit;\"><span style=\"box-sizing: inherit; line-height: inherit;\"><span style=\"box-sizing: inherit; line-height: inherit;\"><span style=\"color: #0c0c0c; font-family: Oswald, sans-serif; letter-spacing: -0.2px;\"><span style=\"box-sizing: inherit; font-weight: bold; font-size: 16px; line-height: inherit; color: #0a0a0a; font-family: 'Roboto Condensed', Helvetica; letter-spacing: normal;\"><span style=\"box-sizing: inherit; line-height: inherit;\"><span style=\"box-sizing: inherit; line-height: inherit;\"><span style=\"box-sizing: inherit; line-height: inherit;\"><span style=\"box-sizing: inherit; line-height: inherit;\"><span style=\"color: #0c0c0c; font-family: Oswald, sans-serif; letter-spacing: -0.2px;\">\u2022 Poids:<\/span><span style=\"color: #0c0c0c; font-family: Oswald, sans-serif; font-weight: 400; letter-spacing: -0.2px;\"> 313g<\/span><\/span><\/span><\/span><\/span><\/span><\/span><\/span><\/span><\/span><\/span><\/span>\t\t\t\t\t\t\t\t<\/div>\n\t\t\t\t<\/div>\n\t\t\t\t\t<\/div>\n\t\t<\/div>\n\t\t\t\t<div class=\"elementor-column elementor-col-50 elementor-top-column elementor-element elementor-element-1cf6106b\" data-id=\"1cf6106b\" data-element_type=\"column\" data-e-type=\"column\">\n\t\t\t<div class=\"elementor-widget-wrap elementor-element-populated\">\n\t\t\t\t\t\t<div class=\"elementor-element elementor-element-52bb3e2 elementor-invisible elementor-widget elementor-widget-image\" data-id=\"52bb3e2\" data-element_type=\"widget\" data-e-type=\"widget\" data-settings=\"{&quot;_animation&quot;:&quot;fadeInRight&quot;}\" data-widget_type=\"image.default\">\n\t\t\t\t<div class=\"elementor-widget-container\">\n\t\t\t\t\t\t\t\t\t\t\t\t\t\t\t\t<a href=\"https:\/\/ezentrum-res.cloudinary.com\/images\/v1679659028\/anaquda\/only2-white_4438e9bd7\/only2-white_4438e9bd7.jpg?_i=AA\" data-elementor-open-lightbox=\"yes\" data-elementor-lightbox-title=\"only2-white\" data-e-action-hash=\"#elementor-action%3Aaction%3Dlightbox%26settings%3DeyJpZCI6NDQzOSwidXJsIjoiaHR0cHM6XC9cL3d3dy5hbmFxdWRhLmRlXC93cC1jb250ZW50XC91cGxvYWRzXC8yMDIwXC8wMVwvb25seTItd2hpdGUuanBnIn0%3D\" target=\"_blank\" rel=\"noopener\">\n\t\t\t\t\t\t\t<img decoding=\"async\" width=\"1000\" height=\"1000\" src=\"https:\/\/www.anaquda.de\/wp-content\/uploads\/2020\/01\/only2-white.jpg\" class=\"attachment-full size-full wp-image-4439\" alt=\"\" srcset=\"https:\/\/www.anaquda.de\/wp-content\/uploads\/2020\/01\/only2-white.jpg 1000w, https:\/\/www.anaquda.de\/wp-content\/uploads\/2020\/01\/only2-white-150x150.jpg 150w, https:\/\/www.anaquda.de\/wp-content\/uploads\/2020\/01\/only2-white-300x300.jpg 300w, https:\/\/www.anaquda.de\/wp-content\/uploads\/2020\/01\/only2-white-768x768.jpg 768w\" sizes=\"(max-width: 1000px) 100vw, 1000px\" \/>\t\t\t\t\t\t\t\t<\/a>\n\t\t\t\t\t\t\t\t\t\t\t\t\t\t\t<\/div>\n\t\t\t\t<\/div>\n\t\t\t\t<div class=\"elementor-element elementor-element-29c180c3 elementor-widget elementor-widget-heading\" data-id=\"29c180c3\" data-element_type=\"widget\" data-e-type=\"widget\" data-widget_type=\"heading.default\">\n\t\t\t\t<div class=\"elementor-widget-container\">\n\t\t\t\t\t<h2 class=\"elementor-heading-title elementor-size-default\">specs<\/h2>\t\t\t\t<\/div>\n\t\t\t\t<\/div>\n\t\t\t\t\t<\/div>\n\t\t<\/div>\n\t\t\t\t\t<\/div>\n\t\t<\/section>\n\t\t\t\t<section class=\"elementor-section elementor-top-section elementor-element elementor-element-fe50e3e elementor-section-boxed elementor-section-height-default elementor-section-height-default\" data-id=\"fe50e3e\" data-element_type=\"section\" data-e-type=\"section\" data-settings=\"{&quot;jet_parallax_layout_list&quot;:[{&quot;jet_parallax_layout_image&quot;:{&quot;url&quot;:&quot;&quot;,&quot;id&quot;:&quot;&quot;,&quot;size&quot;:&quot;&quot;},&quot;_id&quot;:&quot;d066581&quot;,&quot;jet_parallax_layout_image_tablet&quot;:{&quot;url&quot;:&quot;&quot;,&quot;id&quot;:&quot;&quot;,&quot;size&quot;:&quot;&quot;},&quot;jet_parallax_layout_image_mobile&quot;:{&quot;url&quot;:&quot;&quot;,&quot;id&quot;:&quot;&quot;,&quot;size&quot;:&quot;&quot;},&quot;jet_parallax_layout_speed&quot;:{&quot;unit&quot;:&quot;%&quot;,&quot;size&quot;:50,&quot;sizes&quot;:[]},&quot;jet_parallax_layout_type&quot;:&quot;scroll&quot;,&quot;jet_parallax_layout_direction&quot;:&quot;1&quot;,&quot;jet_parallax_layout_fx_direction&quot;:null,&quot;jet_parallax_layout_z_index&quot;:&quot;&quot;,&quot;jet_parallax_layout_bg_x&quot;:50,&quot;jet_parallax_layout_bg_x_tablet&quot;:&quot;&quot;,&quot;jet_parallax_layout_bg_x_mobile&quot;:&quot;&quot;,&quot;jet_parallax_layout_bg_y&quot;:50,&quot;jet_parallax_layout_bg_y_tablet&quot;:&quot;&quot;,&quot;jet_parallax_layout_bg_y_mobile&quot;:&quot;&quot;,&quot;jet_parallax_layout_bg_size&quot;:&quot;auto&quot;,&quot;jet_parallax_layout_bg_size_tablet&quot;:&quot;&quot;,&quot;jet_parallax_layout_bg_size_mobile&quot;:&quot;&quot;,&quot;jet_parallax_layout_animation_prop&quot;:&quot;transform&quot;,&quot;jet_parallax_layout_on&quot;:[&quot;desktop&quot;,&quot;tablet&quot;]}]}\">\n\t\t\t\t\t\t<div class=\"elementor-container elementor-column-gap-default\">\n\t\t\t\t\t<div class=\"elementor-column elementor-col-100 elementor-top-column elementor-element elementor-element-c04997c\" data-id=\"c04997c\" data-element_type=\"column\" data-e-type=\"column\">\n\t\t\t<div class=\"elementor-widget-wrap elementor-element-populated\">\n\t\t\t\t\t\t<div class=\"elementor-element elementor-element-61506db elementor-widget elementor-widget-video\" data-id=\"61506db\" data-element_type=\"widget\" data-e-type=\"widget\" data-settings=\"{&quot;youtube_url&quot;:&quot;https:\\\/\\\/www.youtube.com\\\/watch?v=ndYGfQRSsQE&quot;,&quot;video_type&quot;:&quot;youtube&quot;,&quot;controls&quot;:&quot;yes&quot;}\" data-widget_type=\"video.default\">\n\t\t\t\t<div class=\"elementor-widget-container\">\n\t\t\t\t\t\t\t<div class=\"elementor-wrapper elementor-open-inline\">\n\t\t\t<div class=\"elementor-video\"><\/div>\t\t<\/div>\n\t\t\t\t\t\t<\/div>\n\t\t\t\t<\/div>\n\t\t\t\t\t<\/div>\n\t\t<\/div>\n\t\t\t\t\t<\/div>\n\t\t<\/section>\n\t\t\t\t<\/div>\n\t\t","protected":false},"excerpt":{"rendered":"<p>pour les grosses roues AMS&nbsp;Fourches La fourche AMS a \u00e9t\u00e9 pr\u00e9c\u00e9d\u00e9 par 2 diff\u00e9rents prototypes et la version finale combine esth\u00e9tique et solidit\u00e9. Pour 313 grammes, la fourche est con\u00e7ue pour les roues de 30 mm de large. Le trou de l\u2019axe de la roue est usin\u00e9 afin de bloquer l\u2019\u00e9crou pour faciliter le serrage [&hellip;]<\/p>\n","protected":false},"author":20,"featured_media":0,"parent":0,"menu_order":0,"comment_status":"closed","ping_status":"closed","template":"elementor_header_footer","meta":{"footnotes":""},"class_list":["post-6817","page","type-page","status-publish","hentry"],"_links":{"self":[{"href":"https:\/\/www.anaquda.de\/fr\/wp-json\/wp\/v2\/pages\/6817","targetHints":{"allow":["GET"]}}],"collection":[{"href":"https:\/\/www.anaquda.de\/fr\/wp-json\/wp\/v2\/pages"}],"about":[{"href":"https:\/\/www.anaquda.de\/fr\/wp-json\/wp\/v2\/types\/page"}],"author":[{"embeddable":true,"href":"https:\/\/www.anaquda.de\/fr\/wp-json\/wp\/v2\/users\/20"}],"replies":[{"embeddable":true,"href":"https:\/\/www.anaquda.de\/fr\/wp-json\/wp\/v2\/comments?post=6817"}],"version-history":[{"count":19,"href":"https:\/\/www.anaquda.de\/fr\/wp-json\/wp\/v2\/pages\/6817\/revisions"}],"predecessor-version":[{"id":60490,"href":"https:\/\/www.anaquda.de\/fr\/wp-json\/wp\/v2\/pages\/6817\/revisions\/60490"}],"wp:attachment":[{"href":"https:\/\/www.anaquda.de\/fr\/wp-json\/wp\/v2\/media?parent=6817"}],"curies":[{"name":"wp","href":"https:\/\/api.w.org\/{rel}","templated":true}]}}