{"id":6692,"date":"2020-02-04T17:02:11","date_gmt":"2020-02-04T15:02:11","guid":{"rendered":"https:\/\/www.anaquda.de\/?page_id=6692"},"modified":"2024-11-06T11:22:58","modified_gmt":"2024-11-06T09:22:58","slug":"partners","status":"publish","type":"page","link":"https:\/\/www.anaquda.de\/fr\/partners\/","title":{"rendered":"Partenaires"},"content":{"rendered":"\t\t<div data-elementor-type=\"wp-page\" data-elementor-id=\"6692\" class=\"elementor elementor-6692 elementor-28\" data-elementor-post-type=\"page\">\n\t\t\t\t\t\t<section class=\"elementor-section elementor-top-section elementor-element elementor-element-3119e9f6 elementor-section-boxed elementor-section-height-default elementor-section-height-default\" data-id=\"3119e9f6\" data-element_type=\"section\" data-e-type=\"section\" data-settings=\"{&quot;background_background&quot;:&quot;classic&quot;,&quot;jet_parallax_layout_list&quot;:[{&quot;_id&quot;:&quot;20cdc50&quot;,&quot;jet_parallax_layout_image&quot;:{&quot;url&quot;:&quot;&quot;,&quot;id&quot;:&quot;&quot;,&quot;size&quot;:&quot;&quot;},&quot;jet_parallax_layout_image_tablet&quot;:{&quot;url&quot;:&quot;&quot;,&quot;id&quot;:&quot;&quot;,&quot;size&quot;:&quot;&quot;},&quot;jet_parallax_layout_image_mobile&quot;:{&quot;url&quot;:&quot;&quot;,&quot;id&quot;:&quot;&quot;,&quot;size&quot;:&quot;&quot;},&quot;jet_parallax_layout_speed&quot;:{&quot;unit&quot;:&quot;%&quot;,&quot;size&quot;:50,&quot;sizes&quot;:[]},&quot;jet_parallax_layout_type&quot;:&quot;scroll&quot;,&quot;jet_parallax_layout_direction&quot;:&quot;1&quot;,&quot;jet_parallax_layout_fx_direction&quot;:null,&quot;jet_parallax_layout_z_index&quot;:&quot;&quot;,&quot;jet_parallax_layout_bg_x&quot;:50,&quot;jet_parallax_layout_bg_x_tablet&quot;:&quot;&quot;,&quot;jet_parallax_layout_bg_x_mobile&quot;:&quot;&quot;,&quot;jet_parallax_layout_bg_y&quot;:50,&quot;jet_parallax_layout_bg_y_tablet&quot;:&quot;&quot;,&quot;jet_parallax_layout_bg_y_mobile&quot;:&quot;&quot;,&quot;jet_parallax_layout_bg_size&quot;:&quot;auto&quot;,&quot;jet_parallax_layout_bg_size_tablet&quot;:&quot;&quot;,&quot;jet_parallax_layout_bg_size_mobile&quot;:&quot;&quot;,&quot;jet_parallax_layout_animation_prop&quot;:&quot;transform&quot;,&quot;jet_parallax_layout_on&quot;:[&quot;desktop&quot;,&quot;tablet&quot;]}]}\">\n\t\t\t\t\t\t\t<div class=\"elementor-background-overlay\"><\/div>\n\t\t\t\t\t\t\t<div class=\"elementor-container elementor-column-gap-default\">\n\t\t\t\t\t<div class=\"elementor-column elementor-col-100 elementor-top-column elementor-element elementor-element-2fbc121a\" data-id=\"2fbc121a\" data-element_type=\"column\" data-e-type=\"column\">\n\t\t\t<div class=\"elementor-widget-wrap elementor-element-populated\">\n\t\t\t\t\t\t<div class=\"elementor-element elementor-element-70b091d8 elementor-widget elementor-widget-heading\" data-id=\"70b091d8\" data-element_type=\"widget\" data-e-type=\"widget\" data-widget_type=\"heading.default\">\n\t\t\t\t<div class=\"elementor-widget-container\">\n\t\t\t\t\t<h2 class=\"elementor-heading-title elementor-size-default\">Partenaires<\/h2>\t\t\t\t<\/div>\n\t\t\t\t<\/div>\n\t\t\t\t\t<\/div>\n\t\t<\/div>\n\t\t\t\t\t<\/div>\n\t\t<\/section>\n\t\t\t\t<section class=\"elementor-section elementor-top-section elementor-element elementor-element-0e485e5 elementor-section-boxed elementor-section-height-default elementor-section-height-default\" data-id=\"0e485e5\" data-element_type=\"section\" data-e-type=\"section\" data-settings=\"{&quot;jet_parallax_layout_list&quot;:[{&quot;jet_parallax_layout_image&quot;:{&quot;url&quot;:&quot;&quot;,&quot;id&quot;:&quot;&quot;,&quot;size&quot;:&quot;&quot;},&quot;_id&quot;:&quot;de68d72&quot;,&quot;jet_parallax_layout_image_tablet&quot;:{&quot;url&quot;:&quot;&quot;,&quot;id&quot;:&quot;&quot;,&quot;size&quot;:&quot;&quot;},&quot;jet_parallax_layout_image_mobile&quot;:{&quot;url&quot;:&quot;&quot;,&quot;id&quot;:&quot;&quot;,&quot;size&quot;:&quot;&quot;},&quot;jet_parallax_layout_speed&quot;:{&quot;unit&quot;:&quot;%&quot;,&quot;size&quot;:50,&quot;sizes&quot;:[]},&quot;jet_parallax_layout_type&quot;:&quot;scroll&quot;,&quot;jet_parallax_layout_direction&quot;:&quot;1&quot;,&quot;jet_parallax_layout_fx_direction&quot;:null,&quot;jet_parallax_layout_z_index&quot;:&quot;&quot;,&quot;jet_parallax_layout_bg_x&quot;:50,&quot;jet_parallax_layout_bg_x_tablet&quot;:&quot;&quot;,&quot;jet_parallax_layout_bg_x_mobile&quot;:&quot;&quot;,&quot;jet_parallax_layout_bg_y&quot;:50,&quot;jet_parallax_layout_bg_y_tablet&quot;:&quot;&quot;,&quot;jet_parallax_layout_bg_y_mobile&quot;:&quot;&quot;,&quot;jet_parallax_layout_bg_size&quot;:&quot;auto&quot;,&quot;jet_parallax_layout_bg_size_tablet&quot;:&quot;&quot;,&quot;jet_parallax_layout_bg_size_mobile&quot;:&quot;&quot;,&quot;jet_parallax_layout_animation_prop&quot;:&quot;transform&quot;,&quot;jet_parallax_layout_on&quot;:[&quot;desktop&quot;,&quot;tablet&quot;]}]}\">\n\t\t\t\t\t\t<div class=\"elementor-container elementor-column-gap-default\">\n\t\t\t\t\t<div class=\"elementor-column elementor-col-100 elementor-top-column elementor-element elementor-element-8006260\" data-id=\"8006260\" data-element_type=\"column\" data-e-type=\"column\" data-settings=\"{&quot;animation&quot;:&quot;none&quot;}\">\n\t\t\t<div class=\"elementor-widget-wrap elementor-element-populated\">\n\t\t\t\t\t\t<div class=\"elementor-element elementor-element-f6dd22d elementor-widget elementor-widget-text-editor\" data-id=\"f6dd22d\" data-element_type=\"widget\" data-e-type=\"widget\" data-widget_type=\"text-editor.default\">\n\t\t\t\t<div class=\"elementor-widget-container\">\n\t\t\t\t\t\t\t\t\t<h4><br \/>Nos partenaires te conseillent volontiers sur place:<\/h4><p>Tu pr\u00e9f\u00e8res acheter les produits anaquda dans un magasin ou en ligne ?<\/p><p>La sensation d&rsquo;avoir quelque chose entre les mains ou de pouvoir l&rsquo;essayer est tout simplement g\u00e9niale, surtout si tu veux te convaincre de sa qualit\u00e9.<\/p><p>Pour cela, il te suffit de te rendre chez l&rsquo;un de nos partenaires commerciaux et de te laisser conseiller et convaincre !<\/p><p>Si tu es int\u00e9ress\u00e9(e) par la vente de produits anaquda dans ton magasin, n&rsquo;h\u00e9site pas \u00e0 nous contacter.<\/p><p>Par t\u00e9l\u00e9phone au 0049 (0)40 80 80 13 10 0<\/p><p>Par e-mail \u00e0 orders@funsportwelt.de<\/p>\t\t\t\t\t\t\t\t<\/div>\n\t\t\t\t<\/div>\n\t\t\t\t<div class=\"elementor-element elementor-element-c65d56b elementor-widget elementor-widget-jet-brands\" data-id=\"c65d56b\" data-element_type=\"widget\" data-e-type=\"widget\" data-widget_type=\"jet-brands.default\">\n\t\t\t\t<div class=\"elementor-widget-container\">\n\t\t\t\t\t<div class=\"elementor-jet-brands jet-elements\"><div class=\"brands-wrap\">\n\t<div class=\"brands-list col-row\"><div class=\"brands-list__item\"><a class=\"brands-list__item-link\" href=\"https:\/\/www.fantic26.de\/\" target=\"_blank\" rel=\"noopener\"><div class=\"brands-list__item-img-wrap\"><img decoding=\"async\" src=\"https:\/\/ezentrum-res.cloudinary.com\/images\/v1706615130\/anaquda\/fantic_95389af4e\/fantic_95389af4e.jpg?_i=AA\" alt=\"fantic\" class=\"brands-list__item-img\" loading=\"lazy\"><\/div><h5 class=\"brands-list__item-name\"><center><h3>Fantic26 Funsport GmbH<\/h3><\/center><\/h5><div class=\"brands-list__item-desc\">Nordring 38<br>\n42579 Heiligenhaus, Germany<br>\nWebsite: <a href=\"https:\/\/www.fantic26.de\/\" target=\"_blank\" rel=\"noopener\">www.fantic26.de<\/a><br>\nPhone: <a href=\"tel:+4920565995059\">+49 (0) 20 56 599 50 59<\/a>\n\n<\/div><\/a><\/div>\n<div class=\"brands-list__item\"><a class=\"brands-list__item-link\" href=\"https:\/\/bikesnboards.de\" target=\"_blank\" rel=\"noopener\"><div class=\"brands-list__item-img-wrap\"><img decoding=\"async\" src=\"https:\/\/ezentrum-res.cloudinary.com\/images\/v1679590649\/anaquda\/Bnbaoards_12020e46f5\/Bnbaoards_12020e46f5.jpg?_i=AA\" alt=\"Bnbaoards\" class=\"brands-list__item-img\" loading=\"lazy\"><\/div><h5 class=\"brands-list__item-name\"><center><h3>Bikesnboards GmbH<\/h3><\/center><\/h5><div class=\"brands-list__item-desc\">An der Mauer 1<br>\n73614 Schorndorf, Germany <br>\nWebsite: <a href=\"https:\/\/bikesnboards.de\/\/\" target=\"_blank\" rel=\"noopener\">www.bikesnboards.de<\/a><br>\nPhone: <a href=\"tel:+49 0()7151 9827069\">+49 7151 9827069<\/div><\/a><\/div>\n<div class=\"brands-list__item\"><a class=\"brands-list__item-link\" href=\"http:\/\/www.infaction.de\/\" target=\"_blank\" rel=\"noopener\"><div class=\"brands-list__item-img-wrap\"><img decoding=\"async\" src=\"https:\/\/ezentrum-res.cloudinary.com\/images\/v1679586238\/anaquda\/infaction\/infaction.jpg?_i=AA\" alt=\"infaction\" class=\"brands-list__item-img\" loading=\"lazy\"><\/div><h5 class=\"brands-list__item-name\"><center><h3>Infaction Camps<\/h3><\/center><\/h5><div class=\"brands-list__item-desc\">Wolbecker Stra\u00dfe 23<br>\n48291 Telgte, Germany<br>\nWebsite: <a href=\"https:\/\/www.infaction.de\/\" target=\"_blank\" rel=\"noopener\">www.infaction.de<\/a><br>\n\n\nPhone: <a href=\"tel:+49176 43919111\">+49 (0) 176 43919111<\/a>\n\n<\/div><\/a><\/div>\n<div class=\"brands-list__item\"><a class=\"brands-list__item-link\" href=\"https:\/\/stunt-scooter.de\/\" target=\"_blank\" rel=\"noopener\"><div class=\"brands-list__item-img-wrap\"><img decoding=\"async\" src=\"https:\/\/ezentrum-res.cloudinary.com\/images\/v1679586235\/anaquda\/stunt-scooter\/stunt-scooter.jpg?_i=AA\" alt=\"stunt-scooter\" class=\"brands-list__item-img\" loading=\"lazy\"><\/div><h5 class=\"brands-list__item-name\"><center><h3>stunt-scooter.de @ Funsportwelt<\/h3><\/center><\/h5><div class=\"brands-list__item-desc\">Gasstra\u00dfe 16<br>\n22761 Hamburg, Germany<br>\nWebsite: <a href=\"https:\/\/www.stunt-scooter.de\/\" target=\"_blank\" rel=\"noopener\">www.stunt-scooter.de<\/a><br>\nPhone: <a href=\"tel:+494080801310\">+49 (0) 40 80 80 13 10<\/a>\n\n<\/div><\/a><\/div>\n<div class=\"brands-list__item\"><a class=\"brands-list__item-link\" href=\"https:\/\/www.xt-sports.de\/\" target=\"_blank\" rel=\"noopener\"><div class=\"brands-list__item-img-wrap\"><img decoding=\"async\" src=\"https:\/\/ezentrum-res.cloudinary.com\/images\/v1679586225\/anaquda\/xt-sports-01-01\/xt-sports-01-01.jpg?_i=AA\" alt=\"Print\" class=\"brands-list__item-img\" loading=\"lazy\"><\/div><h5 class=\"brands-list__item-name\"><center><h3>XT Sports<\/h3><\/center><\/h5><div class=\"brands-list__item-desc\">Schalkh\u00e4user Str. 102<br>\n91522 Ansbach, Germany<br>\nWebsite: <a href=\"https:\/\/www.xt-sports.de\/\" target=\"_blank\" rel=\"noopener\">www.xt-sports.de<\/a><br>\nPhone: <a href=\"tel:+4998122046646\">+49 (0) 98 12 20 46 646<\/a>\n\n<\/div><\/a><\/div>\n<div class=\"brands-list__item\"><a class=\"brands-list__item-link\" href=\"https:\/\/www.cdk.fr\/\" target=\"_blank\" rel=\"noopener\"><div class=\"brands-list__item-img-wrap\"><img decoding=\"async\" src=\"https:\/\/ezentrum-res.cloudinary.com\/images\/v1706615285\/anaquda\/cdk_7437ecc0a\/cdk_7437ecc0a.jpg?_i=AA\" alt=\"cdk\" class=\"brands-list__item-img\" loading=\"lazy\"><\/div><h5 class=\"brands-list__item-name\"><center><h3>Le Cri Du Kangourou CDK<\/h3><\/h5><div class=\"brands-list__item-desc\">22 Rue Terme<br>\n69001 Lyon, France<br>\nWebsite: <a href=\"https:\/\/www.cdk.fr\/\" target=\"_blank\" rel=\"noopener\">www.cdk.fr<\/a><br>\nPhone: <a href=\"tel:+33472009910\">+33 (0) 4 72 00 99 10<\/a>\n\n<\/div><\/a><\/div>\n<div class=\"brands-list__item\"><a class=\"brands-list__item-link\" href=\"https:\/\/owlride.fr\/\" target=\"_blank\" rel=\"noopener\"><div class=\"brands-list__item-img-wrap\"><img decoding=\"async\" src=\"https:\/\/ezentrum-res.cloudinary.com\/images\/v1679584463\/anaquda\/owl-ride_74251144b\/owl-ride_74251144b.jpg?_i=AA\" alt=\"owl ride\" class=\"brands-list__item-img\" loading=\"lazy\"><\/div><h5 class=\"brands-list__item-name\"><center><h3>Owl Ride Shop<\/h3><\/center><\/h5><div class=\"brands-list__item-desc\">88 Rue Monge<br>\n21000 Dijon, France<br>\nWebsite: <a href=\"https:\/\/owlride.fr\/\" target=\"_blank\" rel=\"noopener\">www.owlride.fr<\/a><br>\nPhone: <a href=\"tel:+33 9 86 07 16 89\">+33 9 86 07 16 89\n\n<\/div><\/a><\/div>\n<div class=\"brands-list__item\"><a class=\"brands-list__item-link\" href=\"https:\/\/www.pro-rider34.com\/\" target=\"_blank\" rel=\"noopener\"><div class=\"brands-list__item-img-wrap\"><img decoding=\"async\" src=\"https:\/\/ezentrum-res.cloudinary.com\/images\/v1679587974\/anaquda\/pro-rider-34-1_95488de0b\/pro-rider-34-1_95488de0b.jpg?_i=AA\" alt=\"pro rider 34\" class=\"brands-list__item-img\" loading=\"lazy\"><\/div><h5 class=\"brands-list__item-name\"><center><h3>Pro Rider 34<\/h3><\/center><\/h5><div class=\"brands-list__item-desc\">7 Rue Raoux<br>\n34000 Montpellier, France<br>\nWebsite: <a href=\"https:\/\/www.pro-rider34.com\/\/\" target=\"_blank\" rel=\"noopener\">www.pro-rider34.com<\/a><br>\nPhone: <a href=\"tel:+33 9 81 76 36 47\">+33 9 81 76 36 47<\/a>\n\n<\/div><\/a><\/div>\n<div class=\"brands-list__item\"><a class=\"brands-list__item-link\" href=\"http:\/\/justsupreme.eu\/\" target=\"_blank\" rel=\"noopener\"><div class=\"brands-list__item-img-wrap\"><img decoding=\"async\" src=\"https:\/\/ezentrum-res.cloudinary.com\/images\/v1679586228\/anaquda\/justsupreme\/justsupreme.jpg?_i=AA\" alt=\"justsupreme\" class=\"brands-list__item-img\" loading=\"lazy\"><\/div><h5 class=\"brands-list__item-name\"><center><h3>Justsupreme<\/h3><\/center><\/h5><div class=\"brands-list__item-desc\">Raekmarken 6<br>\n4300 Holbaek, Denmark<br>\nWebsite: <a href=\"http:\/\/justsupreme.eu\/\/\" target=\"_blank\" rel=\"noopener\">www.justsupreme.eu<\/a><br>\nPhone: <a href=\"tel:+45 28961478\">+45 28961478\n\n<\/div><\/a><\/div>\n<\/div><\/div><\/div>\t\t\t\t<\/div>\n\t\t\t\t<\/div>\n\t\t\t\t\t<\/div>\n\t\t<\/div>\n\t\t\t\t\t<\/div>\n\t\t<\/section>\n\t\t\t\t<\/div>\n\t\t","protected":false},"excerpt":{"rendered":"<p>Partenaires Nos partenaires te conseillent volontiers sur place: Tu pr\u00e9f\u00e8res acheter les produits anaquda dans un magasin ou en ligne ? La sensation d&rsquo;avoir quelque chose entre les mains ou de pouvoir l&rsquo;essayer est tout simplement g\u00e9niale, surtout si tu veux te convaincre de sa qualit\u00e9. Pour cela, il te suffit de te rendre chez [&hellip;]<\/p>\n","protected":false},"author":20,"featured_media":0,"parent":0,"menu_order":0,"comment_status":"open","ping_status":"open","template":"elementor_header_footer","meta":{"footnotes":""},"class_list":["post-6692","page","type-page","status-publish","hentry"],"_links":{"self":[{"href":"https:\/\/www.anaquda.de\/fr\/wp-json\/wp\/v2\/pages\/6692","targetHints":{"allow":["GET"]}}],"collection":[{"href":"https:\/\/www.anaquda.de\/fr\/wp-json\/wp\/v2\/pages"}],"about":[{"href":"https:\/\/www.anaquda.de\/fr\/wp-json\/wp\/v2\/types\/page"}],"author":[{"embeddable":true,"href":"https:\/\/www.anaquda.de\/fr\/wp-json\/wp\/v2\/users\/20"}],"replies":[{"embeddable":true,"href":"https:\/\/www.anaquda.de\/fr\/wp-json\/wp\/v2\/comments?post=6692"}],"version-history":[{"count":42,"href":"https:\/\/www.anaquda.de\/fr\/wp-json\/wp\/v2\/pages\/6692\/revisions"}],"predecessor-version":[{"id":61579,"href":"https:\/\/www.anaquda.de\/fr\/wp-json\/wp\/v2\/pages\/6692\/revisions\/61579"}],"wp:attachment":[{"href":"https:\/\/www.anaquda.de\/fr\/wp-json\/wp\/v2\/media?parent=6692"}],"curies":[{"name":"wp","href":"https:\/\/api.w.org\/{rel}","templated":true}]}}