{"id":11366,"date":"2022-03-14T14:39:13","date_gmt":"2022-03-14T12:39:13","guid":{"rendered":"https:\/\/www.anaquda.de\/v7-park-complete-titanium-edition\/"},"modified":"2023-06-23T12:34:09","modified_gmt":"2023-06-23T10:34:09","slug":"v8-park-complete-titanium-edition","status":"publish","type":"page","link":"https:\/\/www.anaquda.de\/fr\/v8-park-complete-titanium-edition\/","title":{"rendered":"V8 Titanium Edition"},"content":{"rendered":"\t\t<div data-elementor-type=\"wp-page\" data-elementor-id=\"11366\" class=\"elementor elementor-11366 elementor-11338\" data-elementor-post-type=\"page\">\n\t\t\t\t\t\t<section class=\"elementor-section elementor-top-section elementor-element elementor-element-0aad94c elementor-section-boxed elementor-section-height-default elementor-section-height-default\" data-id=\"0aad94c\" data-element_type=\"section\" data-e-type=\"section\" data-settings=\"{&quot;jet_parallax_layout_list&quot;:[{&quot;_id&quot;:&quot;577295b&quot;,&quot;jet_parallax_layout_image&quot;:{&quot;url&quot;:&quot;&quot;,&quot;id&quot;:&quot;&quot;,&quot;size&quot;:&quot;&quot;},&quot;jet_parallax_layout_image_tablet&quot;:{&quot;url&quot;:&quot;&quot;,&quot;id&quot;:&quot;&quot;,&quot;size&quot;:&quot;&quot;},&quot;jet_parallax_layout_image_mobile&quot;:{&quot;url&quot;:&quot;&quot;,&quot;id&quot;:&quot;&quot;,&quot;size&quot;:&quot;&quot;},&quot;jet_parallax_layout_speed&quot;:{&quot;unit&quot;:&quot;%&quot;,&quot;size&quot;:50,&quot;sizes&quot;:[]},&quot;jet_parallax_layout_type&quot;:&quot;scroll&quot;,&quot;jet_parallax_layout_direction&quot;:&quot;1&quot;,&quot;jet_parallax_layout_fx_direction&quot;:null,&quot;jet_parallax_layout_z_index&quot;:&quot;&quot;,&quot;jet_parallax_layout_bg_x&quot;:50,&quot;jet_parallax_layout_bg_x_tablet&quot;:&quot;&quot;,&quot;jet_parallax_layout_bg_x_mobile&quot;:&quot;&quot;,&quot;jet_parallax_layout_bg_y&quot;:50,&quot;jet_parallax_layout_bg_y_tablet&quot;:&quot;&quot;,&quot;jet_parallax_layout_bg_y_mobile&quot;:&quot;&quot;,&quot;jet_parallax_layout_bg_size&quot;:&quot;auto&quot;,&quot;jet_parallax_layout_bg_size_tablet&quot;:&quot;&quot;,&quot;jet_parallax_layout_bg_size_mobile&quot;:&quot;&quot;,&quot;jet_parallax_layout_animation_prop&quot;:&quot;transform&quot;,&quot;jet_parallax_layout_on&quot;:[&quot;desktop&quot;,&quot;tablet&quot;]}]}\">\n\t\t\t\t\t\t<div class=\"elementor-container elementor-column-gap-default\">\n\t\t\t\t\t<div class=\"elementor-column elementor-col-50 elementor-top-column elementor-element elementor-element-0a7c757\" data-id=\"0a7c757\" data-element_type=\"column\" data-e-type=\"column\">\n\t\t\t<div class=\"elementor-widget-wrap elementor-element-populated\">\n\t\t\t\t\t\t<div class=\"elementor-element elementor-element-ab8cf46 elementor-invisible elementor-widget elementor-widget-image\" data-id=\"ab8cf46\" data-element_type=\"widget\" data-e-type=\"widget\" data-settings=\"{&quot;_animation&quot;:&quot;fadeInLeft&quot;,&quot;_animation_delay&quot;:200}\" data-widget_type=\"image.default\">\n\t\t\t\t<div class=\"elementor-widget-container\">\n\t\t\t\t\t\t\t\t\t\t\t\t\t\t\t<img fetchpriority=\"high\" decoding=\"async\" width=\"2560\" height=\"2560\" src=\"https:\/\/www.anaquda.de\/wp-content\/uploads\/2023\/01\/V8_Titan-scaled.jpg\" class=\"attachment-full size-full wp-image-12438\" alt=\"\" srcset=\"https:\/\/www.anaquda.de\/wp-content\/uploads\/2023\/01\/V8_Titan-scaled.jpg 2560w, https:\/\/www.anaquda.de\/wp-content\/uploads\/2023\/01\/V8_Titan-300x300.jpg 300w, https:\/\/www.anaquda.de\/wp-content\/uploads\/2023\/01\/V8_Titan-1024x1024.jpg 1024w, https:\/\/www.anaquda.de\/wp-content\/uploads\/2023\/01\/V8_Titan-150x150.jpg 150w, https:\/\/www.anaquda.de\/wp-content\/uploads\/2023\/01\/V8_Titan-768x768.jpg 768w, https:\/\/www.anaquda.de\/wp-content\/uploads\/2023\/01\/V8_Titan-1536x1536.jpg 1536w, https:\/\/www.anaquda.de\/wp-content\/uploads\/2023\/01\/V8_Titan-2048x2048.jpg 2048w\" sizes=\"(max-width: 2560px) 100vw, 2560px\" \/>\t\t\t\t\t\t\t\t\t\t\t\t\t\t\t<\/div>\n\t\t\t\t<\/div>\n\t\t\t\t\t<\/div>\n\t\t<\/div>\n\t\t\t\t<div class=\"elementor-column elementor-col-50 elementor-top-column elementor-element elementor-element-60cca5d\" data-id=\"60cca5d\" data-element_type=\"column\" data-e-type=\"column\">\n\t\t\t<div class=\"elementor-widget-wrap elementor-element-populated\">\n\t\t\t\t\t\t<div class=\"elementor-element elementor-element-7d5c1e9 elementor-widget elementor-widget-heading\" data-id=\"7d5c1e9\" data-element_type=\"widget\" data-e-type=\"widget\" data-widget_type=\"heading.default\">\n\t\t\t\t<div class=\"elementor-widget-container\">\n\t\t\t\t\t<h2 class=\"elementor-heading-title elementor-size-default\">LIMITED EDITION<\/h2>\t\t\t\t<\/div>\n\t\t\t\t<\/div>\n\t\t\t\t<div class=\"elementor-element elementor-element-30b702a elementor-widget elementor-widget-jet-headline\" data-id=\"30b702a\" data-element_type=\"widget\" data-e-type=\"widget\" data-widget_type=\"jet-headline.default\">\n\t\t\t\t<div class=\"elementor-widget-container\">\n\t\t\t\t\t<span class=\"jet-headline jet-headline--direction-horizontal\"><span class=\"jet-headline__part jet-headline__first\"><span class=\"jet-headline__label\">V8 PARK<\/span><\/span><span class=\"jet-headline__space\">&nbsp;<\/span><span class=\"jet-headline__part jet-headline__second\"><span class=\"jet-headline__label\">TITANIUM EDITION<\/span><\/span><\/span>\t\t\t\t<\/div>\n\t\t\t\t<\/div>\n\t\t\t\t<div class=\"elementor-element elementor-element-010e300 elementor-widget-divider--view-line elementor-invisible elementor-widget elementor-widget-divider\" data-id=\"010e300\" data-element_type=\"widget\" data-e-type=\"widget\" data-settings=\"{&quot;_animation&quot;:&quot;fadeInRight&quot;,&quot;_animation_delay&quot;:200}\" data-widget_type=\"divider.default\">\n\t\t\t\t<div class=\"elementor-widget-container\">\n\t\t\t\t\t\t\t<div class=\"elementor-divider\">\n\t\t\t<span class=\"elementor-divider-separator\">\n\t\t\t\t\t\t<\/span>\n\t\t<\/div>\n\t\t\t\t\t\t<\/div>\n\t\t\t\t<\/div>\n\t\t\t\t<div class=\"elementor-element elementor-element-74f1a5a elementor-widget elementor-widget-text-editor\" data-id=\"74f1a5a\" data-element_type=\"widget\" data-e-type=\"widget\" data-widget_type=\"text-editor.default\">\n\t\t\t\t<div class=\"elementor-widget-container\">\n\t\t\t\t\t\t\t\t\t<p>La trottinette compl\u00e8te anaquda avec barre en titane! Le deck extr\u00eamement stable de 50 x 12 cm avec la forme typique du headtube sert de base. Gr\u00e2ce au cut-out dans le headtube, le logo est visible sur le fork en aluminium. L&rsquo;\u00e9dition sp\u00e9ciale Titan est livr\u00e9e avec des roues blade noires de 120 mm. Gr\u00e2ce \u00e0 la barre en titane, le poids total du scooter est r\u00e9duit et le centre de gravit\u00e9 se d\u00e9place l\u00e9g\u00e8rement vers l&rsquo;arri\u00e8re.<\/p>\t\t\t\t\t\t\t\t<\/div>\n\t\t\t\t<\/div>\n\t\t\t\t<div class=\"elementor-element elementor-element-7e68b28 elementor-widget elementor-widget-text-editor\" data-id=\"7e68b28\" data-element_type=\"widget\" data-e-type=\"widget\" data-widget_type=\"text-editor.default\">\n\t\t\t\t<div class=\"elementor-widget-container\">\n\t\t\t\t\t\t\t\t\t<div class=\"row\" style=\"box-sizing: inherit; margin: 0px -0.9375rem; padding: 0px; max-width: 75rem; display: flex; flex-flow: row wrap; color: #0a0a0a; font-family: 'Roboto Condensed', Helvetica; font-weight: 400; letter-spacing: normal;\">\n<div class=\"small-12 columns\" style=\"box-sizing: inherit; margin: 0px; padding: 0px 0.9375rem; flex: 0 0 100%; min-width: initial; max-width: 100%;\">\n<div id=\"article_no\" style=\"box-sizing: inherit; margin: 0px; padding: 0px; font-size: 0.8em;\"><span style=\"font-size: 42px; font-weight: bolder;\">339,00 \u20ac<\/span><\/div>\n<\/div>\n<\/div>\t\t\t\t\t\t\t\t<\/div>\n\t\t\t\t<\/div>\n\t\t\t\t<div class=\"elementor-element elementor-element-36a745e elementor-align-left elementor-widget elementor-widget-button\" data-id=\"36a745e\" data-element_type=\"widget\" data-e-type=\"widget\" data-widget_type=\"button.default\">\n\t\t\t\t<div class=\"elementor-widget-container\">\n\t\t\t\t\t\t\t\t\t<div class=\"elementor-button-wrapper\">\n\t\t\t\t\t<a class=\"elementor-button elementor-button-link elementor-size-sm\" href=\"https:\/\/www.stunt-scooter.de\/art\/SCO_9669\" target=\"_blank\" rel=\"noopener\">\n\t\t\t\t\t\t<span class=\"elementor-button-content-wrapper\">\n\t\t\t\t\t\t<span class=\"elementor-button-icon\">\n\t\t\t\t<i aria-hidden=\"true\" class=\"fas fa-cart-arrow-down\"><\/i>\t\t\t<\/span>\n\t\t\t\t\t\t\t\t\t<span class=\"elementor-button-text\">jetzt kaufen<\/span>\n\t\t\t\t\t<\/span>\n\t\t\t\t\t<\/a>\n\t\t\t\t<\/div>\n\t\t\t\t\t\t\t\t<\/div>\n\t\t\t\t<\/div>\n\t\t\t\t\t<\/div>\n\t\t<\/div>\n\t\t\t\t\t<\/div>\n\t\t<\/section>\n\t\t\t\t<section class=\"elementor-section elementor-top-section elementor-element elementor-element-12f9ebf elementor-reverse-mobile elementor-section-boxed elementor-section-height-default elementor-section-height-default\" data-id=\"12f9ebf\" data-element_type=\"section\" data-e-type=\"section\" data-settings=\"{&quot;jet_parallax_layout_list&quot;:[{&quot;_id&quot;:&quot;2a6e873&quot;,&quot;jet_parallax_layout_image&quot;:{&quot;url&quot;:&quot;&quot;,&quot;id&quot;:&quot;&quot;,&quot;size&quot;:&quot;&quot;},&quot;jet_parallax_layout_image_tablet&quot;:{&quot;url&quot;:&quot;&quot;,&quot;id&quot;:&quot;&quot;,&quot;size&quot;:&quot;&quot;},&quot;jet_parallax_layout_image_mobile&quot;:{&quot;url&quot;:&quot;&quot;,&quot;id&quot;:&quot;&quot;,&quot;size&quot;:&quot;&quot;},&quot;jet_parallax_layout_speed&quot;:{&quot;unit&quot;:&quot;%&quot;,&quot;size&quot;:50,&quot;sizes&quot;:[]},&quot;jet_parallax_layout_type&quot;:&quot;scroll&quot;,&quot;jet_parallax_layout_direction&quot;:&quot;1&quot;,&quot;jet_parallax_layout_fx_direction&quot;:null,&quot;jet_parallax_layout_z_index&quot;:&quot;&quot;,&quot;jet_parallax_layout_bg_x&quot;:50,&quot;jet_parallax_layout_bg_x_tablet&quot;:&quot;&quot;,&quot;jet_parallax_layout_bg_x_mobile&quot;:&quot;&quot;,&quot;jet_parallax_layout_bg_y&quot;:50,&quot;jet_parallax_layout_bg_y_tablet&quot;:&quot;&quot;,&quot;jet_parallax_layout_bg_y_mobile&quot;:&quot;&quot;,&quot;jet_parallax_layout_bg_size&quot;:&quot;auto&quot;,&quot;jet_parallax_layout_bg_size_tablet&quot;:&quot;&quot;,&quot;jet_parallax_layout_bg_size_mobile&quot;:&quot;&quot;,&quot;jet_parallax_layout_animation_prop&quot;:&quot;transform&quot;,&quot;jet_parallax_layout_on&quot;:[&quot;desktop&quot;,&quot;tablet&quot;]}]}\">\n\t\t\t\t\t\t<div class=\"elementor-container elementor-column-gap-default\">\n\t\t\t\t\t<div class=\"elementor-column elementor-col-50 elementor-top-column elementor-element elementor-element-c1ce373\" data-id=\"c1ce373\" data-element_type=\"column\" data-e-type=\"column\">\n\t\t\t<div class=\"elementor-widget-wrap elementor-element-populated\">\n\t\t\t\t\t\t<div class=\"elementor-element elementor-element-ad21acc elementor-widget elementor-widget-heading\" data-id=\"ad21acc\" data-element_type=\"widget\" data-e-type=\"widget\" data-widget_type=\"heading.default\">\n\t\t\t\t<div class=\"elementor-widget-container\">\n\t\t\t\t\t<h2 class=\"elementor-heading-title elementor-size-default\">\u00dcber den Scooter<\/h2>\t\t\t\t<\/div>\n\t\t\t\t<\/div>\n\t\t\t\t<div class=\"elementor-element elementor-element-ad2d002 elementor-widget elementor-widget-jet-headline\" data-id=\"ad2d002\" data-element_type=\"widget\" data-e-type=\"widget\" data-widget_type=\"jet-headline.default\">\n\t\t\t\t<div class=\"elementor-widget-container\">\n\t\t\t\t\t<span class=\"jet-headline jet-headline--direction-horizontal\"><span class=\"jet-headline__part jet-headline__second\"><span class=\"jet-headline__label\">Details<\/span><\/span><\/span>\t\t\t\t<\/div>\n\t\t\t\t<\/div>\n\t\t\t\t<div class=\"elementor-element elementor-element-99eed07 elementor-widget-divider--view-line elementor-invisible elementor-widget elementor-widget-divider\" data-id=\"99eed07\" data-element_type=\"widget\" data-e-type=\"widget\" data-settings=\"{&quot;_animation&quot;:&quot;fadeInLeft&quot;}\" data-widget_type=\"divider.default\">\n\t\t\t\t<div class=\"elementor-widget-container\">\n\t\t\t\t\t\t\t<div class=\"elementor-divider\">\n\t\t\t<span class=\"elementor-divider-separator\">\n\t\t\t\t\t\t<\/span>\n\t\t<\/div>\n\t\t\t\t\t\t<\/div>\n\t\t\t\t<\/div>\n\t\t\t\t<div class=\"elementor-element elementor-element-94c132b elementor-widget elementor-widget-text-editor\" data-id=\"94c132b\" data-element_type=\"widget\" data-e-type=\"widget\" data-widget_type=\"text-editor.default\">\n\t\t\t\t<div class=\"elementor-widget-container\">\n\t\t\t\t\t\t\t\t\t<p><span style=\"letter-spacing: -0.2px;\"><b>\u2022<\/b> <b>Deck<\/b>:<\/span><span style=\"letter-spacing: -0.2px;\">\u00a0V5 Int\u00e9gr\u00e9 | Longueur : 50 cm | Largeur : 12 cm\u00a0<\/span><span style=\"letter-spacing: -0.2px;\"><br \/><b>\u2022 Jeu de Direction:<\/b>\u00a0<\/span><span style=\"letter-spacing: -0.2px;\">anaquda Int\u00e9gr\u00e9\u00a0<\/span><span style=\"letter-spacing: -0.2px;\"><br \/><b>\u2022<\/b> <b>Fourche:<\/b>\u00a0<\/span><span style=\"letter-spacing: -0.2px;\">anaquda V5 Fork\u00a0<\/span><span style=\"letter-spacing: -0.2px;\"><br \/><b>\u2022 Collier:<\/b><\/span><span style=\"letter-spacing: -0.2px;\">\u00a0anaquda Atrax SCS Clamp\u00a0<\/span><span style=\"letter-spacing: -0.2px;\"><br \/><b>\u2022 Bar:<\/b><\/span><span style=\"letter-spacing: -0.2px;\">\u00a0anaquda Titan Bar | H: 60 cm | W: 58 cm\u00a0<\/span><span style=\"letter-spacing: -0.2px;\"><br \/><b>\u2022 Poign\u00e9es:<\/b><\/span><span style=\"letter-spacing: -0.2px;\">\u00a0anaquda grips\u00a0<\/span><span style=\"letter-spacing: -0.2px;\"><br \/><b>\u2022 Frein:<\/b><\/span><span style=\"letter-spacing: -0.2px;\">\u00a0anaquda Flexbrake V8\u00a0<\/span><span style=\"letter-spacing: -0.2px;\"><br \/><b>\u2022 Roues:<\/b><\/span><span style=\"letter-spacing: -0.2px;\">\u00a0anaquda Blade Wheels V2 120 mm\u00a0<\/span><span style=\"letter-spacing: -0.2px;\"><br \/><b>\u2022 Griptape:<\/b><\/span><span style=\"letter-spacing: -0.2px;\">\u00a0anaquda V8 Park\u00a0<\/span><span style=\"letter-spacing: -0.2px; font-weight: bold;\"><br \/><\/span><span style=\"letter-spacing: -0.2px; font-weight: bold;\"><b>\u2022<\/b> Couleur:<\/span><span style=\"letter-spacing: -0.2px;\">\u00a0Argent<\/span><span style=\"letter-spacing: -0.2px;\">\u00a0<\/span><span style=\"letter-spacing: -0.2px;\"><br \/><b>\u2022 Poids:<\/b><\/span><span style=\"letter-spacing: -0.2px;\">\u00a03,89 kg\/ 3,93 kg\u00a0<\/span><span style=\"letter-spacing: -0.2px;\"><br \/><b>\u2022 Hauteur totale:<\/b><\/span><span style=\"letter-spacing: -0.2px;\">\u00a089 cm<\/span><\/p>\t\t\t\t\t\t\t\t<\/div>\n\t\t\t\t<\/div>\n\t\t\t\t\t<\/div>\n\t\t<\/div>\n\t\t\t\t<div class=\"elementor-column elementor-col-50 elementor-top-column elementor-element elementor-element-b63651f\" data-id=\"b63651f\" data-element_type=\"column\" data-e-type=\"column\">\n\t\t\t<div class=\"elementor-widget-wrap elementor-element-populated\">\n\t\t\t\t\t\t<div class=\"elementor-element elementor-element-82424a6 elementor-invisible elementor-widget elementor-widget-image\" data-id=\"82424a6\" data-element_type=\"widget\" data-e-type=\"widget\" data-settings=\"{&quot;_animation&quot;:&quot;fadeInRight&quot;}\" data-widget_type=\"image.default\">\n\t\t\t\t<div class=\"elementor-widget-container\">\n\t\t\t\t\t\t\t\t\t\t\t\t\t\t\t<img decoding=\"async\" width=\"1000\" height=\"1000\" src=\"https:\/\/www.anaquda.de\/wp-content\/uploads\/2023\/01\/1.jpg\" class=\"attachment-full size-full wp-image-12435\" alt=\"\" srcset=\"https:\/\/www.anaquda.de\/wp-content\/uploads\/2023\/01\/1.jpg 1000w, https:\/\/www.anaquda.de\/wp-content\/uploads\/2023\/01\/1-300x300.jpg 300w, https:\/\/www.anaquda.de\/wp-content\/uploads\/2023\/01\/1-150x150.jpg 150w, https:\/\/www.anaquda.de\/wp-content\/uploads\/2023\/01\/1-768x768.jpg 768w\" sizes=\"(max-width: 1000px) 100vw, 1000px\" \/>\t\t\t\t\t\t\t\t\t\t\t\t\t\t\t<\/div>\n\t\t\t\t<\/div>\n\t\t\t\t<div class=\"elementor-element elementor-element-cf23f82 elementor-widget elementor-widget-heading\" data-id=\"cf23f82\" data-element_type=\"widget\" data-e-type=\"widget\" data-widget_type=\"heading.default\">\n\t\t\t\t<div class=\"elementor-widget-container\">\n\t\t\t\t\t<h2 class=\"elementor-heading-title elementor-size-default\">specs<\/h2>\t\t\t\t<\/div>\n\t\t\t\t<\/div>\n\t\t\t\t\t<\/div>\n\t\t<\/div>\n\t\t\t\t\t<\/div>\n\t\t<\/section>\n\t\t\t\t<section class=\"elementor-section elementor-top-section elementor-element elementor-element-9e17d76 elementor-section-boxed elementor-section-height-default elementor-section-height-default\" data-id=\"9e17d76\" data-element_type=\"section\" data-e-type=\"section\" data-settings=\"{&quot;jet_parallax_layout_list&quot;:[{&quot;jet_parallax_layout_image&quot;:{&quot;url&quot;:&quot;&quot;,&quot;id&quot;:&quot;&quot;,&quot;size&quot;:&quot;&quot;},&quot;_id&quot;:&quot;bf23d67&quot;,&quot;jet_parallax_layout_image_tablet&quot;:{&quot;url&quot;:&quot;&quot;,&quot;id&quot;:&quot;&quot;,&quot;size&quot;:&quot;&quot;},&quot;jet_parallax_layout_image_mobile&quot;:{&quot;url&quot;:&quot;&quot;,&quot;id&quot;:&quot;&quot;,&quot;size&quot;:&quot;&quot;},&quot;jet_parallax_layout_speed&quot;:{&quot;unit&quot;:&quot;%&quot;,&quot;size&quot;:50,&quot;sizes&quot;:[]},&quot;jet_parallax_layout_type&quot;:&quot;scroll&quot;,&quot;jet_parallax_layout_direction&quot;:&quot;1&quot;,&quot;jet_parallax_layout_fx_direction&quot;:null,&quot;jet_parallax_layout_z_index&quot;:&quot;&quot;,&quot;jet_parallax_layout_bg_x&quot;:50,&quot;jet_parallax_layout_bg_x_tablet&quot;:&quot;&quot;,&quot;jet_parallax_layout_bg_x_mobile&quot;:&quot;&quot;,&quot;jet_parallax_layout_bg_y&quot;:50,&quot;jet_parallax_layout_bg_y_tablet&quot;:&quot;&quot;,&quot;jet_parallax_layout_bg_y_mobile&quot;:&quot;&quot;,&quot;jet_parallax_layout_bg_size&quot;:&quot;auto&quot;,&quot;jet_parallax_layout_bg_size_tablet&quot;:&quot;&quot;,&quot;jet_parallax_layout_bg_size_mobile&quot;:&quot;&quot;,&quot;jet_parallax_layout_animation_prop&quot;:&quot;transform&quot;,&quot;jet_parallax_layout_on&quot;:[&quot;desktop&quot;,&quot;tablet&quot;]}]}\">\n\t\t\t\t\t\t<div class=\"elementor-container elementor-column-gap-default\">\n\t\t\t\t\t<div class=\"elementor-column elementor-col-100 elementor-top-column elementor-element elementor-element-c530012\" data-id=\"c530012\" data-element_type=\"column\" data-e-type=\"column\">\n\t\t\t<div class=\"elementor-widget-wrap elementor-element-populated\">\n\t\t\t\t\t\t<div class=\"elementor-element elementor-element-f26f95d elementor-widget elementor-widget-video\" data-id=\"f26f95d\" data-element_type=\"widget\" data-e-type=\"widget\" data-settings=\"{&quot;youtube_url&quot;:&quot;https:\\\/\\\/www.youtube.com\\\/watch?v=QaZWtLRCve8&quot;,&quot;video_type&quot;:&quot;youtube&quot;,&quot;controls&quot;:&quot;yes&quot;}\" data-widget_type=\"video.default\">\n\t\t\t\t<div class=\"elementor-widget-container\">\n\t\t\t\t\t\t\t<div class=\"elementor-wrapper elementor-open-inline\">\n\t\t\t<div class=\"elementor-video\"><\/div>\t\t<\/div>\n\t\t\t\t\t\t<\/div>\n\t\t\t\t<\/div>\n\t\t\t\t\t<\/div>\n\t\t<\/div>\n\t\t\t\t\t<\/div>\n\t\t<\/section>\n\t\t\t\t<\/div>\n\t\t","protected":false},"excerpt":{"rendered":"<p>LIMITED EDITION V8 PARK&nbsp;TITANIUM EDITION La trottinette compl\u00e8te anaquda avec barre en titane! Le deck extr\u00eamement stable de 50 x 12 cm avec la forme typique du headtube sert de base. Gr\u00e2ce au cut-out dans le headtube, le logo est visible sur le fork en aluminium. L&rsquo;\u00e9dition sp\u00e9ciale Titan est livr\u00e9e avec des roues blade [&hellip;]<\/p>\n","protected":false},"author":20,"featured_media":0,"parent":0,"menu_order":0,"comment_status":"closed","ping_status":"closed","template":"elementor_header_footer","meta":{"footnotes":""},"class_list":["post-11366","page","type-page","status-publish","hentry"],"_links":{"self":[{"href":"https:\/\/www.anaquda.de\/fr\/wp-json\/wp\/v2\/pages\/11366","targetHints":{"allow":["GET"]}}],"collection":[{"href":"https:\/\/www.anaquda.de\/fr\/wp-json\/wp\/v2\/pages"}],"about":[{"href":"https:\/\/www.anaquda.de\/fr\/wp-json\/wp\/v2\/types\/page"}],"author":[{"embeddable":true,"href":"https:\/\/www.anaquda.de\/fr\/wp-json\/wp\/v2\/users\/20"}],"replies":[{"embeddable":true,"href":"https:\/\/www.anaquda.de\/fr\/wp-json\/wp\/v2\/comments?post=11366"}],"version-history":[{"count":56,"href":"https:\/\/www.anaquda.de\/fr\/wp-json\/wp\/v2\/pages\/11366\/revisions"}],"predecessor-version":[{"id":61139,"href":"https:\/\/www.anaquda.de\/fr\/wp-json\/wp\/v2\/pages\/11366\/revisions\/61139"}],"wp:attachment":[{"href":"https:\/\/www.anaquda.de\/fr\/wp-json\/wp\/v2\/media?parent=11366"}],"curies":[{"name":"wp","href":"https:\/\/api.w.org\/{rel}","templated":true}]}}